{"id":30484,"date":"2025-02-20T23:30:57","date_gmt":"2025-02-20T22:30:57","guid":{"rendered":"http:\/\/olemosaic.com\/producto\/bol-de-coco-rojo-salamandra-mallorca-3\/"},"modified":"2025-07-25T19:11:57","modified_gmt":"2025-07-25T17:11:57","slug":"taca-de-coco-vermelha-salamandra-maiorca-3","status":"publish","type":"product","link":"https:\/\/olemosaic.com\/pt-pt\/produto\/taca-de-coco-vermelha-salamandra-maiorca-3\/","title":{"rendered":"Ta\u00e7a de coco vermelha. Salamandra. Estilo mediterr\u00e2nico. Maiorca."},"content":{"rendered":"<p>Esta ta\u00e7a de coco vermelha decorada com uma salamandra \u00e9 um aut\u00eantico tesouro de Maiorca, desenhado para quem procura souvenirs que capturam a ess\u00eancia da ilha. Esta preciosa ta\u00e7a apresenta uma vibrante base vermelha, pintada \u00e0 m\u00e3o com um efeito craquelado que adiciona profundidade e car\u00e1ter ao objeto. A figura da salamandra, um s\u00edmbolo emblem\u00e1tico da fauna mediterr\u00e2nica, destaca-se em dourado, proporcionando um apelo visual inigual\u00e1vel. O seu design meticuloso n\u00e3o s\u00f3 real\u00e7a a sua beleza, mas tamb\u00e9m reflete a rica biodiversidade que caracteriza Maiorca.<\/p>\n<p>Ideal como objeto decorativo ou souvenir, esta ta\u00e7a evoca as cores e a vivacidade da ilha, tornando-se um presente memor\u00e1vel para quem deseja levar um peda\u00e7o da cultura maiorquina. A salamandra, al\u00e9m de ser um s\u00edmbolo representativo da natureza local, \u00e9 tamb\u00e9m um motivo apreciado no artesanato da regi\u00e3o. A sua autenticidade e design artesanal tornam-na perfeita para lojas de presentes tur\u00edsticos que desejem oferecer produtos \u00fanicos e de qualidade.<\/p>\n<p>Na Ol\u00e9 Mosaic, especializamo-nos na distribui\u00e7\u00e3o de souvenirs por grosso, e esta ta\u00e7a de coco vermelha \u00e9 uma op\u00e7\u00e3o excelente para se destacar em qualquer montra. Ao escolher o nosso produto, n\u00e3o s\u00f3 leva para casa uma recorda\u00e7\u00e3o, mas uma pe\u00e7a cultural que celebra a tradi\u00e7\u00e3o e a arte de Maiorca, garantindo satisfa\u00e7\u00e3o e autenticidade em cada compra.<\/p>\n","protected":false},"excerpt":{"rendered":"<p>Ta\u00e7a de coco vermelha decorada com uma salamandra, t\u00edpica de Maiorca. Esta bela ta\u00e7a apresenta um design artesanal, pintado \u00e0 m\u00e3o, sobre uma base vermelha vibrante com um efeito craquelado que lhe confere profundidade visual. A figura da salamandra, s\u00edmbolo da fauna mediterr\u00e2nica, destaca-se em dourado, complementando a decora\u00e7\u00e3o. Ideal como objeto decorativo ou recorda\u00e7\u00e3o, evoca a ess\u00eancia e o colorido da ilha.<\/p>\n","protected":false},"featured_media":10116,"template":"","meta":{"_acf_changed":false},"product_brand":[],"product_cat":[513],"product_tag":[516],"class_list":{"0":"post-30484","1":"product","2":"type-product","3":"status-publish","4":"has-post-thumbnail","6":"product_cat-bols","7":"product_tag-animais","8":"pa_ciudad-mallorca","9":"pa_motivo-salamandras","10":"pa_pais-espana","12":"first","13":"instock","14":"shipping-taxable","15":"product-type-simple"},"acf":[],"_links":{"self":[{"href":"https:\/\/olemosaic.com\/pt-pt\/wp-json\/wp\/v2\/product\/30484","targetHints":{"allow":["GET"]}}],"collection":[{"href":"https:\/\/olemosaic.com\/pt-pt\/wp-json\/wp\/v2\/product"}],"about":[{"href":"https:\/\/olemosaic.com\/pt-pt\/wp-json\/wp\/v2\/types\/product"}],"wp:featuredmedia":[{"embeddable":true,"href":"https:\/\/olemosaic.com\/pt-pt\/wp-json\/wp\/v2\/media\/10116"}],"wp:attachment":[{"href":"https:\/\/olemosaic.com\/pt-pt\/wp-json\/wp\/v2\/media?parent=30484"}],"wp:term":[{"taxonomy":"product_brand","embeddable":true,"href":"https:\/\/olemosaic.com\/pt-pt\/wp-json\/wp\/v2\/product_brand?post=30484"},{"taxonomy":"product_cat","embeddable":true,"href":"https:\/\/olemosaic.com\/pt-pt\/wp-json\/wp\/v2\/product_cat?post=30484"},{"taxonomy":"product_tag","embeddable":true,"href":"https:\/\/olemosaic.com\/pt-pt\/wp-json\/wp\/v2\/product_tag?post=30484"}],"curies":[{"name":"wp","href":"https:\/\/api.w.org\/{rel}","templated":true}]}}