{"id":30483,"date":"2025-02-20T23:30:57","date_gmt":"2025-02-20T22:30:57","guid":{"rendered":"http:\/\/olemosaic.com\/producto\/bol-de-coco-rojo-salamandra-gran-canaria\/"},"modified":"2025-07-25T19:18:22","modified_gmt":"2025-07-25T17:18:22","slug":"taca-de-coco-vermelha-salamandra-gran-canaria","status":"publish","type":"product","link":"https:\/\/olemosaic.com\/pt-pt\/produto\/taca-de-coco-vermelha-salamandra-gran-canaria\/","title":{"rendered":"Ta\u00e7a de coco vermelha. Salamandra. Gran Canaria."},"content":{"rendered":"<p>Esta ta\u00e7a de coco vermelha, decorada com uma chamativa salamandra, \u00e9 uma recorda\u00e7\u00e3o excecional que captura a ess\u00eancia cultural de Gran Canaria. A sua vibrante cor vermelha, combinada com motivos em forma de cora\u00e7\u00f5es que rodeiam a base, torna esta pe\u00e7a artesanal visualmente impactante e representativa da alegria e do folclore can\u00e1rio. No centro da ta\u00e7a, destaca-se a figura de uma salamandra, s\u00edmbolo de boa sorte e resili\u00eancia em muitas culturas, acompanhada pelo texto \u201cGran Canaria\u201d, tudo pintado \u00e0 m\u00e3o com uma aten\u00e7\u00e3o ao detalhe que reflete a dedica\u00e7\u00e3o dos artes\u00e3os locais.<\/p>\n<p>A textura e forma do coco conferem uma autenticidade \u00fanica, tornando este objeto uma excelente op\u00e7\u00e3o tanto para decora\u00e7\u00e3o como para colecionar. Esta ta\u00e7a n\u00e3o \u00e9 apenas uma recorda\u00e7\u00e3o, mas uma celebra\u00e7\u00e3o das tradi\u00e7\u00f5es can\u00e1rias, ideal para quem procura souvenirs aut\u00eanticos durante a sua visita \u00e0s ilhas.<\/p>\n<p>Na Ol\u00e9 Mosaic, apaixonamo-nos pela distribui\u00e7\u00e3o de souvenirs por grosso, oferecendo produtos que refletem a heran\u00e7a cultural das suas regi\u00f5es. Esta ta\u00e7a de coco vermelha \u00e9 ideal para lojas de presentes tur\u00edsticos que desejem oferecer artigos distintivos e ricos em significado. Como grossistas de souvenirs de Gran Canaria, garantimos autenticidade e qualidade em cada pe\u00e7a da nossa cole\u00e7\u00e3o.<\/p>\n","protected":false},"excerpt":{"rendered":"<p>Ta\u00e7a de coco vermelha decorada com uma chamativa salamandra, que representa a cultura de Gran Canaria. Este artigo artesanal, elaborado a partir de coco, destaca-se pela sua vibrante cor vermelha e pelos motivos em forma de cora\u00e7\u00f5es que adornam a base. No centro, a figura de uma salamandra junto ao texto \u201cGran Canaria\u201d, ambos pintados \u00e0 m\u00e3o com grande detalhe. Perfeito como souvenir ou elemento decorativo, reflete o encanto do folclore can\u00e1rio.<\/p>\n","protected":false},"featured_media":10220,"template":"","meta":{"_acf_changed":false},"product_brand":[],"product_cat":[513],"product_tag":[516],"class_list":{"0":"post-30483","1":"product","2":"type-product","3":"status-publish","4":"has-post-thumbnail","6":"product_cat-bols","7":"product_tag-animais","8":"pa_ciudad-gran-canaria","9":"pa_motivo-salamandras","10":"pa_pais-espana","12":"first","13":"instock","14":"shipping-taxable","15":"product-type-simple"},"acf":[],"_links":{"self":[{"href":"https:\/\/olemosaic.com\/pt-pt\/wp-json\/wp\/v2\/product\/30483","targetHints":{"allow":["GET"]}}],"collection":[{"href":"https:\/\/olemosaic.com\/pt-pt\/wp-json\/wp\/v2\/product"}],"about":[{"href":"https:\/\/olemosaic.com\/pt-pt\/wp-json\/wp\/v2\/types\/product"}],"wp:featuredmedia":[{"embeddable":true,"href":"https:\/\/olemosaic.com\/pt-pt\/wp-json\/wp\/v2\/media\/10220"}],"wp:attachment":[{"href":"https:\/\/olemosaic.com\/pt-pt\/wp-json\/wp\/v2\/media?parent=30483"}],"wp:term":[{"taxonomy":"product_brand","embeddable":true,"href":"https:\/\/olemosaic.com\/pt-pt\/wp-json\/wp\/v2\/product_brand?post=30483"},{"taxonomy":"product_cat","embeddable":true,"href":"https:\/\/olemosaic.com\/pt-pt\/wp-json\/wp\/v2\/product_cat?post=30483"},{"taxonomy":"product_tag","embeddable":true,"href":"https:\/\/olemosaic.com\/pt-pt\/wp-json\/wp\/v2\/product_tag?post=30483"}],"curies":[{"name":"wp","href":"https:\/\/api.w.org\/{rel}","templated":true}]}}