{"id":30482,"date":"2025-02-20T23:30:57","date_gmt":"2025-02-20T22:30:57","guid":{"rendered":"http:\/\/olemosaic.com\/producto\/bol-de-coco-rojo-salamandra-2\/"},"modified":"2025-07-25T20:40:35","modified_gmt":"2025-07-25T18:40:35","slug":"taca-de-coco-vermelha-salamandra-2","status":"publish","type":"product","link":"https:\/\/olemosaic.com\/pt-pt\/produto\/taca-de-coco-vermelha-salamandra-2\/","title":{"rendered":"Ta\u00e7a de coco vermelha. Salamandra. Espanha. Fundo branco."},"content":{"rendered":"<p>Esta ta\u00e7a de coco vermelha decorada com uma ilustra\u00e7\u00e3o de salamandra \u00e9 uma aut\u00eantica joia do artesanato espanhol, ideal para quem procura recorda\u00e7\u00f5es \u00fanicas e representativas da rica cultura do pa\u00eds. A sua vibrante cor vermelha, que evoca o calor e a energia da tradi\u00e7\u00e3o espanhola, \u00e9 real\u00e7ada por detalhes em branco que emolduram com delicadeza a figura da salamandra, um s\u00edmbolo de transforma\u00e7\u00e3o e renascimento em diversas culturas. A salamandra \u00e9 cuidadosamente desenhada, com linhas limpas e precisas que lhe conferem um efeito visual impactante.<\/p>\n<p>Fabricada artesanalmente em coco, esta ta\u00e7a n\u00e3o \u00e9 apenas um objeto decorativo, mas tamb\u00e9m uma pe\u00e7a funcional que pode ser utilizada para servir aperitivos ou como centro de mesa, conferindo um toque distintivo a qualquer espa\u00e7o. A superf\u00edcie da ta\u00e7a apresenta um design intrincado que combina a simplicidade do material com a riqueza da sua decora\u00e7\u00e3o, tornando cada pe\u00e7a uma obra \u00fanica.<\/p>\n<p>Esta ta\u00e7a de coco \u00e9 um excelente souvenir para turistas que procuram levar para casa um peda\u00e7o de Espanha. Na Ol\u00e9 Mosaic, como grossista de souvenirs, oferecemos produtos aut\u00eanticos que refletem a heran\u00e7a cultural das nossas regi\u00f5es. Ideal para lojas de presentes tur\u00edsticos, esta ta\u00e7a \u00e9 uma representa\u00e7\u00e3o perfeita da fus\u00e3o de arte e funcionalidade, encarnando a ess\u00eancia da tradi\u00e7\u00e3o artesanal espanhola.<\/p>\n","protected":false},"excerpt":{"rendered":"<p>Ta\u00e7a de coco vermelha decorada com uma ilustra\u00e7\u00e3o de salamandra, inspirada na tradi\u00e7\u00e3o artesanal espanhola. Esta exclusiva ta\u00e7a apresenta uma vibrante cor vermelha e detalhes brancos que real\u00e7am a figura da salamandra, rodeada por um delicado design na superf\u00edcie. Fabricada em coco, \u00e9 perfeita para dar um toque distintivo a qualquer espa\u00e7o, combinando funcionalidade e arte numa pe\u00e7a \u00fanica e chamativa.<\/p>\n","protected":false},"featured_media":10055,"template":"","meta":{"_acf_changed":false},"product_brand":[],"product_cat":[513],"product_tag":[516],"class_list":{"0":"post-30482","1":"product","2":"type-product","3":"status-publish","4":"has-post-thumbnail","6":"product_cat-bols","7":"product_tag-animais","8":"pa_motivo-salamandras","10":"first","11":"instock","12":"shipping-taxable","13":"product-type-simple"},"acf":[],"_links":{"self":[{"href":"https:\/\/olemosaic.com\/pt-pt\/wp-json\/wp\/v2\/product\/30482","targetHints":{"allow":["GET"]}}],"collection":[{"href":"https:\/\/olemosaic.com\/pt-pt\/wp-json\/wp\/v2\/product"}],"about":[{"href":"https:\/\/olemosaic.com\/pt-pt\/wp-json\/wp\/v2\/types\/product"}],"wp:featuredmedia":[{"embeddable":true,"href":"https:\/\/olemosaic.com\/pt-pt\/wp-json\/wp\/v2\/media\/10055"}],"wp:attachment":[{"href":"https:\/\/olemosaic.com\/pt-pt\/wp-json\/wp\/v2\/media?parent=30482"}],"wp:term":[{"taxonomy":"product_brand","embeddable":true,"href":"https:\/\/olemosaic.com\/pt-pt\/wp-json\/wp\/v2\/product_brand?post=30482"},{"taxonomy":"product_cat","embeddable":true,"href":"https:\/\/olemosaic.com\/pt-pt\/wp-json\/wp\/v2\/product_cat?post=30482"},{"taxonomy":"product_tag","embeddable":true,"href":"https:\/\/olemosaic.com\/pt-pt\/wp-json\/wp\/v2\/product_tag?post=30482"}],"curies":[{"name":"wp","href":"https:\/\/api.w.org\/{rel}","templated":true}]}}