{"id":30481,"date":"2025-02-20T23:30:57","date_gmt":"2025-02-20T22:30:57","guid":{"rendered":"http:\/\/olemosaic.com\/producto\/bol-de-coco-rojo-tortuga-mallorca-4\/"},"modified":"2025-07-25T19:26:26","modified_gmt":"2025-07-25T17:26:26","slug":"taca-de-coco-vermelha-tartaruga-maiorca-4","status":"publish","type":"product","link":"https:\/\/olemosaic.com\/pt-pt\/produto\/taca-de-coco-vermelha-tartaruga-maiorca-4\/","title":{"rendered":"Ta\u00e7a de coco vermelha. Tartaruga. Maiorca. Baleares."},"content":{"rendered":"<p>Esta ta\u00e7a de coco vermelha, decorada com uma preciosa tartaruga, \u00e9 uma pe\u00e7a singular que evoca a beleza natural de Maiorca. Com o seu vibrante fundo vermelho, a ta\u00e7a \u00e9 um exemplo claro do artesanato tradicional que captura a ess\u00eancia do Mediterr\u00e2neo. No centro, destaca-se uma delicada ilustra\u00e7\u00e3o de uma tartaruga, que simboliza a vida marinha e a riqueza ecol\u00f3gica das costas maiorquinas. A tartaruga est\u00e1 emoldurada por um intrincado design com motivos vegetais, que real\u00e7a a liga\u00e7\u00e3o entre a fauna e a flora local.<\/p>\n<p>A palavra &#8220;MALLORCA&#8221; impressa na parte inferior da ta\u00e7a n\u00e3o s\u00f3 sublinha a sua autenticidade como recorda\u00e7\u00e3o, mas tamb\u00e9m serve como um lembrete da rica heran\u00e7a cultural da ilha. \u00c9 uma pe\u00e7a ideal para quem procura adicionar um toque art\u00edstico e mediterr\u00e2nico ao seu lar, seja como centro de mesa ou como complemento decorativo.<\/p>\n<p>Na Ol\u00e9 Mosaic oferecemos recorda\u00e7\u00f5es de alta qualidade que representam a cultura e a tradi\u00e7\u00e3o de Espanha, e esta ta\u00e7a de coco vermelha \u00e9 uma op\u00e7\u00e3o perfeita para lojas de presentes tur\u00edsticos. Como distribuidores de recorda\u00e7\u00f5es caracter\u00edsticas, garantimos que cada pe\u00e7a que oferecemos n\u00e3o s\u00f3 \u00e9 visualmente atraente, mas tamb\u00e9m culturalmente relevante, ideal para recordar as maravilhas de Maiorca.<\/p>\n","protected":false},"excerpt":{"rendered":"<p>Ta\u00e7a de coco vermelha decorada com uma tartaruga, que representa a beleza de Maiorca. Esta encantadora ta\u00e7a apresenta um vibrante fundo vermelho, real\u00e7ado com um intrincado design que emoldura a ilustra\u00e7\u00e3o de uma tartaruga no centro, acompanhada de elementos vegetais. A palavra &#8220;MALLORCA&#8221; est\u00e1 impressa na parte inferior, acentuando o seu car\u00e1ter local. \u00c9 um produto ideal para adicionar um toque art\u00edstico e mediterr\u00e2nico a qualquer lar.<\/p>\n","protected":false},"featured_media":11784,"template":"","meta":{"_acf_changed":false},"product_brand":[],"product_cat":[513],"product_tag":[516],"class_list":{"0":"post-30481","1":"product","2":"type-product","3":"status-publish","4":"has-post-thumbnail","6":"product_cat-bols","7":"product_tag-animais","8":"pa_ciudad-mallorca","9":"pa_motivo-tartarugas","10":"pa_pais-espana","12":"first","13":"instock","14":"shipping-taxable","15":"product-type-simple"},"acf":[],"_links":{"self":[{"href":"https:\/\/olemosaic.com\/pt-pt\/wp-json\/wp\/v2\/product\/30481","targetHints":{"allow":["GET"]}}],"collection":[{"href":"https:\/\/olemosaic.com\/pt-pt\/wp-json\/wp\/v2\/product"}],"about":[{"href":"https:\/\/olemosaic.com\/pt-pt\/wp-json\/wp\/v2\/types\/product"}],"wp:featuredmedia":[{"embeddable":true,"href":"https:\/\/olemosaic.com\/pt-pt\/wp-json\/wp\/v2\/media\/11784"}],"wp:attachment":[{"href":"https:\/\/olemosaic.com\/pt-pt\/wp-json\/wp\/v2\/media?parent=30481"}],"wp:term":[{"taxonomy":"product_brand","embeddable":true,"href":"https:\/\/olemosaic.com\/pt-pt\/wp-json\/wp\/v2\/product_brand?post=30481"},{"taxonomy":"product_cat","embeddable":true,"href":"https:\/\/olemosaic.com\/pt-pt\/wp-json\/wp\/v2\/product_cat?post=30481"},{"taxonomy":"product_tag","embeddable":true,"href":"https:\/\/olemosaic.com\/pt-pt\/wp-json\/wp\/v2\/product_tag?post=30481"}],"curies":[{"name":"wp","href":"https:\/\/api.w.org\/{rel}","templated":true}]}}