{"id":30480,"date":"2025-02-20T23:30:57","date_gmt":"2025-02-20T22:30:57","guid":{"rendered":"http:\/\/olemosaic.com\/producto\/bol-de-coco-rojo-tortuga-mallorca-3\/"},"modified":"2025-07-25T20:33:02","modified_gmt":"2025-07-25T18:33:02","slug":"taca-de-coco-vermelha-tartaruga-maiorca-3","status":"publish","type":"product","link":"https:\/\/olemosaic.com\/pt-pt\/produto\/taca-de-coco-vermelha-tartaruga-maiorca-3\/","title":{"rendered":"Ta\u00e7a de coco vermelha. Tartaruga. Ilha. Maiorca."},"content":{"rendered":"<p>Esta ta\u00e7a de coco vermelha, decorada com uma requintada tartaruga, \u00e9 um aut\u00eantico souvenir de Maiorca, desenhada para capturar a ess\u00eancia e o encanto desta bela ilha mediterr\u00e2nica. Fabricada de forma artesanal, cada ta\u00e7a apresenta um vibrante fundo preto salpicado de cora\u00e7\u00f5es vermelhos, o que confere um toque moderno e atraente \u00e0 sua est\u00e9tica. No centro, destaca-se a representa\u00e7\u00e3o de uma tartaruga, um s\u00edmbolo da vida marinha que habita as \u00e1guas mediterr\u00e2nicas e que recorda a rica biodiversidade que caracteriza Maiorca. A inscri\u00e7\u00e3o &#8220;MALLORCA&#8221; na parte inferior do desenho enfatiza a sua autenticidade, tornando esta ta\u00e7a uma recorda\u00e7\u00e3o inigual\u00e1vel da regi\u00e3o.<\/p>\n<p>O seu acabamento brilhante n\u00e3o s\u00f3 real\u00e7a as cores vivas, mas tamb\u00e9m a torna um elemento decorativo perfeito para qualquer lar. Esta ta\u00e7a n\u00e3o \u00e9 apenas um objeto funcional, mas serve tamb\u00e9m como uma maravilhosa pe\u00e7a de conversa que transporta quem a possui para o calor e beleza das praias maiorquinas. Na Ol\u00e9 Mosaic, somos especialistas na distribui\u00e7\u00e3o de souvenirs por grosso e oferecemos uma variedade de produtos aut\u00eanticos de Maiorca. Esta ta\u00e7a de coco vermelha \u00e9 uma excelente op\u00e7\u00e3o para lojas de presentes tur\u00edsticos que procuram artigos \u00fanicos e culturalmente significativos, perfeitos para aqueles viajantes que desejam levar um pedacinho da ilha sob a forma de um encantador souvenir.<\/p>\n","protected":false},"excerpt":{"rendered":"<p>Ta\u00e7a de coco vermelha, decorada com um requintado design de tartaruga que evoca o encanto de Maiorca. Fabricada de forma artesanal, esta ta\u00e7a apresenta um fundo preto salpicado de cora\u00e7\u00f5es vermelhos, com uma tartaruga no centro e a inscri\u00e7\u00e3o &#8220;MALLORCA&#8221;. O seu acabamento brilhante e vibrante confere um toque moderno a esta pe\u00e7a tradicional, ideal para completar a sua cole\u00e7\u00e3o de souvenirs ou como um elemento decorativo atraente em qualquer lar.<\/p>\n","protected":false},"featured_media":10268,"template":"","meta":{"_acf_changed":false},"product_brand":[],"product_cat":[513],"product_tag":[516],"class_list":{"0":"post-30480","1":"product","2":"type-product","3":"status-publish","4":"has-post-thumbnail","6":"product_cat-bols","7":"product_tag-animais","8":"pa_ciudad-mallorca","9":"pa_motivo-tartarugas","10":"pa_pais-espana","12":"first","13":"instock","14":"shipping-taxable","15":"product-type-simple"},"acf":[],"_links":{"self":[{"href":"https:\/\/olemosaic.com\/pt-pt\/wp-json\/wp\/v2\/product\/30480","targetHints":{"allow":["GET"]}}],"collection":[{"href":"https:\/\/olemosaic.com\/pt-pt\/wp-json\/wp\/v2\/product"}],"about":[{"href":"https:\/\/olemosaic.com\/pt-pt\/wp-json\/wp\/v2\/types\/product"}],"wp:featuredmedia":[{"embeddable":true,"href":"https:\/\/olemosaic.com\/pt-pt\/wp-json\/wp\/v2\/media\/10268"}],"wp:attachment":[{"href":"https:\/\/olemosaic.com\/pt-pt\/wp-json\/wp\/v2\/media?parent=30480"}],"wp:term":[{"taxonomy":"product_brand","embeddable":true,"href":"https:\/\/olemosaic.com\/pt-pt\/wp-json\/wp\/v2\/product_brand?post=30480"},{"taxonomy":"product_cat","embeddable":true,"href":"https:\/\/olemosaic.com\/pt-pt\/wp-json\/wp\/v2\/product_cat?post=30480"},{"taxonomy":"product_tag","embeddable":true,"href":"https:\/\/olemosaic.com\/pt-pt\/wp-json\/wp\/v2\/product_tag?post=30480"}],"curies":[{"name":"wp","href":"https:\/\/api.w.org\/{rel}","templated":true}]}}