{"id":30424,"date":"2025-02-20T23:30:56","date_gmt":"2025-02-20T22:30:56","guid":{"rendered":"http:\/\/olemosaic.com\/producto\/bol-de-coco-rojo-caballito-de-mar-3\/"},"modified":"2025-07-25T20:24:27","modified_gmt":"2025-07-25T18:24:27","slug":"taca-de-coco-vermelha-cavalo-marinho-3","status":"publish","type":"product","link":"https:\/\/olemosaic.com\/pt-pt\/produto\/taca-de-coco-vermelha-cavalo-marinho-3\/","title":{"rendered":"Ta\u00e7a de coco vermelha. Cavalo-marinho. Estilo mediterr\u00e2nico."},"content":{"rendered":"<p>Esta ta\u00e7a de coco vermelha, decorada com um encantador cavalo-marinho, \u00e9 uma pe\u00e7a \u00fanica que confere um aut\u00eantico toque mediterr\u00e2nico a qualquer casa. A sua cor vermelha vibrante, brilhante e sedutora, capta a aten\u00e7\u00e3o e acrescenta um toque de alegria \u00e0 decora\u00e7\u00e3o de interiores. Pintada \u00e0 m\u00e3o, a ta\u00e7a exibe um design cativante com cora\u00e7\u00f5es e brilhos coloridos, gerando um efeito visual din\u00e2mico e atraente que se destaca em qualquer ambiente. O cavalo-marinho, simb\u00f3lico da vida marinha, apresenta-se elegantemente no centro, simbolizando o amor e a prote\u00e7\u00e3o, o que a torna um presente significativo.<\/p>\n<p>A escolha do coco como material confere \u00e0 ta\u00e7a uma textura natural e ex\u00f3tica, sublinhando a liga\u00e7\u00e3o com o ambiente mediterr\u00e2nico e a sua biodiversidade. Esta recorda\u00e7\u00e3o, que reflete a ess\u00eancia da arte local, \u00e9 mais do que um simples objeto decorativo; \u00e9 uma lembran\u00e7a emblem\u00e1tica das belas paisagens e da rica cultura da regi\u00e3o. Na Ol\u00e9 Mosaic, o nosso compromisso \u00e9 oferecer recorda\u00e7\u00f5es aut\u00eanticas que realcem a identidade cultural da sua origem. Esta ta\u00e7a de coco n\u00e3o \u00e9 apenas uma excelente op\u00e7\u00e3o para turistas que procuram recorda\u00e7\u00f5es representativas, mas tamb\u00e9m se torna um artigo imprescind\u00edvel para lojas de presentes tur\u00edsticos que valorizam o artesanato e a autenticidade nos produtos que oferecem.<\/p>\n","protected":false},"excerpt":{"rendered":"<p>Ta\u00e7a de coco vermelha decorada com um encantador cavalo-marinho, ideal para adicionar um toque mediterr\u00e2nico a qualquer casa. Esta ta\u00e7a destaca-se pela sua cor vermelha vibrante e pelo seu design artesanal, pintado \u00e0 m\u00e3o, que inclui cora\u00e7\u00f5es e brilhos coloridos, criando um efeito visual atraente. A escolha do coco como material confere um ar natural e ex\u00f3tico, tornando esta pe\u00e7a uma bonita recorda\u00e7\u00e3o que reflete a ess\u00eancia da arte local.<\/p>\n","protected":false},"featured_media":10172,"template":"","meta":{"_acf_changed":false},"product_brand":[],"product_cat":[513],"product_tag":[516],"class_list":{"0":"post-30424","1":"product","2":"type-product","3":"status-publish","4":"has-post-thumbnail","6":"product_cat-bols","7":"product_tag-animais","8":"pa_motivo-cavalos-marinhos","10":"first","11":"instock","12":"shipping-taxable","13":"product-type-simple"},"acf":[],"_links":{"self":[{"href":"https:\/\/olemosaic.com\/pt-pt\/wp-json\/wp\/v2\/product\/30424","targetHints":{"allow":["GET"]}}],"collection":[{"href":"https:\/\/olemosaic.com\/pt-pt\/wp-json\/wp\/v2\/product"}],"about":[{"href":"https:\/\/olemosaic.com\/pt-pt\/wp-json\/wp\/v2\/types\/product"}],"wp:featuredmedia":[{"embeddable":true,"href":"https:\/\/olemosaic.com\/pt-pt\/wp-json\/wp\/v2\/media\/10172"}],"wp:attachment":[{"href":"https:\/\/olemosaic.com\/pt-pt\/wp-json\/wp\/v2\/media?parent=30424"}],"wp:term":[{"taxonomy":"product_brand","embeddable":true,"href":"https:\/\/olemosaic.com\/pt-pt\/wp-json\/wp\/v2\/product_brand?post=30424"},{"taxonomy":"product_cat","embeddable":true,"href":"https:\/\/olemosaic.com\/pt-pt\/wp-json\/wp\/v2\/product_cat?post=30424"},{"taxonomy":"product_tag","embeddable":true,"href":"https:\/\/olemosaic.com\/pt-pt\/wp-json\/wp\/v2\/product_tag?post=30424"}],"curies":[{"name":"wp","href":"https:\/\/api.w.org\/{rel}","templated":true}]}}