{"id":30423,"date":"2025-02-20T22:30:56","date_gmt":"2025-02-20T22:30:56","guid":{"rendered":"http:\/\/olemosaic.com\/producto\/bol-de-coco-rojo-caballito-de-mar-barcelona\/"},"modified":"2025-07-25T19:16:49","modified_gmt":"2025-07-25T17:16:49","slug":"taca-de-coco-vermelha-cavalo-marinho-barcelona","status":"publish","type":"product","link":"https:\/\/olemosaic.com\/pt-pt\/produto\/taca-de-coco-vermelha-cavalo-marinho-barcelona\/","title":{"rendered":"Ta\u00e7a de coco vermelha. Cavalo-marinho. Barcelona."},"content":{"rendered":"<p>Esta ta\u00e7a de coco vermelha, decorada com um encantador cavalo-marinho, \u00e9 uma recorda\u00e7\u00e3o emblem\u00e1tica de Barcelona, desenhada para captar a ess\u00eancia vibrante desta cidade ic\u00f3nica. Com um acabamento brilhante, esta atraente ta\u00e7a destaca-se pelo seu fundo vermelho intenso, que evoca a energia mediterr\u00e2nica, enquanto o elegante cavalo-marinho no centro \u00e9 um s\u00edmbolo da rica vida marinha que rodeia a costa catal\u00e3. A pe\u00e7a est\u00e1 rodeada de pequenos cora\u00e7\u00f5es num design delicado que acrescenta um toque rom\u00e2ntico, perfeito para quem procura recordar momentos especiais nesta bela cidade.<\/p>\n<p>O cavalo-marinho, al\u00e9m de ser um atrativo visual, est\u00e1 estreitamente relacionado com o famoso aqu\u00e1rio de Barcelona e a cultura mar\u00edtima que a cidade abra\u00e7a. Esta ta\u00e7a n\u00e3o \u00e9 apenas um elemento decorativo, mas tamb\u00e9m pode ser utilizada funcionalmente em casa, seja como centro de mesa ou para servir aperitivos, conferindo um ar art\u00edstico e cultural a qualquer espa\u00e7o.<\/p>\n<p>Na Ol\u00e9 Mosaic, especializamo-nos na distribui\u00e7\u00e3o de recorda\u00e7\u00f5es por grosso, e esta ta\u00e7a de coco representa perfeitamente a nossa oferta de produtos aut\u00eanticos e de qualidade. \u00c9 uma excelente op\u00e7\u00e3o para lojas de presentes tur\u00edsticos que procuram recorda\u00e7\u00f5es originais de Barcelona, com um design que reflete a riqueza cultural da cidade. Como grossistas de recorda\u00e7\u00f5es, garantimos autenticidade e um estilo \u00fanico em cada um dos nossos produtos.<\/p>\n","protected":false},"excerpt":{"rendered":"<p>Ta\u00e7a de coco vermelha adornada com um encantador cavalo-marinho, que representa a ess\u00eancia de Barcelona. Esta atraente ta\u00e7a plasma um design vibrante com um fundo vermelho e detalhes em preto, destacando um cavalo-marinho no centro, rodeado de pequenos cora\u00e7\u00f5es. Ideal como recorda\u00e7\u00e3o, este artigo combina um acabamento brilhante com um estilo art\u00edstico que reflete a riqueza cultural da cidade. Perfeito para uso decorativo ou como elemento funcional em casa.<\/p>\n","protected":false},"featured_media":10252,"template":"","meta":{"_acf_changed":false},"product_brand":[],"product_cat":[513],"product_tag":[516],"class_list":{"0":"post-30423","1":"product","2":"type-product","3":"status-publish","4":"has-post-thumbnail","6":"product_cat-bols","7":"product_tag-animais","8":"pa_ciudad-barcelona","9":"pa_motivo-cavalos-marinhos","10":"pa_pais-espana","12":"first","13":"instock","14":"shipping-taxable","15":"product-type-simple"},"acf":[],"_links":{"self":[{"href":"https:\/\/olemosaic.com\/pt-pt\/wp-json\/wp\/v2\/product\/30423","targetHints":{"allow":["GET"]}}],"collection":[{"href":"https:\/\/olemosaic.com\/pt-pt\/wp-json\/wp\/v2\/product"}],"about":[{"href":"https:\/\/olemosaic.com\/pt-pt\/wp-json\/wp\/v2\/types\/product"}],"wp:featuredmedia":[{"embeddable":true,"href":"https:\/\/olemosaic.com\/pt-pt\/wp-json\/wp\/v2\/media\/10252"}],"wp:attachment":[{"href":"https:\/\/olemosaic.com\/pt-pt\/wp-json\/wp\/v2\/media?parent=30423"}],"wp:term":[{"taxonomy":"product_brand","embeddable":true,"href":"https:\/\/olemosaic.com\/pt-pt\/wp-json\/wp\/v2\/product_brand?post=30423"},{"taxonomy":"product_cat","embeddable":true,"href":"https:\/\/olemosaic.com\/pt-pt\/wp-json\/wp\/v2\/product_cat?post=30423"},{"taxonomy":"product_tag","embeddable":true,"href":"https:\/\/olemosaic.com\/pt-pt\/wp-json\/wp\/v2\/product_tag?post=30423"}],"curies":[{"name":"wp","href":"https:\/\/api.w.org\/{rel}","templated":true}]}}