{"id":30422,"date":"2025-02-20T22:30:56","date_gmt":"2025-02-20T22:30:56","guid":{"rendered":"http:\/\/olemosaic.com\/producto\/bol-de-coco-rojo-tortuga-tenerife\/"},"modified":"2025-07-25T19:25:48","modified_gmt":"2025-07-25T17:25:48","slug":"taca-de-coco-vermelha-tartaruga-tenerife","status":"publish","type":"product","link":"https:\/\/olemosaic.com\/pt-pt\/produto\/taca-de-coco-vermelha-tartaruga-tenerife\/","title":{"rendered":"Ta\u00e7a de coco vermelha. Tartaruga. Tenerife."},"content":{"rendered":"<p>Esta ta\u00e7a de coco vermelha, decorada com um elegante design de tartaruga, \u00e9 um aut\u00eantico tesouro de Tenerife, perfeito para quem procura uma recorda\u00e7\u00e3o representativa e cheia de significado cultural. Elaborada a partir de cascas de coco recicladas, esta ta\u00e7a destaca-se pelo seu acabamento brilhante e pela sua decora\u00e7\u00e3o vibrante, que inclui motivos de conchas em tons vermelhos que evocam a beleza das praias can\u00e1rias. A imagem central de uma tartaruga, s\u00edmbolo emblem\u00e1tico da vida marinha na regi\u00e3o, real\u00e7a a liga\u00e7\u00e3o com o ecossistema de Tenerife e o respeito pela natureza que caracteriza os seus habitantes.<\/p>\n<p>A palavra &#8220;TENERIFE&#8221; est\u00e1 estrategicamente situada no design, o que n\u00e3o s\u00f3 enfatiza a sua origem, mas tamb\u00e9m a torna uma recorda\u00e7\u00e3o distintiva da ilha. Esta ta\u00e7a n\u00e3o \u00e9 apenas ideal como pe\u00e7a decorativa, mas tamb\u00e9m \u00e9 funcional para o uso di\u00e1rio, permitindo desfrutar de um pedacinho de Tenerife em casa. Cada pe\u00e7a \u00e9 \u00fanica, lo que demonstra a dedica\u00e7\u00e3o artesanal dos criadores locais, tornando-a uma recorda\u00e7\u00e3o aut\u00eantica e carregada de cultura.<\/p>\n<p>Na Ol\u00e9 Mosaic, distribu\u00edmos esta ta\u00e7a de coco vermelha e outras recorda\u00e7\u00f5es aut\u00eanticas por grosso, ideais para lojas de presentes tur\u00edsticos que desejem oferecer aos seus clientes uma experi\u00eancia e uma recorda\u00e7\u00e3o \u00fanicas das Ilhas Can\u00e1rias. Esta ta\u00e7a de tartaruga \u00e9, sem d\u00favida, uma excelente escolha para quem procura um presente memor\u00e1vel e significativo que represente a beleza e a cultura de Tenerife.<\/p>\n","protected":false},"excerpt":{"rendered":"<p>Ta\u00e7a de coco vermelha decorada com um elegante design de tartaruga, t\u00edpico de Tenerife. Esta atraente ta\u00e7a apresenta um acabamento brilhante e est\u00e1 adornada com motivos de conchas em tons avermelhados, que lhe conferem um toque vibrante. A imagem central de uma tartaruga, s\u00edmbolo da vida marinha, \u00e9 acompanhada pela palavra &#8220;TENERIFE&#8221;, real\u00e7ando a sua origem local. Perfeita como pe\u00e7a decorativa ou para o uso di\u00e1rio, combina beleza e cultura num \u00fanico objeto.<\/p>\n","protected":false},"featured_media":11934,"template":"","meta":{"_acf_changed":false},"product_brand":[],"product_cat":[513],"product_tag":[516],"class_list":{"0":"post-30422","1":"product","2":"type-product","3":"status-publish","4":"has-post-thumbnail","6":"product_cat-bols","7":"product_tag-animais","8":"pa_ciudad-tenerife","9":"pa_motivo-tartarugas","10":"pa_pais-espana","12":"first","13":"instock","14":"shipping-taxable","15":"product-type-simple"},"acf":[],"_links":{"self":[{"href":"https:\/\/olemosaic.com\/pt-pt\/wp-json\/wp\/v2\/product\/30422","targetHints":{"allow":["GET"]}}],"collection":[{"href":"https:\/\/olemosaic.com\/pt-pt\/wp-json\/wp\/v2\/product"}],"about":[{"href":"https:\/\/olemosaic.com\/pt-pt\/wp-json\/wp\/v2\/types\/product"}],"wp:featuredmedia":[{"embeddable":true,"href":"https:\/\/olemosaic.com\/pt-pt\/wp-json\/wp\/v2\/media\/11934"}],"wp:attachment":[{"href":"https:\/\/olemosaic.com\/pt-pt\/wp-json\/wp\/v2\/media?parent=30422"}],"wp:term":[{"taxonomy":"product_brand","embeddable":true,"href":"https:\/\/olemosaic.com\/pt-pt\/wp-json\/wp\/v2\/product_brand?post=30422"},{"taxonomy":"product_cat","embeddable":true,"href":"https:\/\/olemosaic.com\/pt-pt\/wp-json\/wp\/v2\/product_cat?post=30422"},{"taxonomy":"product_tag","embeddable":true,"href":"https:\/\/olemosaic.com\/pt-pt\/wp-json\/wp\/v2\/product_tag?post=30422"}],"curies":[{"name":"wp","href":"https:\/\/api.w.org\/{rel}","templated":true}]}}