{"id":30421,"date":"2025-02-20T23:30:55","date_gmt":"2025-02-20T22:30:55","guid":{"rendered":"http:\/\/olemosaic.com\/producto\/bol-de-coco-rojo-caballito-de-mar-2\/"},"modified":"2025-07-25T19:54:15","modified_gmt":"2025-07-25T17:54:15","slug":"taca-de-coco-vermelha-cavalo-marinho-2","status":"publish","type":"product","link":"https:\/\/olemosaic.com\/pt-pt\/produto\/taca-de-coco-vermelha-cavalo-marinho-2\/","title":{"rendered":"Ta\u00e7a de coco vermelha. Cavalo-marinho. Estilo mediterr\u00e2nico. Espanha."},"content":{"rendered":"<p>Esta ta\u00e7a de coco vermelha, adornada com um elegante cavalo-marinho, \u00e9 uma joia artesanal que capta a ess\u00eancia das costas mediterr\u00e2nicas. Confecionada a partir de casca de coco, o seu vibrante interior vermelho destaca-se por um design inovador que simula uma rede dourada, acrescentando um toque de sofistica\u00e7\u00e3o \u00e0 sua apar\u00eancia. O cavalo-marinho, pintado \u00e0 m\u00e3o com detalhes meticulosos, representa a rica fauna marinha do litoral espanhol, tornando esta pe\u00e7a uma recorda\u00e7\u00e3o atraente que evoca as brisas suaves e a beleza das praias mediterr\u00e2nicas.<\/p>\n<p>O toque dourado que envolve o interior da ta\u00e7a complementa perfeitamente os tons quentes do vermelho, criando um contraste visual cativante. Esta ta\u00e7a n\u00e3o \u00e9 apenas um excelente elemento decorativo, mas tamb\u00e9m serve como um presente original e significativo, ideal para quem deseja levar consigo um peda\u00e7o do encantador ambiente costeiro de Espanha. O seu design singular e a sua elabora\u00e7\u00e3o artesanal garantem que cada pe\u00e7a seja \u00fanica, oferecendo aos turistas uma recorda\u00e7\u00e3o aut\u00eantica e cheia de car\u00e1ter cultural.<\/p>\n<p>Na Ol\u00e9 Mosaic, orgulhamo-nos de ser distribuidores de recorda\u00e7\u00f5es aut\u00eanticas e de qualidade. Esta ta\u00e7a de coco \u00e9 uma op\u00e7\u00e3o perfeita para lojas de presentes tur\u00edsticos que procuram artigos que realcem a beleza do patrim\u00f3nio mediterr\u00e2nico e o seu artesanato. Com esta ta\u00e7a, n\u00e3o oferece apenas uma recorda\u00e7\u00e3o, mas tamb\u00e9m uma hist\u00f3ria para celebrar.<\/p>\n","protected":false},"excerpt":{"rendered":"<p>Ta\u00e7a de coco vermelha decorada com um elegante cavalo-marinho, ideal como recorda\u00e7\u00e3o das costas mediterr\u00e2nicas. Este artigo exclusivo, feito de coco, apresenta um vibrante interior vermelho com detalhes dourados intrincados que simulam uma rede. O cavalo-marinho, de design artesanal e pintado \u00e0 m\u00e3o, confere um toque marinho distintivo e art\u00edstico. Perfeito para decorar qualquer espa\u00e7o ou como um presente original que evoca o encanto do litoral espanhol.<\/p>\n","protected":false},"featured_media":10073,"template":"","meta":{"_acf_changed":false},"product_brand":[],"product_cat":[513],"product_tag":[516],"class_list":{"0":"post-30421","1":"product","2":"type-product","3":"status-publish","4":"has-post-thumbnail","6":"product_cat-bols","7":"product_tag-animais","8":"pa_motivo-cavalos-marinhos","10":"first","11":"instock","12":"shipping-taxable","13":"product-type-simple"},"acf":[],"_links":{"self":[{"href":"https:\/\/olemosaic.com\/pt-pt\/wp-json\/wp\/v2\/product\/30421","targetHints":{"allow":["GET"]}}],"collection":[{"href":"https:\/\/olemosaic.com\/pt-pt\/wp-json\/wp\/v2\/product"}],"about":[{"href":"https:\/\/olemosaic.com\/pt-pt\/wp-json\/wp\/v2\/types\/product"}],"wp:featuredmedia":[{"embeddable":true,"href":"https:\/\/olemosaic.com\/pt-pt\/wp-json\/wp\/v2\/media\/10073"}],"wp:attachment":[{"href":"https:\/\/olemosaic.com\/pt-pt\/wp-json\/wp\/v2\/media?parent=30421"}],"wp:term":[{"taxonomy":"product_brand","embeddable":true,"href":"https:\/\/olemosaic.com\/pt-pt\/wp-json\/wp\/v2\/product_brand?post=30421"},{"taxonomy":"product_cat","embeddable":true,"href":"https:\/\/olemosaic.com\/pt-pt\/wp-json\/wp\/v2\/product_cat?post=30421"},{"taxonomy":"product_tag","embeddable":true,"href":"https:\/\/olemosaic.com\/pt-pt\/wp-json\/wp\/v2\/product_tag?post=30421"}],"curies":[{"name":"wp","href":"https:\/\/api.w.org\/{rel}","templated":true}]}}