{"id":30420,"date":"2025-02-20T22:30:55","date_gmt":"2025-02-20T22:30:55","guid":{"rendered":"http:\/\/olemosaic.com\/producto\/bol-de-coco-rojo-caballito-de-mar-menorca\/"},"modified":"2025-07-25T19:42:38","modified_gmt":"2025-07-25T17:42:38","slug":"taca-de-coco-vermelha-cavalo-marinho-menorca","status":"publish","type":"product","link":"https:\/\/olemosaic.com\/pt-pt\/produto\/taca-de-coco-vermelha-cavalo-marinho-menorca\/","title":{"rendered":"Ta\u00e7a de coco vermelha. Cavalo-marinho. Menorca."},"content":{"rendered":"<p>Esta ta\u00e7a de coco vermelha, adornada com um elegante cavalo-marinho, \u00e9 uma recorda\u00e7\u00e3o emblem\u00e1tica de Menorca que capta a ess\u00eancia do Mediterr\u00e2neo em cada detalhe. O seu design \u00fanico apresenta uma delicada combina\u00e7\u00e3o de tons vermelhos e brancos, com um acabamento brilhante que real\u00e7a as suas formas org\u00e2nicas, evocando a beleza natural da ilha. O cavalo-marinho, uma figura emblem\u00e1tica da fauna marinha menorquina, est\u00e1 primorosamente esculpido, simbolizando a liga\u00e7\u00e3o de Menorca com as suas \u00e1guas cristalinas e a sua rica biodiversidade.<\/p>\n<p>A ta\u00e7a n\u00e3o \u00e9 apenas um objeto decorativo, mas tamb\u00e9m funcional, ideal para servir aperitivos e sobremesas em qualquer ocasi\u00e3o. Os detalhes inspirados na flora e fauna marinha rodeiam a pe\u00e7a, acrescentando um toque art\u00edstico que a torna um ponto focal em qualquer casa. Al\u00e9m disso, o seu material de coco confere um acabamento natural e ex\u00f3tico, real\u00e7ando a sua autenticidade como recorda\u00e7\u00e3o t\u00edpica de Menorca.<\/p>\n<p>Na Ol\u00e9 Mosaic, especializamo-nos na distribui\u00e7\u00e3o por grosso de recorda\u00e7\u00f5es aut\u00eanticas, oferecendo \u00e0s lojas de presentes tur\u00edsticos op\u00e7\u00f5es de qualidade que refletem a riqueza cultural de Espanha. Esta ta\u00e7a de coco vermelha \u00e9 uma excelente escolha para quem procura recorda\u00e7\u00f5es \u00fanicas e representativas de Menorca, combinando arte, funcionalidade e tradi\u00e7\u00e3o numa \u00fanica pe\u00e7a.<\/p>\n","protected":false},"excerpt":{"rendered":"<p>Ta\u00e7a de coco vermelha decorada com um elegante cavalo-marinho, um s\u00edmbolo de Menorca. Esta atraente ta\u00e7a exibe uma delicada combina\u00e7\u00e3o de tons vermelhos e brancos, com um acabamento brilhante que real\u00e7a as suas formas org\u00e2nicas. O design inclui detalhes inspirados na flora e fauna marinha, e o seu material de coco confere-lhe um toque natural e ex\u00f3tico. Ideal como elemento decorativo ou para servir aperitivos em qualquer casa, captando a ess\u00eancia mediterr\u00e2nica.<\/p>\n","protected":false},"featured_media":11906,"template":"","meta":{"_acf_changed":false},"product_brand":[],"product_cat":[513],"product_tag":[516],"class_list":{"0":"post-30420","1":"product","2":"type-product","3":"status-publish","4":"has-post-thumbnail","6":"product_cat-bols","7":"product_tag-animais","8":"pa_ciudad-menorca","9":"pa_motivo-cavalos-marinhos","10":"pa_pais-espana","12":"first","13":"instock","14":"shipping-taxable","15":"product-type-simple"},"acf":[],"_links":{"self":[{"href":"https:\/\/olemosaic.com\/pt-pt\/wp-json\/wp\/v2\/product\/30420","targetHints":{"allow":["GET"]}}],"collection":[{"href":"https:\/\/olemosaic.com\/pt-pt\/wp-json\/wp\/v2\/product"}],"about":[{"href":"https:\/\/olemosaic.com\/pt-pt\/wp-json\/wp\/v2\/types\/product"}],"wp:featuredmedia":[{"embeddable":true,"href":"https:\/\/olemosaic.com\/pt-pt\/wp-json\/wp\/v2\/media\/11906"}],"wp:attachment":[{"href":"https:\/\/olemosaic.com\/pt-pt\/wp-json\/wp\/v2\/media?parent=30420"}],"wp:term":[{"taxonomy":"product_brand","embeddable":true,"href":"https:\/\/olemosaic.com\/pt-pt\/wp-json\/wp\/v2\/product_brand?post=30420"},{"taxonomy":"product_cat","embeddable":true,"href":"https:\/\/olemosaic.com\/pt-pt\/wp-json\/wp\/v2\/product_cat?post=30420"},{"taxonomy":"product_tag","embeddable":true,"href":"https:\/\/olemosaic.com\/pt-pt\/wp-json\/wp\/v2\/product_tag?post=30420"}],"curies":[{"name":"wp","href":"https:\/\/api.w.org\/{rel}","templated":true}]}}