{"id":30419,"date":"2025-02-20T23:30:55","date_gmt":"2025-02-20T22:30:55","guid":{"rendered":"http:\/\/olemosaic.com\/producto\/bol-de-coco-rojo-caballito-de-mar-mallorca-2\/"},"modified":"2025-07-25T19:38:19","modified_gmt":"2025-07-25T17:38:19","slug":"taca-de-coco-vermelha-cavalo-marinho-maiorca-2","status":"publish","type":"product","link":"https:\/\/olemosaic.com\/pt-pt\/produto\/taca-de-coco-vermelha-cavalo-marinho-maiorca-2\/","title":{"rendered":"Ta\u00e7a de coco vermelha. Cavalo-marinho. Maiorca. Baleares."},"content":{"rendered":"<p>Esta ta\u00e7a de coco vermelha, decorada com um elegante cavalo-marinho, \u00e9 um s\u00edmbolo encantador da beleza de Maiorca. Com o seu vibrante fundo vermelho e um acabamento brilhante que a faz destacar, capta a luz de forma cativante. No centro, a silhueta do cavalo-marinho desenha-se delicadamente numa elegante cor dourada, uma homenagem \u00e0 rica vida marinha que rodeia a ilha. Justo por baixo do cavalo-marinho, o texto &#8220;MALLORCA&#8221; apresenta-se de forma proeminente, refor\u00e7ando a sua liga\u00e7\u00e3o com esta m\u00e1gica regi\u00e3o do Mediterr\u00e2neo.<\/p>\n<p>A borda da ta\u00e7a est\u00e1 delicadamente adornada com uma moldura de mosaicos coloridos que conferem um toque art\u00edstico e aut\u00eantico, representativo da tradi\u00e7\u00e3o mairoquina da produ\u00e7\u00e3o artesanal de cer\u00e2mica. Este design n\u00e3o s\u00f3 d\u00e1 car\u00e1cter \u00e0 ta\u00e7a, como tamb\u00e9m \u00e9 um excelente exemplo do atraente folclore e dos costumes culturais de Maiorca, onde o mar e a sua fauna fazem parte da vida quotidiana.<\/p>\n<p>Ideal como souvenir ou para adicionar um acento mediterr\u00e2nico a qualquer espa\u00e7o, esta ta\u00e7a de coco vermelha \u00e9 uma excelente op\u00e7\u00e3o para os turistas que procuram uma recorda\u00e7\u00e3o aut\u00eantica e significativa da sua visita \u00e0 ilha. Na Ol\u00e9 Mosaic, especializamo-nos na distribui\u00e7\u00e3o de souvenirs por grosso, e esta ta\u00e7a encapsula a ess\u00eancia de Maiorca, tornando-se uma pe\u00e7a perfeita para lojas de presentes tur\u00edsticos que desejem oferecer produtos \u00fanicos e de qualidade.<\/p>\n","protected":false},"excerpt":{"rendered":"<p>Ta\u00e7a de coco vermelha decorada com um elegante cavalo-marinho, inspirada na beleza de Maiorca. Esta atraente ta\u00e7a, fabricada em coco, apresenta um vibrante fundo vermelho com um acabamento brilhante, que real\u00e7a o seu design muito especial. A silhueta do cavalo-marinho destaca-se no centro, acompanhada pelo texto &#8220;MALLORCA&#8221;, tudo emoldurado com um mosaico que adiciona um toque aut\u00eantico e colorido \u00e0 sua decora\u00e7\u00e3o. Ideal como recorda\u00e7\u00e3o ou para dar um toque mediterr\u00e2nico a qualquer espa\u00e7o.<\/p>\n","protected":false},"featured_media":11776,"template":"","meta":{"_acf_changed":false},"product_brand":[],"product_cat":[513],"product_tag":[516],"class_list":{"0":"post-30419","1":"product","2":"type-product","3":"status-publish","4":"has-post-thumbnail","6":"product_cat-bols","7":"product_tag-animais","8":"pa_ciudad-mallorca","9":"pa_motivo-cavalos-marinhos","10":"pa_pais-espana","12":"first","13":"instock","14":"shipping-taxable","15":"product-type-simple"},"acf":[],"_links":{"self":[{"href":"https:\/\/olemosaic.com\/pt-pt\/wp-json\/wp\/v2\/product\/30419","targetHints":{"allow":["GET"]}}],"collection":[{"href":"https:\/\/olemosaic.com\/pt-pt\/wp-json\/wp\/v2\/product"}],"about":[{"href":"https:\/\/olemosaic.com\/pt-pt\/wp-json\/wp\/v2\/types\/product"}],"wp:featuredmedia":[{"embeddable":true,"href":"https:\/\/olemosaic.com\/pt-pt\/wp-json\/wp\/v2\/media\/11776"}],"wp:attachment":[{"href":"https:\/\/olemosaic.com\/pt-pt\/wp-json\/wp\/v2\/media?parent=30419"}],"wp:term":[{"taxonomy":"product_brand","embeddable":true,"href":"https:\/\/olemosaic.com\/pt-pt\/wp-json\/wp\/v2\/product_brand?post=30419"},{"taxonomy":"product_cat","embeddable":true,"href":"https:\/\/olemosaic.com\/pt-pt\/wp-json\/wp\/v2\/product_cat?post=30419"},{"taxonomy":"product_tag","embeddable":true,"href":"https:\/\/olemosaic.com\/pt-pt\/wp-json\/wp\/v2\/product_tag?post=30419"}],"curies":[{"name":"wp","href":"https:\/\/api.w.org\/{rel}","templated":true}]}}