{"id":30418,"date":"2025-02-20T23:30:55","date_gmt":"2025-02-20T22:30:55","guid":{"rendered":"http:\/\/olemosaic.com\/producto\/bol-de-coco-rojo-caballito-de-mar\/"},"modified":"2025-07-25T20:13:12","modified_gmt":"2025-07-25T18:13:12","slug":"taca-de-coco-vermelha-cavalo-marinho","status":"publish","type":"product","link":"https:\/\/olemosaic.com\/pt-pt\/produto\/taca-de-coco-vermelha-cavalo-marinho\/","title":{"rendered":"Ta\u00e7a de coco vermelha. Cavalo-marinho."},"content":{"rendered":"<p>Esta ta\u00e7a de coco vermelha, decorada com um delicado cavalo-marinho, \u00e9 uma pe\u00e7a artesanal \u00fanica, ideal para adicionar um toque art\u00edstico e cultural a qualquer espa\u00e7o. O seu design elegante destaca-se pelos mosaicos vermelhos, que evocam a profundidade e a vibrante beleza do mar, criando um contraste visual impactante com a suave curva da pe\u00e7a. O interior da ta\u00e7a apresenta um acabamento brilhante que real\u00e7a a imagem central: um cavalo-marinho pintado \u00e0 m\u00e3o em sofisticados tons dourados. Este detalhe n\u00e3o s\u00f3 embeleza a ta\u00e7a, como tamb\u00e9m simboliza a liga\u00e7\u00e3o com o mundo marinho, t\u00e3o importante nas culturas costeiras.<\/p>\n<p>Feita \u00e0 m\u00e3o por artes\u00e3os locais, esta ta\u00e7a combina funcionalidade e decora\u00e7\u00e3o, resultando perfeita tanto como elemento decorativo numa estante como para servir aperitivos numa reuni\u00e3o. Este souvenir representa a rica tradi\u00e7\u00e3o artesanal de Espanha e Portugal, onde a arte do mosaico e a tem\u00e1tica marinha fazem parte do patrim\u00f3nio cultural.<\/p>\n<p>Na Ol\u00e9 Mosaic, especializamo-nos na distribui\u00e7\u00e3o de souvenirs por grosso, e esta ta\u00e7a de coco vermelha \u00e9 uma excelente op\u00e7\u00e3o para lojas de presentes tur\u00edsticos que procuram produtos aut\u00eanticos e de qualidade. Oferecemos uma variedade de souvenirs que captam a ess\u00eancia da regi\u00e3o, perfeitos para os viajantes que desejem levar consigo um peda\u00e7o da cultura mar\u00edtima.<\/p>\n","protected":false},"excerpt":{"rendered":"<p>Ta\u00e7a de coco vermelha decorada com um delicado cavalo-marinho, ideal para dar um toque art\u00edstico e cultural a qualquer espa\u00e7o. Este produto artesanal apresenta um design elegante com mosaicos vermelhos que evocam o mar e as suas criaturas, real\u00e7ando a sua forma curva. O cavalo-marinho, de design artesanal, pintado \u00e0 m\u00e3o em tons dourados sobre uma base brilhante, confere um acabamento sofisticado. Perfeita como elemento decorativo ou para uso funcional.<\/p>\n","protected":false},"featured_media":11838,"template":"","meta":{"_acf_changed":false},"product_brand":[],"product_cat":[513],"product_tag":[516],"class_list":{"0":"post-30418","1":"product","2":"type-product","3":"status-publish","4":"has-post-thumbnail","6":"product_cat-bols","7":"product_tag-animais","8":"pa_motivo-cavalos-marinhos","10":"first","11":"instock","12":"shipping-taxable","13":"product-type-simple"},"acf":[],"_links":{"self":[{"href":"https:\/\/olemosaic.com\/pt-pt\/wp-json\/wp\/v2\/product\/30418","targetHints":{"allow":["GET"]}}],"collection":[{"href":"https:\/\/olemosaic.com\/pt-pt\/wp-json\/wp\/v2\/product"}],"about":[{"href":"https:\/\/olemosaic.com\/pt-pt\/wp-json\/wp\/v2\/types\/product"}],"wp:featuredmedia":[{"embeddable":true,"href":"https:\/\/olemosaic.com\/pt-pt\/wp-json\/wp\/v2\/media\/11838"}],"wp:attachment":[{"href":"https:\/\/olemosaic.com\/pt-pt\/wp-json\/wp\/v2\/media?parent=30418"}],"wp:term":[{"taxonomy":"product_brand","embeddable":true,"href":"https:\/\/olemosaic.com\/pt-pt\/wp-json\/wp\/v2\/product_brand?post=30418"},{"taxonomy":"product_cat","embeddable":true,"href":"https:\/\/olemosaic.com\/pt-pt\/wp-json\/wp\/v2\/product_cat?post=30418"},{"taxonomy":"product_tag","embeddable":true,"href":"https:\/\/olemosaic.com\/pt-pt\/wp-json\/wp\/v2\/product_tag?post=30418"}],"curies":[{"name":"wp","href":"https:\/\/api.w.org\/{rel}","templated":true}]}}