{"id":30417,"date":"2025-02-20T23:30:55","date_gmt":"2025-02-20T22:30:55","guid":{"rendered":"http:\/\/olemosaic.com\/producto\/bol-de-coco-rojo-delfin-tenerife\/"},"modified":"2025-07-25T20:17:11","modified_gmt":"2025-07-25T18:17:11","slug":"taca-de-coco-vermelha-golfinho-tenerife","status":"publish","type":"product","link":"https:\/\/olemosaic.com\/pt-pt\/produto\/taca-de-coco-vermelha-golfinho-tenerife\/","title":{"rendered":"Ta\u00e7a de coco vermelha. Golfinho. Tenerife."},"content":{"rendered":"<p>Esta ta\u00e7a de coco vermelha decorada com um golfinho \u00e9 uma pe\u00e7a excecional que evoca a beleza natural e marinha de Tenerife. Criada a partir da casca de coco, esta ta\u00e7a apresenta um design art\u00edstico com um acabamento liso no seu interior que contrasta na perfei\u00e7\u00e3o com a vibrante decora\u00e7\u00e3o exterior em tons vermelhos dispostos em forma de mosaico. No centro, destaca-se um golfinho dourado que simboliza a abundante vida marinha nas \u00e1guas can\u00e1rias, adicionando um toque de eleg\u00e2ncia e autenticidade \u00e0 pe\u00e7a.<\/p>\n<p>A combina\u00e7\u00e3o de cores vivas e o uso do material natural do coco real\u00e7a a diversidade cultural das Ilhas Can\u00e1rias, onde o golfinho \u00e9 um s\u00edmbolo muito querido e representativo. Esta ta\u00e7a serve n\u00e3o s\u00f3 como um objeto decorativo atraente, mas tamb\u00e9m como uma recorda\u00e7\u00e3o \u00fanica que capta a ess\u00eancia da ilha, tornando-a um presente ideal para quem deseja levar consigo um peda\u00e7o de Tenerife. Perfeita para o uso di\u00e1rio ou como elemento decorativo em qualquer casa, esta ta\u00e7a de coco vermelha \u00e9 uma excelente op\u00e7\u00e3o para as lojas de presentes tur\u00edsticos.<\/p>\n<p>Na Ol\u00e9 Mosaic, dedicamo-nos \u00e0 distribui\u00e7\u00e3o de souvenirs por grosso, oferecendo produtos que refletem a rica heran\u00e7a cultural de Espanha. Esta ta\u00e7a de coco \u00e9 uma recorda\u00e7\u00e3o de Tenerife que liga \u00e0 natureza, \u00e0 cultura e \u00e0 arte das Ilhas Can\u00e1rias, ideal para quem procura recorda\u00e7\u00f5es aut\u00eanticas e significativas.<\/p>\n","protected":false},"excerpt":{"rendered":"<p>Ta\u00e7a de coco vermelha decorada com um golfinho, inspirada na beleza marinha de Tenerife. Esta elegante ta\u00e7a apresenta um acabamento liso no seu interior, enquanto o exterior \u00e9 adornado com tons vermelhos em forma de mosaico. No centro, destaca-se um design muito especial de um golfinho dourado. A combina\u00e7\u00e3o de cores vibrantes e o uso do coco, um material natural, tornam esta ta\u00e7a num souvenir \u00fanico que capta a ess\u00eancia da cultura can\u00e1ria. Ideal para decora\u00e7\u00e3o ou uso di\u00e1rio.<\/p>\n","protected":false},"featured_media":11930,"template":"","meta":{"_acf_changed":false},"product_brand":[],"product_cat":[513],"product_tag":[516],"class_list":{"0":"post-30417","1":"product","2":"type-product","3":"status-publish","4":"has-post-thumbnail","6":"product_cat-bols","7":"product_tag-animais","8":"pa_ciudad-tenerife","9":"pa_motivo-golfinhos","10":"pa_pais-espana","12":"first","13":"instock","14":"shipping-taxable","15":"product-type-simple"},"acf":[],"_links":{"self":[{"href":"https:\/\/olemosaic.com\/pt-pt\/wp-json\/wp\/v2\/product\/30417","targetHints":{"allow":["GET"]}}],"collection":[{"href":"https:\/\/olemosaic.com\/pt-pt\/wp-json\/wp\/v2\/product"}],"about":[{"href":"https:\/\/olemosaic.com\/pt-pt\/wp-json\/wp\/v2\/types\/product"}],"wp:featuredmedia":[{"embeddable":true,"href":"https:\/\/olemosaic.com\/pt-pt\/wp-json\/wp\/v2\/media\/11930"}],"wp:attachment":[{"href":"https:\/\/olemosaic.com\/pt-pt\/wp-json\/wp\/v2\/media?parent=30417"}],"wp:term":[{"taxonomy":"product_brand","embeddable":true,"href":"https:\/\/olemosaic.com\/pt-pt\/wp-json\/wp\/v2\/product_brand?post=30417"},{"taxonomy":"product_cat","embeddable":true,"href":"https:\/\/olemosaic.com\/pt-pt\/wp-json\/wp\/v2\/product_cat?post=30417"},{"taxonomy":"product_tag","embeddable":true,"href":"https:\/\/olemosaic.com\/pt-pt\/wp-json\/wp\/v2\/product_tag?post=30417"}],"curies":[{"name":"wp","href":"https:\/\/api.w.org\/{rel}","templated":true}]}}