{"id":30416,"date":"2025-02-20T22:30:55","date_gmt":"2025-02-20T22:30:55","guid":{"rendered":"http:\/\/olemosaic.com\/producto\/bol-de-coco-rojo-salamandra-tenerife\/"},"modified":"2025-07-25T19:16:55","modified_gmt":"2025-07-25T17:16:55","slug":"taca-de-coco-vermelha-salamandra-tenerife","status":"publish","type":"product","link":"https:\/\/olemosaic.com\/pt-pt\/produto\/taca-de-coco-vermelha-salamandra-tenerife\/","title":{"rendered":"Ta\u00e7a de coco vermelha. Salamandra. Tenerife."},"content":{"rendered":"<p>Esta ta\u00e7a de coco vermelha decorada com motivos de salamandra \u00e9 uma pe\u00e7a \u00fanica que capta a ess\u00eancia da rica biodiversidade de Tenerife. Fabricada a partir de uma casca de coco reciclada, esta elegante ta\u00e7a apresenta um design vibrante em tons vermelhos e dourados, com texturas intrincadas que evocam a fauna local e as tradi\u00e7\u00f5es artesanais da ilha. No centro, destaca-se uma impressionante salamandra dourada, s\u00edmbolo da natureza tropical de Tenerife, que lhe confere um toque distintivo e cativante. Esta ta\u00e7a n\u00e3o \u00e9 apenas uma pe\u00e7a decorativa excecional, mas tamb\u00e9m pode ser utilizada diariamente, fundindo funcionalidade e estilo. O artesanato da ta\u00e7a reflete o compromisso com a sustentabilidade e a conserva\u00e7\u00e3o da riqueza natural da regi\u00e3o, tornando esta recorda\u00e7\u00e3o num aut\u00eantico lembrete da beleza de Tenerife. Perfeita para turistas que procuram um presente representativo e cultural, esta ta\u00e7a \u00e9 ideal para lojas de recorda\u00e7\u00f5es tur\u00edsticas que desejem oferecer produtos \u00fanicos e de qualidade. Na Ol\u00e9 Mosaic, como grossistas de souvenirs de Tenerife, garantimos autenticidade e design em cada artigo que distribu\u00edmos.<\/p>\n","protected":false},"excerpt":{"rendered":"<p>Ta\u00e7a de coco vermelha, decorada com motivos de salamandras, que representa a riqueza natural de Tenerife. Esta elegante ta\u00e7a, feita a partir de casca de coco, apresenta um design vibrante em tons vermelhos e dourados, com texturas intrincadas que evocam a fauna local. A salamandra dourada destaca-se no centro, conferindo um toque distintivo. Ideal como pe\u00e7a decorativa ou para uso quotidiano, esta ta\u00e7a combina artesanato tradicional com um estilo moderno e cativante.<\/p>\n","protected":false},"featured_media":10124,"template":"","meta":{"_acf_changed":false},"product_brand":[],"product_cat":[513],"product_tag":[516],"class_list":{"0":"post-30416","1":"product","2":"type-product","3":"status-publish","4":"has-post-thumbnail","6":"product_cat-bols","7":"product_tag-animais","8":"pa_ciudad-tenerife","9":"pa_motivo-salamandras","10":"pa_pais-espana","12":"first","13":"instock","14":"shipping-taxable","15":"product-type-simple"},"acf":[],"_links":{"self":[{"href":"https:\/\/olemosaic.com\/pt-pt\/wp-json\/wp\/v2\/product\/30416","targetHints":{"allow":["GET"]}}],"collection":[{"href":"https:\/\/olemosaic.com\/pt-pt\/wp-json\/wp\/v2\/product"}],"about":[{"href":"https:\/\/olemosaic.com\/pt-pt\/wp-json\/wp\/v2\/types\/product"}],"wp:featuredmedia":[{"embeddable":true,"href":"https:\/\/olemosaic.com\/pt-pt\/wp-json\/wp\/v2\/media\/10124"}],"wp:attachment":[{"href":"https:\/\/olemosaic.com\/pt-pt\/wp-json\/wp\/v2\/media?parent=30416"}],"wp:term":[{"taxonomy":"product_brand","embeddable":true,"href":"https:\/\/olemosaic.com\/pt-pt\/wp-json\/wp\/v2\/product_brand?post=30416"},{"taxonomy":"product_cat","embeddable":true,"href":"https:\/\/olemosaic.com\/pt-pt\/wp-json\/wp\/v2\/product_cat?post=30416"},{"taxonomy":"product_tag","embeddable":true,"href":"https:\/\/olemosaic.com\/pt-pt\/wp-json\/wp\/v2\/product_tag?post=30416"}],"curies":[{"name":"wp","href":"https:\/\/api.w.org\/{rel}","templated":true}]}}