{"id":30393,"date":"2025-02-20T23:30:54","date_gmt":"2025-02-20T22:30:54","guid":{"rendered":"http:\/\/olemosaic.com\/producto\/bol-de-coco-rojo-delfin-barcelona-3\/"},"modified":"2025-07-25T20:17:34","modified_gmt":"2025-07-25T18:17:34","slug":"taca-de-coco-vermelha-golfinho-barcelona-3","status":"publish","type":"product","link":"https:\/\/olemosaic.com\/pt-pt\/produto\/taca-de-coco-vermelha-golfinho-barcelona-3\/","title":{"rendered":"Ta\u00e7a de coco vermelha. Golfinho. Barcelona. Padr\u00e3o cora\u00e7\u00f5es."},"content":{"rendered":"<p>Esta ta\u00e7a de coco vermelha decorada com golfinhos \u00e9 uma recorda\u00e7\u00e3o \u00fanica e preciosa de Barcelona que captura a alegria e o dinamismo da vida marinha. Feita \u00e0 m\u00e3o, a ta\u00e7a apresenta um design vibrante pintado em tons vermelhos e pretos, no qual dois golfinhos estilizados nadam com eleg\u00e2ncia, rodeados de delicados cora\u00e7\u00f5es que lhe d\u00e3o um toque rom\u00e2ntico e divertido. No centro, a palavra &#8220;Barcelona&#8221; destaca-se com clareza, tornando esta ta\u00e7a a recorda\u00e7\u00e3o perfeita para quem procura levar um pedacinho desta cidade ic\u00f3nica.<\/p>\n<p>A combina\u00e7\u00e3o da cor vermelha vibrante e do fundo preto cria um contraste visual impactante, ideal tanto como elemento decorativo no lar como para servir aperitivos ou doces numa reuni\u00e3o. Este artigo n\u00e3o s\u00f3 representa a beleza do litoral barcelon\u00eas, como tamb\u00e9m celebra a liga\u00e7\u00e3o cultural com o mar e a fauna que o habita.<\/p>\n<p>Na Ol\u00e9 Mosaic, as recorda\u00e7\u00f5es de Barcelona s\u00e3o concebidas para atrair turistas que procuram autenticidade e qualidade. A nossa ta\u00e7a de coco \u00e9 uma excelente op\u00e7\u00e3o para lojas de presentes tur\u00edsticos que desejem oferecer produtos distintivos e cheios de significado. Como distribuidores de recorda\u00e7\u00f5es, garantimos que cada pe\u00e7a encapsula a ess\u00eancia da cultura local, fazendo desta ta\u00e7a uma escolha ideal para os amantes da Cidade Condal e da sua rica tradi\u00e7\u00e3o.<\/p>\n","protected":false},"excerpt":{"rendered":"<p>Ta\u00e7a de coco vermelha decorada com golfinhos, inspirada na vibrante Barcelona. Este atraente artigo apresenta um design artesanal, pintado \u00e0 m\u00e3o, com golfinhos estilizados sobre um fundo de tons vermelhos e pretos, salpicado de pequenos cora\u00e7\u00f5es. No centro, a palavra &#8220;Barcelona&#8221; destaca-se elegantemente, tornando esta ta\u00e7a uma pe\u00e7a \u00fanica que captura o esp\u00edrito local e o amor pelo mar, ideal como recorda\u00e7\u00e3o ou elemento decorativo.<\/p>\n","protected":false},"featured_media":10264,"template":"","meta":{"_acf_changed":false},"product_brand":[],"product_cat":[513],"product_tag":[516],"class_list":{"0":"post-30393","1":"product","2":"type-product","3":"status-publish","4":"has-post-thumbnail","6":"product_cat-bols","7":"product_tag-animais","8":"pa_ciudad-barcelona","9":"pa_motivo-golfinhos","10":"pa_pais-espana","12":"first","13":"instock","14":"shipping-taxable","15":"product-type-simple"},"acf":[],"_links":{"self":[{"href":"https:\/\/olemosaic.com\/pt-pt\/wp-json\/wp\/v2\/product\/30393","targetHints":{"allow":["GET"]}}],"collection":[{"href":"https:\/\/olemosaic.com\/pt-pt\/wp-json\/wp\/v2\/product"}],"about":[{"href":"https:\/\/olemosaic.com\/pt-pt\/wp-json\/wp\/v2\/types\/product"}],"wp:featuredmedia":[{"embeddable":true,"href":"https:\/\/olemosaic.com\/pt-pt\/wp-json\/wp\/v2\/media\/10264"}],"wp:attachment":[{"href":"https:\/\/olemosaic.com\/pt-pt\/wp-json\/wp\/v2\/media?parent=30393"}],"wp:term":[{"taxonomy":"product_brand","embeddable":true,"href":"https:\/\/olemosaic.com\/pt-pt\/wp-json\/wp\/v2\/product_brand?post=30393"},{"taxonomy":"product_cat","embeddable":true,"href":"https:\/\/olemosaic.com\/pt-pt\/wp-json\/wp\/v2\/product_cat?post=30393"},{"taxonomy":"product_tag","embeddable":true,"href":"https:\/\/olemosaic.com\/pt-pt\/wp-json\/wp\/v2\/product_tag?post=30393"}],"curies":[{"name":"wp","href":"https:\/\/api.w.org\/{rel}","templated":true}]}}