{"id":30392,"date":"2025-02-20T23:30:54","date_gmt":"2025-02-20T22:30:54","guid":{"rendered":"http:\/\/olemosaic.com\/producto\/bol-de-coco-rojo-isla-tenerife\/"},"modified":"2025-07-25T18:58:43","modified_gmt":"2025-07-25T16:58:43","slug":"taca-de-coco-vermelha-ilha-tenerife","status":"publish","type":"product","link":"https:\/\/olemosaic.com\/pt-pt\/produto\/taca-de-coco-vermelha-ilha-tenerife\/","title":{"rendered":"Ta\u00e7a de coco vermelha. Ilha. Tenerife."},"content":{"rendered":"<p>Esta ta\u00e7a de coco vermelha, decorada \u00e0 m\u00e3o, \u00e9 uma recorda\u00e7\u00e3o requintada que captura a ess\u00eancia da beleza natural de Tenerife. Com um design muito especial, esta ta\u00e7a apresenta um rebordo castanho escuro que destaca a vibrante paleta de tons vermelhos e rosas da sua superf\u00edcie, evocando a paisagem id\u00edlica da ilha can\u00e1ria. A parte interior da ta\u00e7a brilha com uma luminosidade que reflete a luz, real\u00e7ando o seu apelo est\u00e9tico e funcional. A sua forma oval e suave torna-a uma op\u00e7\u00e3o ideal, n\u00e3o s\u00f3 para servir aperitivos, mas tamb\u00e9m como pe\u00e7a decorativa em qualquer casa.<\/p>\n<p>O trabalho artesanal por tr\u00e1s desta ta\u00e7a reflete as tradi\u00e7\u00f5es de Tenerife, onde a natureza e a criatividade se entrela\u00e7am para dar lugar a obras \u00fanicas. Este artigo n\u00e3o representa apenas uma recorda\u00e7\u00e3o da ilha, mas serve tamb\u00e9m como um s\u00edmbolo da arte local e da cultura can\u00e1ria, o que o torna uma excelente recorda\u00e7\u00e3o para quem procura levar um peda\u00e7o aut\u00eantico da regi\u00e3o.<\/p>\n<p>Na Ol\u00e9 Mosaic, oferecemos esta ta\u00e7a de coco vermelha como parte da nossa cole\u00e7\u00e3o de recorda\u00e7\u00f5es de Tenerife, destacando a sua autenticidade e relev\u00e2ncia cultural. Ideal para lojas de presentes tur\u00edsticos, esta ta\u00e7a \u00e9 uma op\u00e7\u00e3o perfeita para quem procura produtos que capturem a ess\u00eancia da sua visita \u00e0s Ilhas Can\u00e1rias e a riqueza do seu patrim\u00f3nio.<\/p>\n","protected":false},"excerpt":{"rendered":"<p>Ta\u00e7a de coco vermelha decorada com estilo artesanal, inspirada na beleza natural de Tenerife. Esta atraente ta\u00e7a apresenta um design muito especial, com um rebordo castanho escuro e detalhes em tons vermelhos e rosas, que evocam a vibrante paisagem da ilha. A superf\u00edcie interior brilhante reflete a luz, enquanto a silhueta oval e suave da ta\u00e7a a torna uma op\u00e7\u00e3o ideal para servir aperitivos ou como pe\u00e7a decorativa. Uma recorda\u00e7\u00e3o que captura a ess\u00eancia do encanto can\u00e1rio.<\/p>\n","protected":false},"featured_media":11918,"template":"","meta":{"_acf_changed":false},"product_brand":[],"product_cat":[513],"product_tag":[],"class_list":{"0":"post-30392","1":"product","2":"type-product","3":"status-publish","4":"has-post-thumbnail","6":"product_cat-bols","7":"pa_ciudad-tenerife","8":"pa_motivo-ilhas","9":"pa_pais-espana","11":"first","12":"instock","13":"shipping-taxable","14":"product-type-simple"},"acf":[],"_links":{"self":[{"href":"https:\/\/olemosaic.com\/pt-pt\/wp-json\/wp\/v2\/product\/30392","targetHints":{"allow":["GET"]}}],"collection":[{"href":"https:\/\/olemosaic.com\/pt-pt\/wp-json\/wp\/v2\/product"}],"about":[{"href":"https:\/\/olemosaic.com\/pt-pt\/wp-json\/wp\/v2\/types\/product"}],"wp:featuredmedia":[{"embeddable":true,"href":"https:\/\/olemosaic.com\/pt-pt\/wp-json\/wp\/v2\/media\/11918"}],"wp:attachment":[{"href":"https:\/\/olemosaic.com\/pt-pt\/wp-json\/wp\/v2\/media?parent=30392"}],"wp:term":[{"taxonomy":"product_brand","embeddable":true,"href":"https:\/\/olemosaic.com\/pt-pt\/wp-json\/wp\/v2\/product_brand?post=30392"},{"taxonomy":"product_cat","embeddable":true,"href":"https:\/\/olemosaic.com\/pt-pt\/wp-json\/wp\/v2\/product_cat?post=30392"},{"taxonomy":"product_tag","embeddable":true,"href":"https:\/\/olemosaic.com\/pt-pt\/wp-json\/wp\/v2\/product_tag?post=30392"}],"curies":[{"name":"wp","href":"https:\/\/api.w.org\/{rel}","templated":true}]}}