{"id":30391,"date":"2025-02-20T22:30:54","date_gmt":"2025-02-20T22:30:54","guid":{"rendered":"http:\/\/olemosaic.com\/producto\/bol-de-coco-rojo-gran-canaria\/"},"modified":"2025-07-25T19:40:55","modified_gmt":"2025-07-25T17:40:55","slug":"taca-de-coco-vermelha-gran-canaria","status":"publish","type":"product","link":"https:\/\/olemosaic.com\/pt-pt\/produto\/taca-de-coco-vermelha-gran-canaria\/","title":{"rendered":"Ta\u00e7a de coco vermelha. Gran Canaria."},"content":{"rendered":"<p>Esta ta\u00e7a de coco vermelha de Gran Canaria \u00e9 uma pe\u00e7a decorativa excecional que captura a ess\u00eancia vibrante das Ilhas Can\u00e1rias. O seu exterior \u00e9 adornado com um design espetacular em tons vermelhos e dourados, que evoca as paisagens quentes e coloridas da regi\u00e3o. Cada ta\u00e7a \u00e9 finamente elaborada atrav\u00e9s de uma t\u00e9cnica artesanal que real\u00e7a padr\u00f5es intrincados, o que a torna uma verdadeira obra de arte. No seu interior, o nome &#8220;Gran Canaria&#8221; apresenta-se em letras douradas, acrescentando um toque distintivo e elegante. Esta ta\u00e7a n\u00e3o serve apenas como um magn\u00edfico complemento decorativo, mas \u00e9 tamb\u00e9m ideal para quem procura adicionar \u00e0 sua cole\u00e7\u00e3o recorda\u00e7\u00f5es aut\u00eanticas da ilha.<\/p>\n<p>A liga\u00e7\u00e3o cultural desta ta\u00e7a reside no seu reflexo da rica tradi\u00e7\u00e3o artesanal de Gran Canaria, onde o uso de materiais naturais e designs inspirados na natureza s\u00e3o parte integrante da cultura local. \u00c9 uma recorda\u00e7\u00e3o representativa perfeita para os turistas que desejam levar um peda\u00e7o da maravilhosa est\u00e9tica can\u00e1ria. Na Ol\u00e9 Mosaic, especializamo-nos na distribui\u00e7\u00e3o de recorda\u00e7\u00f5es por grosso e esta ta\u00e7a de coco vermelha \u00e9 uma excelente op\u00e7\u00e3o para lojas de presentes tur\u00edsticos que procuram oferecer produtos originais e significativos. Como grossistas de recorda\u00e7\u00f5es, garantimos a autenticidade e o valor cultural de cada artigo que distribu\u00edmos.<\/p>\n","protected":false},"excerpt":{"rendered":"<p>Ta\u00e7a de coco vermelha de Gran Canaria, decorada com um design vibrante em tons vermelhos e dourados que evocam a paisagem colorida das Ilhas Can\u00e1rias. Esta ta\u00e7a, finamente elaborada, real\u00e7a padr\u00f5es elaborados no seu exterior, criados com uma t\u00e9cnica artesanal. No interior, o nome &#8220;Gran Canaria&#8221; apresenta-se em letras douradas, acrescentando um toque distintivo. Ideal como objeto decorativo ou complemento para qualquer cole\u00e7\u00e3o de recorda\u00e7\u00f5es.<\/p>\n","protected":false},"featured_media":10101,"template":"","meta":{"_acf_changed":false},"product_brand":[],"product_cat":[513],"product_tag":[],"class_list":{"0":"post-30391","1":"product","2":"type-product","3":"status-publish","4":"has-post-thumbnail","6":"product_cat-bols","7":"pa_ciudad-gran-canaria","8":"pa_pais-espana","10":"first","11":"instock","12":"shipping-taxable","13":"product-type-simple"},"acf":[],"_links":{"self":[{"href":"https:\/\/olemosaic.com\/pt-pt\/wp-json\/wp\/v2\/product\/30391","targetHints":{"allow":["GET"]}}],"collection":[{"href":"https:\/\/olemosaic.com\/pt-pt\/wp-json\/wp\/v2\/product"}],"about":[{"href":"https:\/\/olemosaic.com\/pt-pt\/wp-json\/wp\/v2\/types\/product"}],"wp:featuredmedia":[{"embeddable":true,"href":"https:\/\/olemosaic.com\/pt-pt\/wp-json\/wp\/v2\/media\/10101"}],"wp:attachment":[{"href":"https:\/\/olemosaic.com\/pt-pt\/wp-json\/wp\/v2\/media?parent=30391"}],"wp:term":[{"taxonomy":"product_brand","embeddable":true,"href":"https:\/\/olemosaic.com\/pt-pt\/wp-json\/wp\/v2\/product_brand?post=30391"},{"taxonomy":"product_cat","embeddable":true,"href":"https:\/\/olemosaic.com\/pt-pt\/wp-json\/wp\/v2\/product_cat?post=30391"},{"taxonomy":"product_tag","embeddable":true,"href":"https:\/\/olemosaic.com\/pt-pt\/wp-json\/wp\/v2\/product_tag?post=30391"}],"curies":[{"name":"wp","href":"https:\/\/api.w.org\/{rel}","templated":true}]}}