{"id":30390,"date":"2025-02-20T23:30:53","date_gmt":"2025-02-20T22:30:53","guid":{"rendered":"http:\/\/olemosaic.com\/producto\/bol-de-coco-rojo-delfin-barcelona-2\/"},"modified":"2025-07-25T19:12:00","modified_gmt":"2025-07-25T17:12:00","slug":"taca-de-coco-vermelha-golfinho-barcelona-2","status":"publish","type":"product","link":"https:\/\/olemosaic.com\/pt-pt\/produto\/taca-de-coco-vermelha-golfinho-barcelona-2\/","title":{"rendered":"Ta\u00e7a de coco vermelha. Golfinho. Estilo mediterr\u00e2neo. Barcelona."},"content":{"rendered":"<p>Esta ta\u00e7a de coco vermelha com um golfinho ilustrado \u00e9 uma recorda\u00e7\u00e3o emblem\u00e1tica de Barcelona, criada para quem deseja levar um peda\u00e7o da vibrante cultura mediterr\u00e2nea. O seu design muito especial inclui um acabamento brilhante num atraente vermelho intenso, que evoca o calor e a energia da Cidade Condal. A pe\u00e7a \u00e9 delicadamente decorada com detalhes que simulam as ondas do mar, complementando a sua est\u00e9tica e refor\u00e7ando a sua liga\u00e7\u00e3o com o ambiente marinho que rodeia Barcelona.<\/p>\n<p>No centro da ta\u00e7a, destaca-se a imagem de um \u00e1gil golfinho, um s\u00edmbolo da fauna marinha que habita as \u00e1guas pr\u00f3ximas, que evoca liberdade e alegria. Logo abaixo, o nome &#8220;Barcelona&#8221; est\u00e1 inscrito num estilo moderno, capturando a ess\u00eancia cosmopolita da cidade e a sua riqueza cultural. Esta ta\u00e7a n\u00e3o \u00e9 apenas uma adi\u00e7\u00e3o espetacular a qualquer mesa, mas tamb\u00e9m uma representa\u00e7\u00e3o aut\u00eantica da heran\u00e7a art\u00edstica da regi\u00e3o.<\/p>\n<p>Ideal como recorda\u00e7\u00e3o, esta ta\u00e7a \u00e9 perfeita para turistas que procuram uma pe\u00e7a \u00fanica e significativa para recordar, mostrando ao mesmo tempo o estilo e a tradi\u00e7\u00e3o de Barcelona. Na Ol\u00e9 Mosaic, orgulhamo-nos de ser distribuidores grossistas de produtos aut\u00eanticos e culturais como este, oferecendo \u00e0s lojas de presentes tur\u00edsticos a oportunidade de oferecer aos seus clientes uma recorda\u00e7\u00e3o memor\u00e1vel da sua visita a esta maravilhosa cidade.<\/p>\n","protected":false},"excerpt":{"rendered":"<p>Ta\u00e7a de coco vermelha com uma ilustra\u00e7\u00e3o de um golfinho, inspirada na vibrante cultura de Barcelona. Esta ta\u00e7a original combina um design muito especial com um acabamento brilhante numa atraente cor vermelha, decorada com detalhes que evocam as ondas do mar. No centro, encontra-se a imagem de um golfinho, acompanhado pelo nome &#8220;Barcelona&#8221; num estilo moderno, capturando a ess\u00eancia do Mediterr\u00e2neo e da sua fauna marinha. Ideal como recorda\u00e7\u00e3o ou para dar um toque especial a qualquer mesa.<\/p>\n","protected":false},"featured_media":11760,"template":"","meta":{"_acf_changed":false},"product_brand":[],"product_cat":[513],"product_tag":[516],"class_list":{"0":"post-30390","1":"product","2":"type-product","3":"status-publish","4":"has-post-thumbnail","6":"product_cat-bols","7":"product_tag-animais","8":"pa_ciudad-barcelona","9":"pa_motivo-golfinhos","10":"pa_pais-espana","12":"first","13":"instock","14":"shipping-taxable","15":"product-type-simple"},"acf":[],"_links":{"self":[{"href":"https:\/\/olemosaic.com\/pt-pt\/wp-json\/wp\/v2\/product\/30390","targetHints":{"allow":["GET"]}}],"collection":[{"href":"https:\/\/olemosaic.com\/pt-pt\/wp-json\/wp\/v2\/product"}],"about":[{"href":"https:\/\/olemosaic.com\/pt-pt\/wp-json\/wp\/v2\/types\/product"}],"wp:featuredmedia":[{"embeddable":true,"href":"https:\/\/olemosaic.com\/pt-pt\/wp-json\/wp\/v2\/media\/11760"}],"wp:attachment":[{"href":"https:\/\/olemosaic.com\/pt-pt\/wp-json\/wp\/v2\/media?parent=30390"}],"wp:term":[{"taxonomy":"product_brand","embeddable":true,"href":"https:\/\/olemosaic.com\/pt-pt\/wp-json\/wp\/v2\/product_brand?post=30390"},{"taxonomy":"product_cat","embeddable":true,"href":"https:\/\/olemosaic.com\/pt-pt\/wp-json\/wp\/v2\/product_cat?post=30390"},{"taxonomy":"product_tag","embeddable":true,"href":"https:\/\/olemosaic.com\/pt-pt\/wp-json\/wp\/v2\/product_tag?post=30390"}],"curies":[{"name":"wp","href":"https:\/\/api.w.org\/{rel}","templated":true}]}}