{"id":30361,"date":"2025-02-20T22:30:53","date_gmt":"2025-02-20T22:30:53","guid":{"rendered":"http:\/\/olemosaic.com\/producto\/bol-de-coco-rojo-camello-lanzarote\/"},"modified":"2025-07-25T18:42:50","modified_gmt":"2025-07-25T16:42:50","slug":"taca-de-coco-vermelha-camelo-lanzarote","status":"publish","type":"product","link":"https:\/\/olemosaic.com\/pt-pt\/produto\/taca-de-coco-vermelha-camelo-lanzarote\/","title":{"rendered":"Ta\u00e7a de coco vermelha. Camelo. Lanzarote."},"content":{"rendered":"<p>Esta ta\u00e7a de coco vermelha com decora\u00e7\u00e3o de camelo \u00e9 uma pe\u00e7a excecional que presta homenagem \u00e0 cultura singular de Lanzarote. Elaborada com um acabamento de coco, apresenta um belo design curvo adornado com manchas em tons vermelhos vibrantes, que captam a aten\u00e7\u00e3o de imediato. O seu interior, cuidadosamente acabado, destaca-se por um padr\u00e3o que evoca a liga\u00e7\u00e3o do arquip\u00e9lago can\u00e1rio com os desertos, simbolizada pela elegante ilustra\u00e7\u00e3o de um camelo. Este detalhe n\u00e3o s\u00f3 acrescenta um toque de exotismo \u00e0 ta\u00e7a, como tamb\u00e9m real\u00e7a a identidade cultural de Lanzarote, onde a influ\u00eancia do passado e a natureza se fundem em perfeita harmonia.<\/p>\n<p>O camelo, elemento emblem\u00e1tico da hist\u00f3ria e da tradi\u00e7\u00e3o da regi\u00e3o, convida a levar um peda\u00e7o de Lanzarote para qualquer casa, tornando esta ta\u00e7a numa excelente recorda\u00e7\u00e3o que combina funcionalidade e est\u00e9tica. Seja como objeto decorativo ou como acess\u00f3rio pr\u00e1tico para servir aperitivos, o seu design art\u00edstico faz com que se destaque em qualquer espa\u00e7o. Na Ol\u00e9 Mosaic, l\u00edder na distribui\u00e7\u00e3o de lembran\u00e7as por grosso, oferecemos esta ta\u00e7a como uma op\u00e7\u00e3o ideal para lojas de presentes tur\u00edsticos que procuram produtos aut\u00eanticos e representativos da cultura can\u00e1ria. Esta ta\u00e7a de coco vermelha n\u00e3o \u00e9 apenas uma bela recorda\u00e7\u00e3o, mas tamb\u00e9m um testemunho da rica heran\u00e7a cultural de Lanzarote, perfeito para turistas em busca de lembran\u00e7as \u00fanicas.<\/p>\n","protected":false},"excerpt":{"rendered":"<p>Ta\u00e7a de coco vermelha com decora\u00e7\u00e3o de camelo, inspirada na cultura de Lanzarote. Esta elegante ta\u00e7a apresenta um acabamento em coco com manchas vermelhas e est\u00e1 adornada com uma ilustra\u00e7\u00e3o de um camelo que simboliza a liga\u00e7\u00e3o do arquip\u00e9lago com o deserto. O seu design curvo e os detalhes art\u00edsticos conferem-lhe um ar ex\u00f3tico, tornando-a um elemento decorativo atraente e funcional ao mesmo tempo, ideal para adicionar um toque can\u00e1rio a qualquer casa.<\/p>\n","protected":false},"featured_media":12001,"template":"","meta":{"_acf_changed":false},"product_brand":[],"product_cat":[513],"product_tag":[516],"class_list":{"0":"post-30361","1":"product","2":"type-product","3":"status-publish","4":"has-post-thumbnail","6":"product_cat-bols","7":"product_tag-animais","8":"pa_ciudad-lanzarote","9":"pa_motivo-camelos","10":"pa_pais-espana","12":"first","13":"instock","14":"shipping-taxable","15":"product-type-simple"},"acf":[],"_links":{"self":[{"href":"https:\/\/olemosaic.com\/pt-pt\/wp-json\/wp\/v2\/product\/30361","targetHints":{"allow":["GET"]}}],"collection":[{"href":"https:\/\/olemosaic.com\/pt-pt\/wp-json\/wp\/v2\/product"}],"about":[{"href":"https:\/\/olemosaic.com\/pt-pt\/wp-json\/wp\/v2\/types\/product"}],"wp:featuredmedia":[{"embeddable":true,"href":"https:\/\/olemosaic.com\/pt-pt\/wp-json\/wp\/v2\/media\/12001"}],"wp:attachment":[{"href":"https:\/\/olemosaic.com\/pt-pt\/wp-json\/wp\/v2\/media?parent=30361"}],"wp:term":[{"taxonomy":"product_brand","embeddable":true,"href":"https:\/\/olemosaic.com\/pt-pt\/wp-json\/wp\/v2\/product_brand?post=30361"},{"taxonomy":"product_cat","embeddable":true,"href":"https:\/\/olemosaic.com\/pt-pt\/wp-json\/wp\/v2\/product_cat?post=30361"},{"taxonomy":"product_tag","embeddable":true,"href":"https:\/\/olemosaic.com\/pt-pt\/wp-json\/wp\/v2\/product_tag?post=30361"}],"curies":[{"name":"wp","href":"https:\/\/api.w.org\/{rel}","templated":true}]}}