{"id":30360,"date":"2025-02-20T23:30:53","date_gmt":"2025-02-20T22:30:53","guid":{"rendered":"http:\/\/olemosaic.com\/producto\/bol-de-coco-rojo-tenerife\/"},"modified":"2025-07-25T20:27:58","modified_gmt":"2025-07-25T18:27:58","slug":"taca-de-coco-vermelha-tenerife","status":"publish","type":"product","link":"https:\/\/olemosaic.com\/pt-pt\/produto\/taca-de-coco-vermelha-tenerife\/","title":{"rendered":"Ta\u00e7a de coco vermelha. Tenerife."},"content":{"rendered":"<p>Esta ta\u00e7a de coco vermelha artesanal, inspirada na ess\u00eancia vibrante de Tenerife, \u00e9 uma obra-prima que se destaca pelo seu design \u00fanico e cores cativantes. Elaborada a partir de casca de coco natural, cada ta\u00e7a \u00e9 pintada \u00e0 m\u00e3o com tons intensos de vermelho e laranja, criando um padr\u00e3o visual que evoca la textura da natureza exuberante das Can\u00e1rias. No centro da ta\u00e7a, sobressai uma representa\u00e7\u00e3o perolada da ilha de Tenerife, rodeada de delicados detalhes dourados que acentuam a sua eleg\u00e2ncia e autenticidade.<\/p>\n<p>Esta ta\u00e7a n\u00e3o \u00e9 apenas um objeto decorativo, mas tamb\u00e9m uma recorda\u00e7\u00e3o representativa da cultura de Tenerife. O seu fabrico artesanal garante que cada pe\u00e7a seja \u00fanica, refletindo o compromisso dos artes\u00e3os locais com a tradi\u00e7\u00e3o e a qualidade. Perfeita para adornar qualquer espa\u00e7o, esta ta\u00e7a colorida \u00e9 ideal como presente especial, oferecendo um toque do calor e da beleza das Ilhas Can\u00e1rias.<\/p>\n<p>Na Ol\u00e9 Mosaic, especializamo-nos na distribui\u00e7\u00e3o de lembran\u00e7as artesanais por grosso, e esta ta\u00e7a de coco vermelha \u00e9 uma excelente op\u00e7\u00e3o para lojas de presentes tur\u00edsticos que procuram produtos aut\u00eanticos e significativos. Incorporar esta ta\u00e7a no seu invent\u00e1rio n\u00e3o s\u00f3 atrair\u00e1 turistas em busca de recorda\u00e7\u00f5es genu\u00ednas, como tamb\u00e9m proporcionar\u00e1 um peda\u00e7o do encanto de Tenerife que os seus clientes querer\u00e3o levar consigo.<\/p>\n","protected":false},"excerpt":{"rendered":"<p>Ta\u00e7a de coco vermelha artesanal, inspirada na ess\u00eancia vibrante de Tenerife. Esta atraente ta\u00e7a, elaborada a partir de casca de coco, apresenta um design decorativo artesanal, pintado \u00e0 m\u00e3o, em tons vermelhos e laranjas, com motivos que evocam a textura da natureza das Can\u00e1rias. Destaca-se a imagem perolada da ilha de Tenerife, rodeada de detalhes dourados, o que a torna uma pe\u00e7a \u00fanica, ideal para adornar qualquer espa\u00e7o ou como presente especial.<\/p>\n","protected":false},"featured_media":10105,"template":"","meta":{"_acf_changed":false},"product_brand":[],"product_cat":[513],"product_tag":[],"class_list":{"0":"post-30360","1":"product","2":"type-product","3":"status-publish","4":"has-post-thumbnail","6":"product_cat-bols","7":"pa_ciudad-tenerife","8":"pa_pais-espana","10":"first","11":"instock","12":"shipping-taxable","13":"product-type-simple"},"acf":[],"_links":{"self":[{"href":"https:\/\/olemosaic.com\/pt-pt\/wp-json\/wp\/v2\/product\/30360","targetHints":{"allow":["GET"]}}],"collection":[{"href":"https:\/\/olemosaic.com\/pt-pt\/wp-json\/wp\/v2\/product"}],"about":[{"href":"https:\/\/olemosaic.com\/pt-pt\/wp-json\/wp\/v2\/types\/product"}],"wp:featuredmedia":[{"embeddable":true,"href":"https:\/\/olemosaic.com\/pt-pt\/wp-json\/wp\/v2\/media\/10105"}],"wp:attachment":[{"href":"https:\/\/olemosaic.com\/pt-pt\/wp-json\/wp\/v2\/media?parent=30360"}],"wp:term":[{"taxonomy":"product_brand","embeddable":true,"href":"https:\/\/olemosaic.com\/pt-pt\/wp-json\/wp\/v2\/product_brand?post=30360"},{"taxonomy":"product_cat","embeddable":true,"href":"https:\/\/olemosaic.com\/pt-pt\/wp-json\/wp\/v2\/product_cat?post=30360"},{"taxonomy":"product_tag","embeddable":true,"href":"https:\/\/olemosaic.com\/pt-pt\/wp-json\/wp\/v2\/product_tag?post=30360"}],"curies":[{"name":"wp","href":"https:\/\/api.w.org\/{rel}","templated":true}]}}