{"id":30348,"date":"2025-02-20T23:30:53","date_gmt":"2025-02-20T22:30:53","guid":{"rendered":"http:\/\/olemosaic.com\/producto\/bol-de-coco-naranja-salamandra-tenerife-2\/"},"modified":"2025-07-25T18:49:19","modified_gmt":"2025-07-25T16:49:19","slug":"taca-de-coco-laranja-salamandra-tenerife-2","status":"publish","type":"product","link":"https:\/\/olemosaic.com\/pt-pt\/produto\/taca-de-coco-laranja-salamandra-tenerife-2\/","title":{"rendered":"Ta\u00e7a de coco laranja. Salamandra. Tenerife."},"content":{"rendered":"<p>Esta ta\u00e7a de coco pintada \u00e9 uma aut\u00eantica joia que captura a ess\u00eancia vibrante de Tenerife. Com um design impressionante em tons alaranjados, a ta\u00e7a destaca-se pelo seu acabamento brilhante e texturizado, que evoca a beleza das superf\u00edcies naturais da ilha. No centro, aprecia-se uma salamandra elegante, s\u00edmbolo da fauna local, que acrescenta um toque distintivo e cultural a esta pe\u00e7a. A palavra &#8220;Tenerife&#8221; est\u00e1 inscrita de forma proeminente, tornando-a uma recorda\u00e7\u00e3o perfeita desta bela regi\u00e3o.<\/p>\n<p>Esta ta\u00e7a n\u00e3o \u00e9 apenas um artigo decorativo, mas tamb\u00e9m \u00e9 funcional, ideal para servir aperitivos ou para decorar qualquer divis\u00e3o da casa. A t\u00e9cnica de pintura \u00e0 m\u00e3o garante que cada ta\u00e7a \u00e9 \u00fanica, destacando o artesanato tradicional que se conservou nas Ilhas Can\u00e1rias. As cores vibrantes e a originalidade do design tornam-na um souvenir aut\u00eantico, uma homenagem \u00e0 cultura e \u00e0 natureza de Tenerife.<\/p>\n<p>Na Ol\u00e9 Mosaic, como distribuidores de souvenirs por grosso, oferecemos esta ta\u00e7a de coco como uma op\u00e7\u00e3o atrativa para lojas de recorda\u00e7\u00f5es que procuram produtos que representem o patrim\u00f3nio cultural espanhol. Esta ta\u00e7a de coco pintada \u00e9, sem d\u00favida, uma excelente ideia de souvenir para os turistas que desejem levar um peda\u00e7o da beleza e singularidade de Tenerife.<\/p>\n","protected":false},"excerpt":{"rendered":"<p>Ta\u00e7a de coco pintada em tons vibrantes de laranja, decorada com um design muito especial de uma salamandra que representa a fauna de Tenerife. Esta atraente ta\u00e7a, elaborada com a t\u00e9cnica de design artesanal, pintada \u00e0 m\u00e3o, apresenta um acabamento brilhante e texturizado que evoca as superf\u00edcies naturais da ilha. Com a palavra &#8220;Tenerife&#8221; inscrita, \u00e9 uma recorda\u00e7\u00e3o ideal que combina funcionalidade e est\u00e9tica, perfeita para real\u00e7ar qualquer espa\u00e7o decorativo.<\/p>\n","protected":false},"featured_media":10125,"template":"","meta":{"_acf_changed":false},"product_brand":[],"product_cat":[513],"product_tag":[516],"class_list":{"0":"post-30348","1":"product","2":"type-product","3":"status-publish","4":"has-post-thumbnail","6":"product_cat-bols","7":"product_tag-animais","8":"pa_ciudad-tenerife","9":"pa_motivo-salamandras","10":"pa_pais-espana","12":"first","13":"instock","14":"shipping-taxable","15":"product-type-simple"},"acf":[],"_links":{"self":[{"href":"https:\/\/olemosaic.com\/pt-pt\/wp-json\/wp\/v2\/product\/30348","targetHints":{"allow":["GET"]}}],"collection":[{"href":"https:\/\/olemosaic.com\/pt-pt\/wp-json\/wp\/v2\/product"}],"about":[{"href":"https:\/\/olemosaic.com\/pt-pt\/wp-json\/wp\/v2\/types\/product"}],"wp:featuredmedia":[{"embeddable":true,"href":"https:\/\/olemosaic.com\/pt-pt\/wp-json\/wp\/v2\/media\/10125"}],"wp:attachment":[{"href":"https:\/\/olemosaic.com\/pt-pt\/wp-json\/wp\/v2\/media?parent=30348"}],"wp:term":[{"taxonomy":"product_brand","embeddable":true,"href":"https:\/\/olemosaic.com\/pt-pt\/wp-json\/wp\/v2\/product_brand?post=30348"},{"taxonomy":"product_cat","embeddable":true,"href":"https:\/\/olemosaic.com\/pt-pt\/wp-json\/wp\/v2\/product_cat?post=30348"},{"taxonomy":"product_tag","embeddable":true,"href":"https:\/\/olemosaic.com\/pt-pt\/wp-json\/wp\/v2\/product_tag?post=30348"}],"curies":[{"name":"wp","href":"https:\/\/api.w.org\/{rel}","templated":true}]}}