{"id":30347,"date":"2025-02-20T23:30:52","date_gmt":"2025-02-20T22:30:52","guid":{"rendered":"http:\/\/olemosaic.com\/producto\/bol-de-coco-rojo-tortuga-barcelona-2\/"},"modified":"2025-07-25T19:03:30","modified_gmt":"2025-07-25T17:03:30","slug":"taca-de-coco-vermelha-tartaruga-barcelona-2","status":"publish","type":"product","link":"https:\/\/olemosaic.com\/pt-pt\/produto\/taca-de-coco-vermelha-tartaruga-barcelona-2\/","title":{"rendered":"Ta\u00e7a de coco vermelha. Tartaruga. Barcelona."},"content":{"rendered":"<p>Esta ta\u00e7a de coco pintada \u00e0 m\u00e3o \u00e9 uma obra de arte que captura a ess\u00eancia vibrante de Barcelona. A sua cor vermelha intensa, que evoca o calor do Mediterr\u00e2neo, \u00e9 belamente decorada com um design detalhado que inclui uma tartaruga no fundo, s\u00edmbolo da vida marinha e da diversidade natural da regi\u00e3o. No centro, o texto &#8220;Barcelona&#8221; numa sofisticada cor branca destaca-se junto a um mosaico de formas geom\u00e9tricas que rodeiam a borda da ta\u00e7a, inspirado na c\u00e9lebre obra de Gaud\u00ed que caracteriza a arquitetura da cidade.<\/p>\n<p>Cada ta\u00e7a \u00e9 uma pe\u00e7a \u00fanica, com uma superf\u00edcie que reflete o amor pelo artesanato e pelo folclore local. Ideal tanto para uso decorativo como pr\u00e1tico, esta recorda\u00e7\u00e3o n\u00e3o serve apenas para apresentar aperitivos, mas tamb\u00e9m se destaca como um objeto de cole\u00e7\u00e3o que conta uma hist\u00f3ria. A tartaruga, com o seu design meticuloso, presta homenagem \u00e0s costas de Barcelona e \u00e0 sua liga\u00e7\u00e3o com o oceano, enquanto os mosaicos representam a rica heran\u00e7a cultural que a cidade oferece aos seus visitantes.<\/p>\n<p>A Ol\u00e9 Mosaic orgulha-se de oferecer esta pe\u00e7a aut\u00eantica, que \u00e9 um excelente presente ou recorda\u00e7\u00e3o para aqueles que desejam levar um fragmento da cultura mediterr\u00e2nea. Esta ta\u00e7a de coco \u00e9 a op\u00e7\u00e3o perfeita para as lojas de recorda\u00e7\u00f5es que procuram oferecer produtos que n\u00e3o sejam apenas bonitos, mas que tamb\u00e9m realcem a rica cultura de Barcelona e a sua relev\u00e2ncia como destino tur\u00edstico.<\/p>\n","protected":false},"excerpt":{"rendered":"<p>Ta\u00e7a de coco de design artesanal, pintada \u00e0 m\u00e3o, decorada com uma tartaruga no fundo e a palavra &#8220;Barcelona&#8221; em branco. Esta ta\u00e7a singular apresenta uma cor vermelha vibrante, complementada com detalhes em forma de mosaico ao redor da borda, que evocam a arte e o folclore da cidade. O seu design \u00fanico e fresco torna-a uma excelente recorda\u00e7\u00e3o ou pe\u00e7a decorativa que representa a ess\u00eancia mediterr\u00e2nea de Barcelona. Perfeita para colecionar ou oferecer.<\/p>\n","protected":false},"featured_media":11764,"template":"","meta":{"_acf_changed":false},"product_brand":[],"product_cat":[513],"product_tag":[516],"class_list":{"0":"post-30347","1":"product","2":"type-product","3":"status-publish","4":"has-post-thumbnail","6":"product_cat-bols","7":"product_tag-animais","8":"pa_ciudad-barcelona","9":"pa_motivo-tartarugas","10":"pa_pais-espana","12":"first","13":"instock","14":"shipping-taxable","15":"product-type-simple"},"acf":[],"_links":{"self":[{"href":"https:\/\/olemosaic.com\/pt-pt\/wp-json\/wp\/v2\/product\/30347","targetHints":{"allow":["GET"]}}],"collection":[{"href":"https:\/\/olemosaic.com\/pt-pt\/wp-json\/wp\/v2\/product"}],"about":[{"href":"https:\/\/olemosaic.com\/pt-pt\/wp-json\/wp\/v2\/types\/product"}],"wp:featuredmedia":[{"embeddable":true,"href":"https:\/\/olemosaic.com\/pt-pt\/wp-json\/wp\/v2\/media\/11764"}],"wp:attachment":[{"href":"https:\/\/olemosaic.com\/pt-pt\/wp-json\/wp\/v2\/media?parent=30347"}],"wp:term":[{"taxonomy":"product_brand","embeddable":true,"href":"https:\/\/olemosaic.com\/pt-pt\/wp-json\/wp\/v2\/product_brand?post=30347"},{"taxonomy":"product_cat","embeddable":true,"href":"https:\/\/olemosaic.com\/pt-pt\/wp-json\/wp\/v2\/product_cat?post=30347"},{"taxonomy":"product_tag","embeddable":true,"href":"https:\/\/olemosaic.com\/pt-pt\/wp-json\/wp\/v2\/product_tag?post=30347"}],"curies":[{"name":"wp","href":"https:\/\/api.w.org\/{rel}","templated":true}]}}