{"id":30346,"date":"2025-02-20T23:30:52","date_gmt":"2025-02-20T22:30:52","guid":{"rendered":"http:\/\/olemosaic.com\/producto\/bol-de-coco-con-flores-bailaora\/"},"modified":"2025-07-25T19:15:15","modified_gmt":"2025-07-25T17:15:15","slug":"taca-de-coco-com-flores-bailarina","status":"publish","type":"product","link":"https:\/\/olemosaic.com\/pt-pt\/produto\/taca-de-coco-com-flores-bailarina\/","title":{"rendered":"Ta\u00e7a de coco com flores. Bailarina."},"content":{"rendered":"<p>Esta ta\u00e7a de coco pintada \u00e0 m\u00e3o \u00e9 uma obra de arte que encarna a ess\u00eancia do folclore andaluz. Decorada com vibrantes motivos florais, apresenta a silhueta elegante de uma bailarina no centro, mostrando a sua destreza no flamenco. Este apelo visual \u00e9 emoldurado por um fundo de mosaico que combina tons quentes de amarelo, vermelho e azul, evocando o calor do sul de Espanha e a alegria das suas tradi\u00e7\u00f5es. Cada detalhe da ta\u00e7a, desde as flores at\u00e9 \u00e0 representa\u00e7\u00e3o da bailarina, foi cuidadosamente desenhado, tornando-a um aut\u00eantico souvenir da Andaluzia.<\/p>\n<p>Ideal como elemento decorativo ou para servir aperitivos, esta ta\u00e7a n\u00e3o s\u00f3 cumpre uma fun\u00e7\u00e3o pr\u00e1tica, como tamb\u00e9m presta homenagem \u00e0 arte da dan\u00e7a flamenca, uma express\u00e3o cultural cheia de paix\u00e3o e vida. O seu design atraente e a sua liga\u00e7\u00e3o ao patrim\u00f3nio local tornam-na um presente perfeito e significativo para os turistas que desejam levar um peda\u00e7o da rica cultura andaluza para casa.<\/p>\n<p>Na Ol\u00e9 Mosaic, oferecemos este tipo de souvenirs aut\u00eanticos de Espanha, proporcionando \u00e0s lojas de recorda\u00e7\u00f5es a oportunidade de apresentar produtos que refletem a autenticidade da tradi\u00e7\u00e3o espanhola. Esta ta\u00e7a \u00e9 uma excelente escolha para qualquer cliente que procure uma recorda\u00e7\u00e3o genu\u00edna da Andaluzia.<\/p>\n","protected":false},"excerpt":{"rendered":"<p>Ta\u00e7a de coco de design artesanal, pintada \u00e0 m\u00e3o, decorada com vibrantes motivos florais e uma bailarina elegante. Esta encantadora ta\u00e7a representa a riqueza do folclore andaluz, destacando a sua silhueta caracter\u00edstica sobre um fundo de mosaico com cores quentes, como amarelos, vermelhos e azuis. Ideal como elemento decorativo ou para servir aperitivos, esta ta\u00e7a \u00e9 uma homenagem \u00e0 cultura flamenca, evocando a paix\u00e3o e a arte da dan\u00e7a tradicional.<\/p>\n","protected":false},"featured_media":13499,"template":"","meta":{"_acf_changed":false},"product_brand":[],"product_cat":[513],"product_tag":[],"class_list":{"0":"post-30346","1":"product","2":"type-product","3":"status-publish","4":"has-post-thumbnail","6":"product_cat-bols","7":"pa_motivo-dancarinos","9":"first","10":"instock","11":"shipping-taxable","12":"product-type-simple"},"acf":[],"_links":{"self":[{"href":"https:\/\/olemosaic.com\/pt-pt\/wp-json\/wp\/v2\/product\/30346","targetHints":{"allow":["GET"]}}],"collection":[{"href":"https:\/\/olemosaic.com\/pt-pt\/wp-json\/wp\/v2\/product"}],"about":[{"href":"https:\/\/olemosaic.com\/pt-pt\/wp-json\/wp\/v2\/types\/product"}],"wp:featuredmedia":[{"embeddable":true,"href":"https:\/\/olemosaic.com\/pt-pt\/wp-json\/wp\/v2\/media\/13499"}],"wp:attachment":[{"href":"https:\/\/olemosaic.com\/pt-pt\/wp-json\/wp\/v2\/media?parent=30346"}],"wp:term":[{"taxonomy":"product_brand","embeddable":true,"href":"https:\/\/olemosaic.com\/pt-pt\/wp-json\/wp\/v2\/product_brand?post=30346"},{"taxonomy":"product_cat","embeddable":true,"href":"https:\/\/olemosaic.com\/pt-pt\/wp-json\/wp\/v2\/product_cat?post=30346"},{"taxonomy":"product_tag","embeddable":true,"href":"https:\/\/olemosaic.com\/pt-pt\/wp-json\/wp\/v2\/product_tag?post=30346"}],"curies":[{"name":"wp","href":"https:\/\/api.w.org\/{rel}","templated":true}]}}