{"id":30339,"date":"2025-02-20T23:30:52","date_gmt":"2025-02-20T22:30:52","guid":{"rendered":"http:\/\/olemosaic.com\/producto\/bol-de-coco-amarillo-caballito-de-mar\/"},"modified":"2025-07-25T20:10:40","modified_gmt":"2025-07-25T18:10:40","slug":"taca-de-coco-amarela-cavalo-marinho","status":"publish","type":"product","link":"https:\/\/olemosaic.com\/pt-pt\/produto\/taca-de-coco-amarela-cavalo-marinho\/","title":{"rendered":"Ta\u00e7a de coco amarela. Cavalo-marinho."},"content":{"rendered":"<p>Esta ta\u00e7a de coco pintada \u00e0 m\u00e3o \u00e9 uma joia artesanal que captura a ess\u00eancia da costa mediterr\u00e2nica. Decorada com um vibrante cavalo-marinho em tons amarelos, esta pe\u00e7a destaca-se sobre um fundo castanho que real\u00e7a os intrincados designs em amarelo, incluindo cora\u00e7\u00f5es e fragmentos que lhe conferem um toque art\u00edstico e alegre. Cada ta\u00e7a \u00e9 criada com esmero, tornando-a numa recorda\u00e7\u00e3o \u00fanica que celebra a rica cultura e o ambiente marinho de Espanha.<\/p>\n<p>O cavalo-marinho, s\u00edmbolo da harmonia e da beleza do oceano, \u00e9 o protagonista desta pe\u00e7a, evocando mem\u00f3rias das praias tranquilas e das \u00e1guas cristalinas do Mediterr\u00e2neo. O seu design muito especial e colorido n\u00e3o s\u00f3 a torna ideal como objeto decorativo, como tamb\u00e9m pode ser usada diariamente, conferindo um estilo fresco a qualquer mesa.<\/p>\n<p>Esta ta\u00e7a \u00e9 uma excelente op\u00e7\u00e3o para turistas que procuram recorda\u00e7\u00f5es aut\u00eanticas que reflitam a cultura local, tornando-se num lembrete tang\u00edvel da sua visita. Na Ol\u00e9 Mosaic, orgulhamo-nos de oferecer produtos de alta qualidade e relev\u00e2ncia cultural, e esta ta\u00e7a de coco \u00e9 um exemplo perfeito das nossas recorda\u00e7\u00f5es art\u00edsticas. Como grossistas de recorda\u00e7\u00f5es de coco, garantimos a autenticidade e o apelo de cada pe\u00e7a, ideal para lojas de presentes tur\u00edsticos que desejem oferecer aos seus clientes aut\u00eanticas obras de arte.<\/p>\n","protected":false},"excerpt":{"rendered":"<p>Ta\u00e7a de coco de design artesanal, pintada \u00e0 m\u00e3o, decorada com um elegante cavalo-marinho em vibrantes tons amarelos. Este atraente artigo apresenta um design muito especial com um fundo castanho que real\u00e7a as formas amarelas, incluindo cora\u00e7\u00f5es e fragmentos que lhe d\u00e3o um toque art\u00edstico. Ideal para adicionar um elemento costeiro e cultural, esta ta\u00e7a \u00e9 perfeita tanto como objeto decorativo como para o uso di\u00e1rio, evocando o esp\u00edrito do mar.<\/p>\n","protected":false},"featured_media":10173,"template":"","meta":{"_acf_changed":false},"product_brand":[],"product_cat":[513],"product_tag":[516],"class_list":{"0":"post-30339","1":"product","2":"type-product","3":"status-publish","4":"has-post-thumbnail","6":"product_cat-bols","7":"product_tag-animais","8":"pa_motivo-cavalos-marinhos","10":"first","11":"instock","12":"shipping-taxable","13":"product-type-simple"},"acf":[],"_links":{"self":[{"href":"https:\/\/olemosaic.com\/pt-pt\/wp-json\/wp\/v2\/product\/30339","targetHints":{"allow":["GET"]}}],"collection":[{"href":"https:\/\/olemosaic.com\/pt-pt\/wp-json\/wp\/v2\/product"}],"about":[{"href":"https:\/\/olemosaic.com\/pt-pt\/wp-json\/wp\/v2\/types\/product"}],"wp:featuredmedia":[{"embeddable":true,"href":"https:\/\/olemosaic.com\/pt-pt\/wp-json\/wp\/v2\/media\/10173"}],"wp:attachment":[{"href":"https:\/\/olemosaic.com\/pt-pt\/wp-json\/wp\/v2\/media?parent=30339"}],"wp:term":[{"taxonomy":"product_brand","embeddable":true,"href":"https:\/\/olemosaic.com\/pt-pt\/wp-json\/wp\/v2\/product_brand?post=30339"},{"taxonomy":"product_cat","embeddable":true,"href":"https:\/\/olemosaic.com\/pt-pt\/wp-json\/wp\/v2\/product_cat?post=30339"},{"taxonomy":"product_tag","embeddable":true,"href":"https:\/\/olemosaic.com\/pt-pt\/wp-json\/wp\/v2\/product_tag?post=30339"}],"curies":[{"name":"wp","href":"https:\/\/api.w.org\/{rel}","templated":true}]}}