{"id":30338,"date":"2025-02-20T23:30:52","date_gmt":"2025-02-20T22:30:52","guid":{"rendered":"http:\/\/olemosaic.com\/producto\/bol-de-coco-naranja-tortuga-mallorca-2\/"},"modified":"2025-07-25T20:24:21","modified_gmt":"2025-07-25T18:24:21","slug":"taca-de-coco-laranja-tartaruga-estilo-mediterranico-maiorca","status":"publish","type":"product","link":"https:\/\/olemosaic.com\/pt-pt\/produto\/taca-de-coco-laranja-tartaruga-estilo-mediterranico-maiorca\/","title":{"rendered":"Ta\u00e7a de coco laranja. Tartaruga. Estilo mediterr\u00e2nico. Maiorca."},"content":{"rendered":"<p>Esta ta\u00e7a de coco pintada \u00e0 m\u00e3o \u00e9 uma espl\u00eandida representa\u00e7\u00e3o da fauna marinha de Maiorca, ideal como recorda\u00e7\u00e3o ou pe\u00e7a decorativa que evoca a ess\u00eancia do Mediterr\u00e2neo. Com um design vibrante em tons alaranjados, esta atraente ta\u00e7a apresenta no seu centro uma tartaruga, s\u00edmbolo da vida marinha nas \u00e1guas cristalinas da ilha. A superf\u00edcie da pe\u00e7a est\u00e1 adornada com um padr\u00e3o intrincado que mistura tons quentes, destacando a meticulosa mestria local e o trabalho artesanal que a caracteriza. O acabamento brilhante n\u00e3o s\u00f3 real\u00e7a a beleza da ta\u00e7a, como tamb\u00e9m lhe confere um toque de sofistica\u00e7\u00e3o, tornando-a perfeita para exibir em qualquer espa\u00e7o da casa.<\/p>\n<p>Esta ta\u00e7a multifuncional \u00e9 ideal para guardar pequenos objetos ou simplesmente para adicionar um toque decorativo a qualquer canto. Com o seu tamanho pequeno e design atraente, tornar-se-\u00e1 uma recorda\u00e7\u00e3o memor\u00e1vel para quem visita a ilha. Na Ol\u00e9 Mosaic, orgulhamo-nos de oferecer recorda\u00e7\u00f5es atuais e aut\u00eanticas de Maiorca, como esta ta\u00e7a de coco pintada \u00e0 m\u00e3o. \u00c9 uma op\u00e7\u00e3o brilhante para lojas de presentes tur\u00edsticos que procuram produtos \u00fanicos e relevantes, destacando a singularidade da cultura maiorquina e a sua liga\u00e7\u00e3o \u00e0s belas paisagens marinhas.<\/p>\n","protected":false},"excerpt":{"rendered":"<p>Ta\u00e7a de coco de design artesanal, pintada \u00e0 m\u00e3o, inspirada na fauna marinha de Maiorca. Esta atraente ta\u00e7a de cor laranja apresenta um design decorativo com uma tartaruga no centro, complementado por um acabamento brilhante que real\u00e7a a sua beleza. A superf\u00edcie mostra um padr\u00e3o intrincado em tons quentes que destaca o artesanato local. Ideal como pe\u00e7a decorativa ou para guardar objetos pequenos, evoca a ess\u00eancia do Mediterr\u00e2neo.<\/p>\n","protected":false},"featured_media":10157,"template":"","meta":{"_acf_changed":false},"product_brand":[],"product_cat":[513],"product_tag":[516],"class_list":{"0":"post-30338","1":"product","2":"type-product","3":"status-publish","4":"has-post-thumbnail","6":"product_cat-bols","7":"product_tag-animais","8":"pa_ciudad-mallorca","9":"pa_motivo-tartarugas","10":"pa_pais-espana","12":"first","13":"instock","14":"shipping-taxable","15":"product-type-simple"},"acf":[],"_links":{"self":[{"href":"https:\/\/olemosaic.com\/pt-pt\/wp-json\/wp\/v2\/product\/30338","targetHints":{"allow":["GET"]}}],"collection":[{"href":"https:\/\/olemosaic.com\/pt-pt\/wp-json\/wp\/v2\/product"}],"about":[{"href":"https:\/\/olemosaic.com\/pt-pt\/wp-json\/wp\/v2\/types\/product"}],"wp:featuredmedia":[{"embeddable":true,"href":"https:\/\/olemosaic.com\/pt-pt\/wp-json\/wp\/v2\/media\/10157"}],"wp:attachment":[{"href":"https:\/\/olemosaic.com\/pt-pt\/wp-json\/wp\/v2\/media?parent=30338"}],"wp:term":[{"taxonomy":"product_brand","embeddable":true,"href":"https:\/\/olemosaic.com\/pt-pt\/wp-json\/wp\/v2\/product_brand?post=30338"},{"taxonomy":"product_cat","embeddable":true,"href":"https:\/\/olemosaic.com\/pt-pt\/wp-json\/wp\/v2\/product_cat?post=30338"},{"taxonomy":"product_tag","embeddable":true,"href":"https:\/\/olemosaic.com\/pt-pt\/wp-json\/wp\/v2\/product_tag?post=30338"}],"curies":[{"name":"wp","href":"https:\/\/api.w.org\/{rel}","templated":true}]}}