{"id":30337,"date":"2025-02-20T23:30:52","date_gmt":"2025-02-20T22:30:52","guid":{"rendered":"http:\/\/olemosaic.com\/producto\/bol-de-coco-rojo-delfin-mallorca\/"},"modified":"2025-07-25T19:50:04","modified_gmt":"2025-07-25T17:50:04","slug":"taca-de-coco-vermelha-golfinho-maiorca","status":"publish","type":"product","link":"https:\/\/olemosaic.com\/pt-pt\/produto\/taca-de-coco-vermelha-golfinho-maiorca\/","title":{"rendered":"Ta\u00e7a de coco vermelha. Golfinho. Maiorca."},"content":{"rendered":"<p>Esta ta\u00e7a de coco pintada \u00e0 m\u00e3o \u00e9 uma aut\u00eantica joia artesanal que encapsula a ess\u00eancia do Mediterr\u00e2neo no seu design vibrante. Com um cativante fundo em tons vermelhos e dourados, este souvenir inspirado em Maiorca apresenta no seu centro a ilustra\u00e7\u00e3o de um golfinho, simbolizando a rica vida marinha que caracteriza a ilha. O nome &#8220;MALLORCA&#8221; destaca-se em dourado, conferindo um toque de eleg\u00e2ncia que torna esta ta\u00e7a num elemento decorativo perfeito para qualquer ambiente.<\/p>\n<p>O acabamento brilhante da ta\u00e7a n\u00e3o s\u00f3 real\u00e7a o seu apelo visual, como tamb\u00e9m reflete a luz de maneira fascinante, tornando-a o centro das aten\u00e7\u00f5es em qualquer espa\u00e7o. Os intrincados detalhes art\u00edsticos da superf\u00edcie acrescentam profundidade e textura, o que a torna num souvenir que n\u00e3o \u00e9 apenas funcional, mas que tamb\u00e9m evoca um forte sentido de perten\u00e7a \u00e0 cultura maiorquina.<\/p>\n<p>Esta ta\u00e7a de coco \u00e9 um excelente presente para turistas em busca de souvenirs aut\u00eanticos que representem a beleza e o encanto de Maiorca. Na Ol\u00e9 Mosaic, especializamo-nos na distribui\u00e7\u00e3o de souvenirs por grosso, garantindo a qualidade e o valor cultural de cada produto. Esta ta\u00e7a \u00e9 uma op\u00e7\u00e3o ideal para lojas de presentes tur\u00edsticos que desejem oferecer recorda\u00e7\u00f5es genu\u00ednas e significativas, capturando a ess\u00eancia de uma das ilhas mais belas do Mediterr\u00e2neo.<\/p>\n","protected":false},"excerpt":{"rendered":"<p>Ta\u00e7a de coco de design artesanal, pintada \u00e0 m\u00e3o, com um design chamativo em tons vermelhos e dourados, inspirado na beleza marinha de Maiorca. Este elegante acess\u00f3rio apresenta uma ilustra\u00e7\u00e3o de um golfinho no centro, juntamente com o nome &#8220;MALLORCA&#8221; real\u00e7ado em dourado. O seu acabamento brilhante e os detalhes art\u00edsticos tornam-na num atraente souvenir que evoca o encanto do Mediterr\u00e2neo, perfeito para adornar qualquer espa\u00e7o.<\/p>\n","protected":false},"featured_media":10144,"template":"","meta":{"_acf_changed":false},"product_brand":[],"product_cat":[513],"product_tag":[516],"class_list":{"0":"post-30337","1":"product","2":"type-product","3":"status-publish","4":"has-post-thumbnail","6":"product_cat-bols","7":"product_tag-animais","8":"pa_ciudad-mallorca","9":"pa_motivo-golfinhos","10":"pa_pais-espana","12":"first","13":"instock","14":"shipping-taxable","15":"product-type-simple"},"acf":[],"_links":{"self":[{"href":"https:\/\/olemosaic.com\/pt-pt\/wp-json\/wp\/v2\/product\/30337","targetHints":{"allow":["GET"]}}],"collection":[{"href":"https:\/\/olemosaic.com\/pt-pt\/wp-json\/wp\/v2\/product"}],"about":[{"href":"https:\/\/olemosaic.com\/pt-pt\/wp-json\/wp\/v2\/types\/product"}],"wp:featuredmedia":[{"embeddable":true,"href":"https:\/\/olemosaic.com\/pt-pt\/wp-json\/wp\/v2\/media\/10144"}],"wp:attachment":[{"href":"https:\/\/olemosaic.com\/pt-pt\/wp-json\/wp\/v2\/media?parent=30337"}],"wp:term":[{"taxonomy":"product_brand","embeddable":true,"href":"https:\/\/olemosaic.com\/pt-pt\/wp-json\/wp\/v2\/product_brand?post=30337"},{"taxonomy":"product_cat","embeddable":true,"href":"https:\/\/olemosaic.com\/pt-pt\/wp-json\/wp\/v2\/product_cat?post=30337"},{"taxonomy":"product_tag","embeddable":true,"href":"https:\/\/olemosaic.com\/pt-pt\/wp-json\/wp\/v2\/product_tag?post=30337"}],"curies":[{"name":"wp","href":"https:\/\/api.w.org\/{rel}","templated":true}]}}