{"id":30336,"date":"2025-02-20T23:30:52","date_gmt":"2025-02-20T22:30:52","guid":{"rendered":"http:\/\/olemosaic.com\/producto\/bol-de-coco-naranja-delfin-mallorca\/"},"modified":"2025-07-25T20:08:48","modified_gmt":"2025-07-25T18:08:48","slug":"taca-de-coco-laranja-golfinho-maiorca","status":"publish","type":"product","link":"https:\/\/olemosaic.com\/pt-pt\/produto\/taca-de-coco-laranja-golfinho-maiorca\/","title":{"rendered":"Ta\u00e7a de coco laranja. Golfinho. Maiorca."},"content":{"rendered":"<p>Esta ta\u00e7a de coco pintada \u00e0 m\u00e3o \u00e9 uma recorda\u00e7\u00e3o ex\u00f3tica e preciosa de Maiorca, que evoca a beleza marinha da ilha. Com a sua vibrante cor laranja e o seu design elegante de um golfinho no centro, captura a ess\u00eancia do ambiente costeiro, tornando esta ta\u00e7a numa representa\u00e7\u00e3o aut\u00eantica da vida marinha mediterr\u00e2nica. Cada pe\u00e7a \u00e9 \u00fanica, mostrando uma textura distintiva e matizes coloridos que refletem a luz de maneira cativante, ideal para dar um toque especial a qualquer lar.<\/p>\n<p>No centro da ta\u00e7a, o emblema que diz &#8220;MALLORCA&#8221; real\u00e7a a liga\u00e7\u00e3o cultural e o orgulho da ilha, fazendo desta recorda\u00e7\u00e3o uma op\u00e7\u00e3o perfeita para aqueles que desejam levar um pouco da cultura maiorquina para a sua vida quotidiana. Esta ta\u00e7a n\u00e3o \u00e9 apenas um objeto decorativo, mas tamb\u00e9m uma recorda\u00e7\u00e3o das incr\u00edveis experi\u00eancias vividas em Maiorca, seja a desfrutar da sua gastronomia ou a passear pelas suas praias.<\/p>\n<p>Como distribuidores de souvenirs por grosso, na Ol\u00e9 Mosaic oferecemos produtos artesanais de qualidade, garantindo que esta ta\u00e7a de coco pintada \u00e0 m\u00e3o ser\u00e1 um excelente artigo para lojas de presentes tur\u00edsticos que procuram oferecer recorda\u00e7\u00f5es aut\u00eanticas e significativas de Maiorca. Uma recorda\u00e7\u00e3o ideal que encarna a beleza e a autenticidade da ilha.<\/p>\n","protected":false},"excerpt":{"rendered":"<p>Ta\u00e7a de coco de design artesanal, pintada \u00e0 m\u00e3o, em cor laranja, decorada com um elegante design de golfinho que representa a beleza marinha de Maiorca. Este produto artesanal destaca-se pela sua textura distintiva e pelos seus matizes coloridos, que refletem a luz de maneira cativante. No centro, ostenta um emblema com a palavra &#8220;MALLORCA&#8221;, o que a torna num souvenir ideal, perfeito para real\u00e7ar a ess\u00eancia da ilha e adicionar um toque distintivo a qualquer lar.<\/p>\n","protected":false},"featured_media":10145,"template":"","meta":{"_acf_changed":false},"product_brand":[],"product_cat":[513],"product_tag":[516],"class_list":{"0":"post-30336","1":"product","2":"type-product","3":"status-publish","4":"has-post-thumbnail","6":"product_cat-bols","7":"product_tag-animais","8":"pa_ciudad-mallorca","9":"pa_motivo-golfinhos","10":"pa_pais-espana","12":"first","13":"instock","14":"shipping-taxable","15":"product-type-simple"},"acf":[],"_links":{"self":[{"href":"https:\/\/olemosaic.com\/pt-pt\/wp-json\/wp\/v2\/product\/30336","targetHints":{"allow":["GET"]}}],"collection":[{"href":"https:\/\/olemosaic.com\/pt-pt\/wp-json\/wp\/v2\/product"}],"about":[{"href":"https:\/\/olemosaic.com\/pt-pt\/wp-json\/wp\/v2\/types\/product"}],"wp:featuredmedia":[{"embeddable":true,"href":"https:\/\/olemosaic.com\/pt-pt\/wp-json\/wp\/v2\/media\/10145"}],"wp:attachment":[{"href":"https:\/\/olemosaic.com\/pt-pt\/wp-json\/wp\/v2\/media?parent=30336"}],"wp:term":[{"taxonomy":"product_brand","embeddable":true,"href":"https:\/\/olemosaic.com\/pt-pt\/wp-json\/wp\/v2\/product_brand?post=30336"},{"taxonomy":"product_cat","embeddable":true,"href":"https:\/\/olemosaic.com\/pt-pt\/wp-json\/wp\/v2\/product_cat?post=30336"},{"taxonomy":"product_tag","embeddable":true,"href":"https:\/\/olemosaic.com\/pt-pt\/wp-json\/wp\/v2\/product_tag?post=30336"}],"curies":[{"name":"wp","href":"https:\/\/api.w.org\/{rel}","templated":true}]}}