{"id":30335,"date":"2025-02-20T23:30:51","date_gmt":"2025-02-20T22:30:51","guid":{"rendered":"http:\/\/olemosaic.com\/producto\/bol-de-coco-con-flores-tortuga-barcelona\/"},"modified":"2025-07-25T20:13:58","modified_gmt":"2025-07-25T18:13:58","slug":"taca-de-coco-com-flores-tartaruga-barcelona","status":"publish","type":"product","link":"https:\/\/olemosaic.com\/pt-pt\/produto\/taca-de-coco-com-flores-tartaruga-barcelona\/","title":{"rendered":"Ta\u00e7a de coco com flores. Tartaruga. Barcelona."},"content":{"rendered":"<p>Esta ta\u00e7a de coco pintada \u00e0 m\u00e3o \u00e9 uma recorda\u00e7\u00e3o preciosa que captura a ess\u00eancia vibrante de Barcelona. O seu acabamento art\u00edstico apresenta um design colorido, onde tonalidades quentes de amarelos, azuis e vermelhos se entrela\u00e7am num mosaico que emoldura uma encantadora tartaruga no centro. A tartaruga, s\u00edmbolo de paz e longevidade, representa a rica biodiversidade do Mediterr\u00e2neo e recorda aos visitantes a beleza natural que rodeia a cidade. Esta ta\u00e7a n\u00e3o s\u00f3 \u00e9 perfeita para o uso di\u00e1rio, como tamb\u00e9m atua como um objeto decorativo apelativo que acrescenta um toque de autenticidade a qualquer lar.<\/p>\n<p>A arte da cer\u00e2mica em Barcelona tem profundas ra\u00edzes culturais, e esta ta\u00e7a encarna essa tradi\u00e7\u00e3o artesanal. Atrav\u00e9s dos seus delicados motivos florais, evoca o calor e a hospitalidade da cultura catal\u00e3. Como recorda\u00e7\u00e3o, \u00e9 uma representa\u00e7\u00e3o ideal de Barcelona, evocando mem\u00f3rias das suas praias, das suas gentes e do seu ambiente alegre.<\/p>\n<p>Na Ol\u00e9 Mosaic, especializamo-nos na distribui\u00e7\u00e3o de recorda\u00e7\u00f5es por grosso, e esta ta\u00e7a de coco \u00e9 uma escolha excecional para lojas de presentes tur\u00edsticos que procuram produtos que realcem o melhor da cultura local. Oferecemos uma variedade de recorda\u00e7\u00f5es aut\u00eanticas, e esta ta\u00e7a \u00e9, sem d\u00favida, uma op\u00e7\u00e3o ideal para aqueles turistas que desejam levar para casa um peda\u00e7o da magia de Barcelona.<\/p>\n","protected":false},"excerpt":{"rendered":"<p>Ta\u00e7a de coco de design artesanal, pintada \u00e0 m\u00e3o, com desenhos florais e uma tartaruga, que evoca a ess\u00eancia de Barcelona. Esta atraente ta\u00e7a destaca-se pelo seu acabamento art\u00edstico em cores quentes e vivas, com tons amarelos, azuis e vermelhos que emolduram uma tartaruga no centro. Ideal como objeto decorativo ou para uso di\u00e1rio, o seu design reflete o folclore local e a rica biodiversidade da regi\u00e3o.<\/p>\n","protected":false},"featured_media":10376,"template":"","meta":{"_acf_changed":false},"product_brand":[],"product_cat":[513],"product_tag":[516],"class_list":{"0":"post-30335","1":"product","2":"type-product","3":"status-publish","4":"has-post-thumbnail","6":"product_cat-bols","7":"product_tag-animais","8":"pa_ciudad-barcelona","9":"pa_motivo-tartarugas","10":"pa_pais-espana","12":"first","13":"instock","14":"shipping-taxable","15":"product-type-simple"},"acf":[],"_links":{"self":[{"href":"https:\/\/olemosaic.com\/pt-pt\/wp-json\/wp\/v2\/product\/30335","targetHints":{"allow":["GET"]}}],"collection":[{"href":"https:\/\/olemosaic.com\/pt-pt\/wp-json\/wp\/v2\/product"}],"about":[{"href":"https:\/\/olemosaic.com\/pt-pt\/wp-json\/wp\/v2\/types\/product"}],"wp:featuredmedia":[{"embeddable":true,"href":"https:\/\/olemosaic.com\/pt-pt\/wp-json\/wp\/v2\/media\/10376"}],"wp:attachment":[{"href":"https:\/\/olemosaic.com\/pt-pt\/wp-json\/wp\/v2\/media?parent=30335"}],"wp:term":[{"taxonomy":"product_brand","embeddable":true,"href":"https:\/\/olemosaic.com\/pt-pt\/wp-json\/wp\/v2\/product_brand?post=30335"},{"taxonomy":"product_cat","embeddable":true,"href":"https:\/\/olemosaic.com\/pt-pt\/wp-json\/wp\/v2\/product_cat?post=30335"},{"taxonomy":"product_tag","embeddable":true,"href":"https:\/\/olemosaic.com\/pt-pt\/wp-json\/wp\/v2\/product_tag?post=30335"}],"curies":[{"name":"wp","href":"https:\/\/api.w.org\/{rel}","templated":true}]}}