{"id":30301,"date":"2025-02-20T22:30:51","date_gmt":"2025-02-20T22:30:51","guid":{"rendered":"http:\/\/olemosaic.com\/producto\/bol-de-coco-naranja-mallorca\/"},"modified":"2025-07-25T19:59:33","modified_gmt":"2025-07-25T17:59:33","slug":"taca-de-coco-laranja-maiorca","status":"publish","type":"product","link":"https:\/\/olemosaic.com\/pt-pt\/produto\/taca-de-coco-laranja-maiorca\/","title":{"rendered":"Ta\u00e7a de coco laranja. Maiorca."},"content":{"rendered":"<p>Esta ta\u00e7a de coco laranja, artesanal e t\u00edpica de Maiorca, \u00e9 uma pe\u00e7a \u00fanica que capta a ess\u00eancia da arte e da cultura da ilha. Fabricada a partir da casca de coco, destaca-se pelo seu design interior vibrante em tons de laranja e dourado, que imitam a delicada textura do coral marinho. No centro, aprecia-se a silhueta da ilha de Maiorca, real\u00e7ada com brilhos dourados que conferem um toque de eleg\u00e2ncia e sofistica\u00e7\u00e3o. Esta pe\u00e7a \u00e9 ideal tanto como elemento decorativo em qualquer casa, conferindo um ar ex\u00f3tico e natural, como para servir aperitivos durante reuni\u00f5es ou celebra\u00e7\u00f5es, tornando cada refei\u00e7\u00e3o uma experi\u00eancia memor\u00e1vel.<\/p>\n<p>A ta\u00e7a de coco n\u00e3o \u00e9 apenas uma op\u00e7\u00e3o decorativa, mas tamb\u00e9m uma recorda\u00e7\u00e3o aut\u00eantica que evoca as belas praias e a paisagem vibrante de Maiorca. O seu fabrico artesanal garante que cada pe\u00e7a seja \u00fanica, tornando-a numa recorda\u00e7\u00e3o representativa da rica heran\u00e7a cultural da regi\u00e3o. Na Ol\u00e9 Mosaic, como grossista de recorda\u00e7\u00f5es de Maiorca, oferecemos produtos que real\u00e7am o artesanato e a singularidade de cada artigo. Esta ta\u00e7a de coco \u00e9 uma excelente ideia para turistas que procuram um presente especial que capte a ess\u00eancia da sua viagem, destacando tamb\u00e9m o compromisso da nossa empresa com a qualidade e autenticidade em cada recorda\u00e7\u00e3o oferecida.<\/p>\n","protected":false},"excerpt":{"rendered":"<p>Ta\u00e7a de coco laranja, artesanal e caracter\u00edstica de Maiorca. Esta pe\u00e7a \u00fanica destaca-se pelo seu design interior em tons laranja e dourado, que imitam a textura do coral. No centro da ta\u00e7a, a silhueta da ilha de Maiorca sobressai com brilhos dourados. Fabricada a partir da casca de coco, \u00e9 ideal como elemento decorativo ou para servir aperitivos, conferindo um toque aut\u00eantico e ex\u00f3tico a qualquer mesa.<\/p>\n","protected":false},"featured_media":10098,"template":"","meta":{"_acf_changed":false},"product_brand":[],"product_cat":[513],"product_tag":[],"class_list":{"0":"post-30301","1":"product","2":"type-product","3":"status-publish","4":"has-post-thumbnail","6":"product_cat-bols","7":"pa_ciudad-mallorca","8":"pa_pais-espana","10":"first","11":"instock","12":"shipping-taxable","13":"product-type-simple"},"acf":[],"_links":{"self":[{"href":"https:\/\/olemosaic.com\/pt-pt\/wp-json\/wp\/v2\/product\/30301","targetHints":{"allow":["GET"]}}],"collection":[{"href":"https:\/\/olemosaic.com\/pt-pt\/wp-json\/wp\/v2\/product"}],"about":[{"href":"https:\/\/olemosaic.com\/pt-pt\/wp-json\/wp\/v2\/types\/product"}],"wp:featuredmedia":[{"embeddable":true,"href":"https:\/\/olemosaic.com\/pt-pt\/wp-json\/wp\/v2\/media\/10098"}],"wp:attachment":[{"href":"https:\/\/olemosaic.com\/pt-pt\/wp-json\/wp\/v2\/media?parent=30301"}],"wp:term":[{"taxonomy":"product_brand","embeddable":true,"href":"https:\/\/olemosaic.com\/pt-pt\/wp-json\/wp\/v2\/product_brand?post=30301"},{"taxonomy":"product_cat","embeddable":true,"href":"https:\/\/olemosaic.com\/pt-pt\/wp-json\/wp\/v2\/product_cat?post=30301"},{"taxonomy":"product_tag","embeddable":true,"href":"https:\/\/olemosaic.com\/pt-pt\/wp-json\/wp\/v2\/product_tag?post=30301"}],"curies":[{"name":"wp","href":"https:\/\/api.w.org\/{rel}","templated":true}]}}