{"id":30300,"date":"2025-02-20T22:30:51","date_gmt":"2025-02-20T22:30:51","guid":{"rendered":"http:\/\/olemosaic.com\/producto\/bol-de-coco-naranja-concha-camino-de-santiago\/"},"modified":"2025-07-25T20:30:52","modified_gmt":"2025-07-25T18:30:52","slug":"taca-de-coco-laranja-concha-caminho-de-santiago","status":"publish","type":"product","link":"https:\/\/olemosaic.com\/pt-pt\/produto\/taca-de-coco-laranja-concha-caminho-de-santiago\/","title":{"rendered":"Ta\u00e7a de coco laranja. Concha. Caminho de Santiago."},"content":{"rendered":"<p>Esta ta\u00e7a de coco laranja, inspirada no Caminho de Santiago, \u00e9 uma recorda\u00e7\u00e3o exclusiva que capta a ess\u00eancia desta emblem\u00e1tica rota de peregrina\u00e7\u00e3o. A sua cor laranja vibrante, evocativa do calor e da energia que se sente ao percorrer o caminho, torna-a num objeto decorativo atraente e simb\u00f3lico. Elaborada a partir de uma concha natural, esta ta\u00e7a combina a arte do artesanato com a tradi\u00e7\u00e3o, apresentando no seu interior o famoso s\u00edmbolo do peregrino, que representa a espiritualidade e o sentido de comunidade de quem empreende esta travessia.<\/p>\n<p>O design da ta\u00e7a inclui um rebordo texturizado em tons quentes, que confere um toque r\u00fastico e aut\u00eantico, evocativo das paisagens e da cultura do norte de Espanha. Este utens\u00edlio vers\u00e1til n\u00e3o s\u00f3 \u00e9 ideal para exibir em prateleiras como elemento decorativo, mas tamb\u00e9m pode servir como um recipiente pr\u00e1tico em qualquer casa, recordando aos seus propriet\u00e1rios a beleza do Caminho de Santiago em cada utiliza\u00e7\u00e3o.<\/p>\n<p>Na Ol\u00e9 Mosaic, especializamo-nos na distribui\u00e7\u00e3o de recorda\u00e7\u00f5es por grosso, e esta ta\u00e7a de coco laranja \u00e9 uma excelente op\u00e7\u00e3o para lojas de presentes tur\u00edsticos que procuram oferecer produtos aut\u00eanticos e representativos da cultura espanhola. Com a sua liga\u00e7\u00e3o cultural e a sua est\u00e9tica atraente, esta ta\u00e7a posiciona-se como um presente perfeito para turistas e peregrinos que desejam levar consigo um peda\u00e7o de hist\u00f3ria e tradi\u00e7\u00e3o.<\/p>\n","protected":false},"excerpt":{"rendered":"<p>Ta\u00e7a de coco laranja inspirada no Caminho de Santiago, elaborada com uma concha natural. Esta original ta\u00e7a destaca-se pela sua cor laranja vibrante e pelo seu design decorativo, que inclui o famoso s\u00edmbolo do peregrino. A base apresenta um rebordo texturizado em tons quentes, o que lhe confere um toque r\u00fastico e aut\u00eantico. Ideal para exibir ou como um recipiente pr\u00e1tico, esta ta\u00e7a representa a ess\u00eancia da tradi\u00e7\u00e3o do Caminho em cada detalhe.<\/p>\n","protected":false},"featured_media":11745,"template":"","meta":{"_acf_changed":false},"product_brand":[],"product_cat":[513],"product_tag":[],"class_list":{"0":"post-30300","1":"product","2":"type-product","3":"status-publish","4":"has-post-thumbnail","6":"product_cat-bols","7":"pa_ciudad-santiago","8":"pa_motivo-conchas","9":"pa_pais-espana","11":"first","12":"instock","13":"shipping-taxable","14":"product-type-simple"},"acf":[],"_links":{"self":[{"href":"https:\/\/olemosaic.com\/pt-pt\/wp-json\/wp\/v2\/product\/30300","targetHints":{"allow":["GET"]}}],"collection":[{"href":"https:\/\/olemosaic.com\/pt-pt\/wp-json\/wp\/v2\/product"}],"about":[{"href":"https:\/\/olemosaic.com\/pt-pt\/wp-json\/wp\/v2\/types\/product"}],"wp:featuredmedia":[{"embeddable":true,"href":"https:\/\/olemosaic.com\/pt-pt\/wp-json\/wp\/v2\/media\/11745"}],"wp:attachment":[{"href":"https:\/\/olemosaic.com\/pt-pt\/wp-json\/wp\/v2\/media?parent=30300"}],"wp:term":[{"taxonomy":"product_brand","embeddable":true,"href":"https:\/\/olemosaic.com\/pt-pt\/wp-json\/wp\/v2\/product_brand?post=30300"},{"taxonomy":"product_cat","embeddable":true,"href":"https:\/\/olemosaic.com\/pt-pt\/wp-json\/wp\/v2\/product_cat?post=30300"},{"taxonomy":"product_tag","embeddable":true,"href":"https:\/\/olemosaic.com\/pt-pt\/wp-json\/wp\/v2\/product_tag?post=30300"}],"curies":[{"name":"wp","href":"https:\/\/api.w.org\/{rel}","templated":true}]}}