{"id":30298,"date":"2025-02-20T23:30:50","date_gmt":"2025-02-20T22:30:50","guid":{"rendered":"http:\/\/olemosaic.com\/producto\/bol-de-coco-naranja-delfin-2\/"},"modified":"2025-07-25T18:39:22","modified_gmt":"2025-07-25T16:39:22","slug":"taca-de-coco-laranja-golfinho-2","status":"publish","type":"product","link":"https:\/\/olemosaic.com\/pt-pt\/produto\/taca-de-coco-laranja-golfinho-2\/","title":{"rendered":"Ta\u00e7a de coco laranja. Estilo mediterr\u00e2nico. Golfinho."},"content":{"rendered":"<p>Esta ta\u00e7a de coco laranja \u00e9 uma pe\u00e7a excecional e vibrante que captura a ess\u00eancia do mar e da cultura costeira. Com um design pintado \u00e0 m\u00e3o, esta atraente ta\u00e7a apresenta um elegante golfinho no centro, s\u00edmbolo de alegria e gra\u00e7a na \u00e1gua. A superf\u00edcie brilhante e quente, em tons laranja, real\u00e7a a beleza do coco, enquanto a delicada faixa em cores branco e laranja que adorna a sua borda adiciona um toque moderno e art\u00edstico. Ideal tanto para servir deliciosos aperitivos como para utiliz\u00e1-la como elemento decorativo no lar, esta ta\u00e7a \u00e9 uma verdadeira homenagem \u00e0 tradi\u00e7\u00e3o artesanal das regi\u00f5es costeiras.<\/p>\n<p>A liga\u00e7\u00e3o cultural do golfinho nesta pe\u00e7a \u00e9 significativa, uma vez que estes magn\u00edficos mam\u00edferos s\u00e3o frequentemente associados \u00e0s \u00e1guas das costas espanholas e portuguesas, representando um v\u00ednculo entre a natureza e a vida marinha. Esta ta\u00e7a de coco, com as suas cores vibrantes e o seu design minucioso, torna-se uma recorda\u00e7\u00e3o perfeita que comemora a beleza e autenticidade da cultura mediterr\u00e2nica. Na Ol\u00e9 Mosaic, reconhecemos a import\u00e2ncia de oferecer recorda\u00e7\u00f5es aut\u00eanticas e de qualidade, e esta ta\u00e7a de coco \u00e9 uma excelente op\u00e7\u00e3o para lojas de presentes tur\u00edsticos que procuram oferecer aos seus clientes uma pe\u00e7a \u00fanica que reflita a riqueza da sua heran\u00e7a cultural. Como grossistas de recorda\u00e7\u00f5es, garantimos que cada artigo, incluindo esta ta\u00e7a, seja um eco da arte e da tradi\u00e7\u00e3o do seu lugar de origem.<\/p>\n","protected":false},"excerpt":{"rendered":"<p>Ta\u00e7a de coco alaranjada, decorada com um elegante golfinho no centro. Esta atraente ta\u00e7a, feita de coco, apresenta um acabamento brilhante e uma colorida faixa em tons laranja e branco que adorna a sua borda. Ideal para servir aperitivos ou como elemento decorativo, captura a ess\u00eancia do mar e da cultura costeira. O seu design artesanal, pintado \u00e0 m\u00e3o, e a combina\u00e7\u00e3o de texturas tornam-na uma recorda\u00e7\u00e3o excecional que reflete a tradi\u00e7\u00e3o artesanal.<\/p>\n","protected":false},"featured_media":11738,"template":"","meta":{"_acf_changed":false},"product_brand":[],"product_cat":[513],"product_tag":[516],"class_list":{"0":"post-30298","1":"product","2":"type-product","3":"status-publish","4":"has-post-thumbnail","6":"product_cat-bols","7":"product_tag-animais","8":"pa_motivo-golfinhos","10":"first","11":"instock","12":"shipping-taxable","13":"product-type-simple"},"acf":[],"_links":{"self":[{"href":"https:\/\/olemosaic.com\/pt-pt\/wp-json\/wp\/v2\/product\/30298","targetHints":{"allow":["GET"]}}],"collection":[{"href":"https:\/\/olemosaic.com\/pt-pt\/wp-json\/wp\/v2\/product"}],"about":[{"href":"https:\/\/olemosaic.com\/pt-pt\/wp-json\/wp\/v2\/types\/product"}],"wp:featuredmedia":[{"embeddable":true,"href":"https:\/\/olemosaic.com\/pt-pt\/wp-json\/wp\/v2\/media\/11738"}],"wp:attachment":[{"href":"https:\/\/olemosaic.com\/pt-pt\/wp-json\/wp\/v2\/media?parent=30298"}],"wp:term":[{"taxonomy":"product_brand","embeddable":true,"href":"https:\/\/olemosaic.com\/pt-pt\/wp-json\/wp\/v2\/product_brand?post=30298"},{"taxonomy":"product_cat","embeddable":true,"href":"https:\/\/olemosaic.com\/pt-pt\/wp-json\/wp\/v2\/product_cat?post=30298"},{"taxonomy":"product_tag","embeddable":true,"href":"https:\/\/olemosaic.com\/pt-pt\/wp-json\/wp\/v2\/product_tag?post=30298"}],"curies":[{"name":"wp","href":"https:\/\/api.w.org\/{rel}","templated":true}]}}