{"id":30295,"date":"2025-02-20T23:30:50","date_gmt":"2025-02-20T22:30:50","guid":{"rendered":"http:\/\/olemosaic.com\/producto\/bol-de-coco-naranja-rueda\/"},"modified":"2025-07-25T18:44:40","modified_gmt":"2025-07-25T16:44:40","slug":"taca-de-coco-laranja-roda","status":"publish","type":"product","link":"https:\/\/olemosaic.com\/pt-pt\/produto\/taca-de-coco-laranja-roda\/","title":{"rendered":"Ta\u00e7a de coco laranja. Roda."},"content":{"rendered":"<p>Esta ta\u00e7a de coco laranja \u00e9 uma pe\u00e7a decorativa \u00fanica que injeta um toque ex\u00f3tico e vibrante em qualquer casa. Fabricada a partir de casca de coco, este objeto fascinante destaca-se pela sua cor laranja intensa e pelo seu acabamento brilhante que capta a luz, criando um efeito luminoso e atraente. A t\u00e9cnica de pintura \u00e0 m\u00e3o real\u00e7a um intrincado design de roda, com detalhes em branco que contrastam maravilhosamente com o fundo. Este motivo circular n\u00e3o s\u00f3 confere um car\u00e1ter artesanal, como tamb\u00e9m evoca a rica tradi\u00e7\u00e3o da cer\u00e2mica e da decora\u00e7\u00e3o popular, muito valorizada em diversas culturas.<\/p>\n<p>Esta ta\u00e7a \u00e9 um elemento vers\u00e1til, ideal tanto para a mesa como para decorar prateleiras ou mesas de apoio. A sua autenticidade e a arte envolvida na sua cria\u00e7\u00e3o tornam-na uma recorda\u00e7\u00e3o perfeita para quem procura levar um fragmento da cultura local. Al\u00e9m disso, esta ta\u00e7a de coco laranja \u00e9 uma excelente op\u00e7\u00e3o para lojas de presentes tur\u00edsticos que desejem oferecer aos seus clientes uma recorda\u00e7\u00e3o significativa e culturalmente enriquecedora. Na Ol\u00e9 Mosaic, o nosso compromisso \u00e9 distribuir produtos que celebrem a tradi\u00e7\u00e3o e o artesanato, fazendo desta ta\u00e7a uma op\u00e7\u00e3o de qualidade no \u00e2mbito das recorda\u00e7\u00f5es.<\/p>\n","protected":false},"excerpt":{"rendered":"<p>Ta\u00e7a de coco laranja com design de roda, perfeita para adicionar um toque ex\u00f3tico a qualquer casa. Este produto \u00e9 elaborado com casca de coco e destaca-se pela sua cor vibrante e acabamento brilhante. A t\u00e9cnica de design artesanal, pintada \u00e0 m\u00e3o, real\u00e7a um intrincado motivo de roda em tons laranja e detalhes em branco, criando um contraste visual atraente. Ideal como elemento decorativo ou para usar na mesa, esta ta\u00e7a \u00e9 um exemplo aut\u00eantico de artesanato tradicional.<\/p>\n","protected":false},"featured_media":11730,"template":"","meta":{"_acf_changed":false},"product_brand":[],"product_cat":[513],"product_tag":[],"class_list":{"0":"post-30295","1":"product","2":"type-product","3":"status-publish","4":"has-post-thumbnail","6":"product_cat-bols","7":"pa_ciudad-rueda","8":"pa_pais-espana","10":"first","11":"instock","12":"shipping-taxable","13":"product-type-simple"},"acf":[],"_links":{"self":[{"href":"https:\/\/olemosaic.com\/pt-pt\/wp-json\/wp\/v2\/product\/30295","targetHints":{"allow":["GET"]}}],"collection":[{"href":"https:\/\/olemosaic.com\/pt-pt\/wp-json\/wp\/v2\/product"}],"about":[{"href":"https:\/\/olemosaic.com\/pt-pt\/wp-json\/wp\/v2\/types\/product"}],"wp:featuredmedia":[{"embeddable":true,"href":"https:\/\/olemosaic.com\/pt-pt\/wp-json\/wp\/v2\/media\/11730"}],"wp:attachment":[{"href":"https:\/\/olemosaic.com\/pt-pt\/wp-json\/wp\/v2\/media?parent=30295"}],"wp:term":[{"taxonomy":"product_brand","embeddable":true,"href":"https:\/\/olemosaic.com\/pt-pt\/wp-json\/wp\/v2\/product_brand?post=30295"},{"taxonomy":"product_cat","embeddable":true,"href":"https:\/\/olemosaic.com\/pt-pt\/wp-json\/wp\/v2\/product_cat?post=30295"},{"taxonomy":"product_tag","embeddable":true,"href":"https:\/\/olemosaic.com\/pt-pt\/wp-json\/wp\/v2\/product_tag?post=30295"}],"curies":[{"name":"wp","href":"https:\/\/api.w.org\/{rel}","templated":true}]}}