{"id":30274,"date":"2025-02-20T23:30:50","date_gmt":"2025-02-20T22:30:50","guid":{"rendered":"http:\/\/olemosaic.com\/producto\/bol-de-coco-naranja-bailaora-2\/"},"modified":"2025-07-25T18:35:44","modified_gmt":"2025-07-25T16:35:44","slug":"taca-de-coco-laranja-bailarina-flamenco-2","status":"publish","type":"product","link":"https:\/\/olemosaic.com\/pt-pt\/produto\/taca-de-coco-laranja-bailarina-flamenco-2\/","title":{"rendered":"Ta\u00e7a de coco laranja. Bailarina de Flamenco. Espanha."},"content":{"rendered":"<p>Esta ta\u00e7a de coco laranja \u00e9 uma pe\u00e7a decorativa excecional que representa a rica cultura flamenca de Espanha. Elaborada artesanalmente a partir de cascas de coco, este artigo original destaca-se pelo seu acabamento brilhante em tons alaranjados vibrantes, evocando o calor e a paix\u00e3o do flamenco. No seu interior, a ta\u00e7a apresenta uma bela ilustra\u00e7\u00e3o com efeito de pintura \u00e0 m\u00e3o de uma bailarina de flamenco em pleno movimento, captando a energia e o ritmo desta dan\u00e7a tradicional. A silhueta detalhada da bailarina, que se ergue sobre um fundo dourado, real\u00e7a o dinamismo e a eleg\u00e2ncia da arte flamenca, simbolizando o orgulho e a tradi\u00e7\u00e3o de Espanha.<\/p>\n<p>Esta ta\u00e7a n\u00e3o \u00e9 apenas um objeto funcional para o lar, mas tamb\u00e9m um aut\u00eantico souvenir que transporta a ess\u00eancia cultural da regi\u00e3o. O seu design \u00fanico torna-a um excelente presente para quem procura uma recorda\u00e7\u00e3o significativa da sua visita a Espanha, ou para decorar qualquer espa\u00e7o com um toque de arte e tradi\u00e7\u00e3o. Ideal para lojas de presentes tur\u00edsticos, esta ta\u00e7a de coco laranja \u00e9 uma amostra da riqueza artesanal e cultural do pa\u00eds, perfeita para quem deseja levar um peda\u00e7o do patrim\u00f3nio espanhol.<\/p>\n<p>Na Ol\u00e9 Mosaic, somos distribuidores de souvenirs aut\u00eanticos que captam a ess\u00eancia de cada canto de Espanha, e esta ta\u00e7a de coco \u00e9 uma representa\u00e7\u00e3o ideal da nossa miss\u00e3o de oferecer produtos originais e culturalmente relevantes. Como grossistas de artesanato, garantimos a qualidade e a autenticidade em cada um dos nossos artigos.<\/p>\n","protected":false},"excerpt":{"rendered":"<p>Ta\u00e7a de coco laranja com um design elegante que representa uma bailarina de flamenco. Este artigo original, elaborado a partir de casca de coco, apresenta um acabamento brilhante em tons laranja e detalhes dourados. A silhueta da bailarina parece ser pintada \u00e0 m\u00e3o, captando o movimento e a paix\u00e3o do flamenco. Perfeito para decorar qualquer espa\u00e7o ou como um presente exclusivo que evoca a ess\u00eancia cultural espanhola.<\/p>\n","protected":false},"featured_media":13419,"template":"","meta":{"_acf_changed":false},"product_brand":[],"product_cat":[513],"product_tag":[],"class_list":{"0":"post-30274","1":"product","2":"type-product","3":"status-publish","4":"has-post-thumbnail","6":"product_cat-bols","7":"pa_motivo-dancarinos","9":"first","10":"instock","11":"shipping-taxable","12":"product-type-simple"},"acf":[],"_links":{"self":[{"href":"https:\/\/olemosaic.com\/pt-pt\/wp-json\/wp\/v2\/product\/30274","targetHints":{"allow":["GET"]}}],"collection":[{"href":"https:\/\/olemosaic.com\/pt-pt\/wp-json\/wp\/v2\/product"}],"about":[{"href":"https:\/\/olemosaic.com\/pt-pt\/wp-json\/wp\/v2\/types\/product"}],"wp:featuredmedia":[{"embeddable":true,"href":"https:\/\/olemosaic.com\/pt-pt\/wp-json\/wp\/v2\/media\/13419"}],"wp:attachment":[{"href":"https:\/\/olemosaic.com\/pt-pt\/wp-json\/wp\/v2\/media?parent=30274"}],"wp:term":[{"taxonomy":"product_brand","embeddable":true,"href":"https:\/\/olemosaic.com\/pt-pt\/wp-json\/wp\/v2\/product_brand?post=30274"},{"taxonomy":"product_cat","embeddable":true,"href":"https:\/\/olemosaic.com\/pt-pt\/wp-json\/wp\/v2\/product_cat?post=30274"},{"taxonomy":"product_tag","embeddable":true,"href":"https:\/\/olemosaic.com\/pt-pt\/wp-json\/wp\/v2\/product_tag?post=30274"}],"curies":[{"name":"wp","href":"https:\/\/api.w.org\/{rel}","templated":true}]}}