{"id":30272,"date":"2025-02-20T23:30:49","date_gmt":"2025-02-20T22:30:49","guid":{"rendered":"http:\/\/olemosaic.com\/producto\/bol-de-coco-naranja-caballito-de-mar-mallorca-2\/"},"modified":"2025-07-25T19:14:38","modified_gmt":"2025-07-25T17:14:38","slug":"taca-de-coco-laranja-cavalo-marinho-maiorca-2","status":"publish","type":"product","link":"https:\/\/olemosaic.com\/pt-pt\/produto\/taca-de-coco-laranja-cavalo-marinho-maiorca-2\/","title":{"rendered":"Ta\u00e7a de coco laranja. Cavalo-marinho. Estilo mediterr\u00e2nico. Maiorca."},"content":{"rendered":"<p>Esta ta\u00e7a de coco laranja \u00e9 uma obra de arte que capta a vibrante ess\u00eancia de Maiorca, desenhada especialmente para quem procura uma recorda\u00e7\u00e3o aut\u00eantica e decorativa. Fabricada \u00e0 m\u00e3o com t\u00e9cnicas tradicionais, esta ta\u00e7a apresenta um deslumbrante acabamento num tom laranja brilhante, evocando as cores do mar Mediterr\u00e2neo e os espetaculares pores do sol da ilha. No centro da ta\u00e7a, um delicado cavalo-marinho, s\u00edmbolo da vida marinha e do encanto do oceano, cujo design anat\u00f3mico real\u00e7a o valor art\u00edstico do produto. A borda est\u00e1 adornada com um padr\u00e3o elegante que complementa a paleta de cores, enquanto a palavra &#8220;MALLORCA&#8221; \u00e9 impressa de forma destacada, convertendo a ta\u00e7a numa recorda\u00e7\u00e3o indel\u00e9vel da sua visita a esta ilha paradis\u00edaca.<\/p>\n<p>Esta ta\u00e7a n\u00e3o \u00e9 apenas uma aut\u00eantica recorda\u00e7\u00e3o de Maiorca, mas ergue-se como um elemento decorativo que combinar\u00e1 com qualquer ambiente. Ideal para os turistas que procuram levar um peda\u00e7o da cultura maiorquina, este artigo reflete a beleza e singularidade do patrim\u00f3nio local. Na Ol\u00e9 Mosaic, orgulhamo-nos de distribuir recorda\u00e7\u00f5es de qualidade, sendo o seu grossista de confian\u00e7a para artigos que encapsulam a rica tradi\u00e7\u00e3o e o folclore de Espanha. Esta ta\u00e7a de coco \u00e9, sem d\u00favida, uma excelente op\u00e7\u00e3o para lojas de presentes tur\u00edsticos que desejam oferecer produtos \u00fanicos e representativos da cultura espanhola.<\/p>\n","protected":false},"excerpt":{"rendered":"<p>Ta\u00e7a de coco de um laranja vibrante, decorada com um delicado cavalo-marinho no centro, que representa a beleza mar\u00edtima de Maiorca. Este artigo exclusivo, elaborado \u00e0 m\u00e3o, destaca-se pelo seu design art\u00edstico e pela sua t\u00e9cnica \u00fanica, que combina elementos tradicionais. A borda est\u00e1 adornada com um padr\u00e3o elegante que real\u00e7a as cores brilhantes, e a palavra &#8220;MALLORCA&#8221; \u00e9 impressa de forma distintiva. Ideal como recorda\u00e7\u00e3o ou elemento decorativo.<\/p>\n","protected":false},"featured_media":11777,"template":"","meta":{"_acf_changed":false},"product_brand":[],"product_cat":[513],"product_tag":[516],"class_list":{"0":"post-30272","1":"product","2":"type-product","3":"status-publish","4":"has-post-thumbnail","6":"product_cat-bols","7":"product_tag-animais","8":"pa_ciudad-mallorca","9":"pa_motivo-cavalos-marinhos","10":"pa_pais-espana","12":"first","13":"instock","14":"shipping-taxable","15":"product-type-simple"},"acf":[],"_links":{"self":[{"href":"https:\/\/olemosaic.com\/pt-pt\/wp-json\/wp\/v2\/product\/30272","targetHints":{"allow":["GET"]}}],"collection":[{"href":"https:\/\/olemosaic.com\/pt-pt\/wp-json\/wp\/v2\/product"}],"about":[{"href":"https:\/\/olemosaic.com\/pt-pt\/wp-json\/wp\/v2\/types\/product"}],"wp:featuredmedia":[{"embeddable":true,"href":"https:\/\/olemosaic.com\/pt-pt\/wp-json\/wp\/v2\/media\/11777"}],"wp:attachment":[{"href":"https:\/\/olemosaic.com\/pt-pt\/wp-json\/wp\/v2\/media?parent=30272"}],"wp:term":[{"taxonomy":"product_brand","embeddable":true,"href":"https:\/\/olemosaic.com\/pt-pt\/wp-json\/wp\/v2\/product_brand?post=30272"},{"taxonomy":"product_cat","embeddable":true,"href":"https:\/\/olemosaic.com\/pt-pt\/wp-json\/wp\/v2\/product_cat?post=30272"},{"taxonomy":"product_tag","embeddable":true,"href":"https:\/\/olemosaic.com\/pt-pt\/wp-json\/wp\/v2\/product_tag?post=30272"}],"curies":[{"name":"wp","href":"https:\/\/api.w.org\/{rel}","templated":true}]}}