{"id":30271,"date":"2025-02-20T23:30:49","date_gmt":"2025-02-20T22:30:49","guid":{"rendered":"http:\/\/olemosaic.com\/producto\/bol-de-coco-naranja-sagrada-familia-barcelona-2\/"},"modified":"2025-07-25T20:23:39","modified_gmt":"2025-07-25T18:23:39","slug":"taca-de-coco-laranja-sagrada-familia-barcelona-2","status":"publish","type":"product","link":"https:\/\/olemosaic.com\/pt-pt\/produto\/taca-de-coco-laranja-sagrada-familia-barcelona-2\/","title":{"rendered":"Ta\u00e7a de coco laranja. Sagrada Fam\u00edlia. Gaud\u00ed. Barcelona."},"content":{"rendered":"<p>Esta ta\u00e7a de coco laranja \u00e9 uma aut\u00eantica joia inspirada na emblem\u00e1tica Sagrada Fam\u00edlia de Barcelona, desenhada para os amantes da decora\u00e7\u00e3o e da gastronomia. Elaborada com material de coco, apresenta um interior laranja vibrante que confere um toque de frescura e vitalidade a qualquer espa\u00e7o. No centro, destaca-se um elegante log\u00f3tipo da Sagrada Fam\u00edlia em cor branca, que n\u00e3o s\u00f3 refor\u00e7a a sua liga\u00e7\u00e3o cultural com a cidade, como tamb\u00e9m acrescenta um toque de sofistica\u00e7\u00e3o ao seu design.<\/p>\n<p>A parte exterior da ta\u00e7a conserva a textura natural do coco, o que a torna uma pe\u00e7a decorativa \u00fanica que encanta tanto turistas como locais. A sua forma arredondada e ampla torna-a o recipiente ideal para servir aperitivos, saladas ou frutos secos, ao mesmo tempo que atua como um elemento decorativo que atrai a aten\u00e7\u00e3o em qualquer mesa. Esta ta\u00e7a n\u00e3o \u00e9 apenas um utens\u00edlio pr\u00e1tico, mas tamb\u00e9m uma recorda\u00e7\u00e3o representativa de Barcelona, perfeita para quem deseja levar para casa um peda\u00e7o desta vibrante cidade.<\/p>\n<p>Na Ol\u00e9 Mosaic, somos distribuidores grossistas de souvenirs aut\u00eanticos como esta ta\u00e7a de coco, que capta n\u00e3o s\u00f3 a ess\u00eancia da Sagrada Fam\u00edlia, mas tamb\u00e9m o calor e o esp\u00edrito de Barcelona. Este produto \u00e9 uma excelente ideia para lojas de presentes tur\u00edsticos que procuram oferecer souvenirs de qualidade, \u00fanicos e com um forte v\u00ednculo cultural.<\/p>\n","protected":false},"excerpt":{"rendered":"<p>Ta\u00e7a de coco laranja inspirada na emblem\u00e1tica Sagrada Fam\u00edlia de Barcelona. Esta encantadora ta\u00e7a, elaborada com material de coco, apresenta um interior laranja vibrante com um design muito especial, onde se destaca o ic\u00f3nico log\u00f3tipo da Sagrada Fam\u00edlia em cor branca. O exterior, com uma textura natural, complementa a paleta de cores, tornando-a uma pe\u00e7a decorativa ideal para qualquer casa. A sua forma arredondada torna-a perfeita para servir aperitivos ou simplesmente como elemento decorativo.<\/p>\n","protected":false},"featured_media":12022,"template":"","meta":{"_acf_changed":false},"product_brand":[],"product_cat":[513],"product_tag":[],"class_list":{"0":"post-30271","1":"product","2":"type-product","3":"status-publish","4":"has-post-thumbnail","6":"product_cat-bols","7":"pa_ciudad-barcelona","8":"pa_motivo-sagrada-familia","9":"pa_pais-espana","11":"first","12":"instock","13":"shipping-taxable","14":"product-type-simple"},"acf":[],"_links":{"self":[{"href":"https:\/\/olemosaic.com\/pt-pt\/wp-json\/wp\/v2\/product\/30271","targetHints":{"allow":["GET"]}}],"collection":[{"href":"https:\/\/olemosaic.com\/pt-pt\/wp-json\/wp\/v2\/product"}],"about":[{"href":"https:\/\/olemosaic.com\/pt-pt\/wp-json\/wp\/v2\/types\/product"}],"wp:featuredmedia":[{"embeddable":true,"href":"https:\/\/olemosaic.com\/pt-pt\/wp-json\/wp\/v2\/media\/12022"}],"wp:attachment":[{"href":"https:\/\/olemosaic.com\/pt-pt\/wp-json\/wp\/v2\/media?parent=30271"}],"wp:term":[{"taxonomy":"product_brand","embeddable":true,"href":"https:\/\/olemosaic.com\/pt-pt\/wp-json\/wp\/v2\/product_brand?post=30271"},{"taxonomy":"product_cat","embeddable":true,"href":"https:\/\/olemosaic.com\/pt-pt\/wp-json\/wp\/v2\/product_cat?post=30271"},{"taxonomy":"product_tag","embeddable":true,"href":"https:\/\/olemosaic.com\/pt-pt\/wp-json\/wp\/v2\/product_tag?post=30271"}],"curies":[{"name":"wp","href":"https:\/\/api.w.org\/{rel}","templated":true}]}}