{"id":30239,"date":"2025-02-20T23:30:49","date_gmt":"2025-02-20T22:30:49","guid":{"rendered":"http:\/\/olemosaic.com\/producto\/bol-de-coco-naranja-salamandra-barcelona-2\/"},"modified":"2025-07-25T18:58:15","modified_gmt":"2025-07-25T16:58:15","slug":"taca-de-coco-laranja-salamandra-barcelona-2","status":"publish","type":"product","link":"https:\/\/olemosaic.com\/pt-pt\/produto\/taca-de-coco-laranja-salamandra-barcelona-2\/","title":{"rendered":"Ta\u00e7a de coco laranja. Salamandra. Gaud\u00ed. Barcelona."},"content":{"rendered":"<p>Esta ta\u00e7a de coco laranja \u00e9 uma requintada recorda\u00e7\u00e3o de Barcelona que captura a ess\u00eancia da obra do famoso arquiteto modernista Antoni Gaud\u00ed. Com uma cor laranja vibrante no seu interior, a ta\u00e7a destaca-se pelo seu design \u00fanico, adornado com uma elegante salamandra branca que representa um dos elementos mais ic\u00f3nicos do legado de Gaud\u00ed. A salamandra, s\u00edmbolo da vida e da criatividade, \u00e9 cuidadosamente elaborada, contrastando de forma espetacular com o fundo quente da ta\u00e7a. Ao seu redor, um delicado padr\u00e3o decorativo evoca a est\u00e9tica modernista, criando um efeito visual que transporta quem a observa para as maravilhas arquitet\u00f3nicas da cidade.<\/p>\n<p>A inscri\u00e7\u00e3o &#8220;Barcelona&#8221; apresenta-se de forma proeminente, adicionando um toque de autenticidade que converte esta ta\u00e7a numa recorda\u00e7\u00e3o representativa da cidade. Ideal tanto para uso decorativo como para dar um toque de originalidade \u00e0 mesa, a sua versatilidade torna-a um presente perfeito para quem procura recorda\u00e7\u00f5es aut\u00eanticas e significativas. Na Ol\u00e9 Mosaic, estamos comprometidos com a distribui\u00e7\u00e3o de recorda\u00e7\u00f5es por grosso que reflitam a riqueza cultural de Espanha. Esta ta\u00e7a de coco, com o seu design atraente e liga\u00e7\u00e3o cultural, \u00e9 uma excelente op\u00e7\u00e3o para lojas de presentes tur\u00edsticos que desejem oferecer produtos que celebrem a heran\u00e7a espanhola.<\/p>\n","protected":false},"excerpt":{"rendered":"<p>Ta\u00e7a de coco laranja decorada com uma salamandra, um design t\u00edpico da obra de Gaud\u00ed, e a inscri\u00e7\u00e3o &#8220;Barcelona&#8221;. Esta atraente ta\u00e7a apresenta uma cor laranja vibrante no interior, rodeada por um delicado padr\u00e3o que evoca a est\u00e9tica modernista. A salamandra, em branco, destaca-se sobre o fundo quente, e a originalidade do seu design torna-a uma recorda\u00e7\u00e3o perfeita que captura a ess\u00eancia da cidade condal. Ideal para decora\u00e7\u00e3o ou como recorda\u00e7\u00e3o.<\/p>\n","protected":false},"featured_media":11753,"template":"","meta":{"_acf_changed":false},"product_brand":[],"product_cat":[513],"product_tag":[516],"class_list":{"0":"post-30239","1":"product","2":"type-product","3":"status-publish","4":"has-post-thumbnail","6":"product_cat-bols","7":"product_tag-animais","8":"pa_ciudad-barcelona","9":"pa_motivo-salamandras","10":"pa_pais-espana","12":"first","13":"instock","14":"shipping-taxable","15":"product-type-simple"},"acf":[],"_links":{"self":[{"href":"https:\/\/olemosaic.com\/pt-pt\/wp-json\/wp\/v2\/product\/30239","targetHints":{"allow":["GET"]}}],"collection":[{"href":"https:\/\/olemosaic.com\/pt-pt\/wp-json\/wp\/v2\/product"}],"about":[{"href":"https:\/\/olemosaic.com\/pt-pt\/wp-json\/wp\/v2\/types\/product"}],"wp:featuredmedia":[{"embeddable":true,"href":"https:\/\/olemosaic.com\/pt-pt\/wp-json\/wp\/v2\/media\/11753"}],"wp:attachment":[{"href":"https:\/\/olemosaic.com\/pt-pt\/wp-json\/wp\/v2\/media?parent=30239"}],"wp:term":[{"taxonomy":"product_brand","embeddable":true,"href":"https:\/\/olemosaic.com\/pt-pt\/wp-json\/wp\/v2\/product_brand?post=30239"},{"taxonomy":"product_cat","embeddable":true,"href":"https:\/\/olemosaic.com\/pt-pt\/wp-json\/wp\/v2\/product_cat?post=30239"},{"taxonomy":"product_tag","embeddable":true,"href":"https:\/\/olemosaic.com\/pt-pt\/wp-json\/wp\/v2\/product_tag?post=30239"}],"curies":[{"name":"wp","href":"https:\/\/api.w.org\/{rel}","templated":true}]}}