{"id":30238,"date":"2025-02-20T23:30:49","date_gmt":"2025-02-20T22:30:49","guid":{"rendered":"http:\/\/olemosaic.com\/producto\/bol-de-coco-naranja-caballito-de-mar-2\/"},"modified":"2025-07-25T20:13:11","modified_gmt":"2025-07-25T18:13:11","slug":"taca-de-coco-laranja-cavalo-marinho-2","status":"publish","type":"product","link":"https:\/\/olemosaic.com\/pt-pt\/produto\/taca-de-coco-laranja-cavalo-marinho-2\/","title":{"rendered":"Ta\u00e7a de coco laranja. Cavalo-marinho. Estilo mediterr\u00e2nico."},"content":{"rendered":"<p>Esta ta\u00e7a de coco laranja \u00e9 um requintado objeto artesanal que confere um toque ex\u00f3tico e vibrante a qualquer espa\u00e7o. Feita \u00e0 m\u00e3o com esmero, o seu design apresenta uma cor laranja intensa, adornada com um delicado cavalo-marinho que emerge em tons dourados e brancos, criando um efeito visual cativante. As texturas naturais do coco complementam este elemento decorativo, fazendo desta ta\u00e7a uma pe\u00e7a \u00fanica que combina funcionalidade e est\u00e9tica. Ideal tanto como recipiente para pequenos objetos como para decora\u00e7\u00e3o, esta ta\u00e7a celebra a rica tradi\u00e7\u00e3o do folclore marinho, evocando a beleza e a misticidade do mundo aqu\u00e1tico.<\/p>\n<p>A liga\u00e7\u00e3o cultural do design com a regi\u00e3o torna-se evidente na sua est\u00e9tica, que remete para a vida marinha e para a heran\u00e7a artesanal das zonas costeiras. Esta ta\u00e7a n\u00e3o s\u00f3 \u00e9 uma excelente recorda\u00e7\u00e3o, como tamb\u00e9m um s\u00edmbolo do patrim\u00f3nio cultural pela sua elaborada t\u00e9cnica de cria\u00e7\u00e3o, que reflete a dedica\u00e7\u00e3o dos artes\u00e3os locais. Na Ol\u00e9 Mosaic, oferecemos esta ta\u00e7a de coco como parte da nossa cole\u00e7\u00e3o de recorda\u00e7\u00f5es aut\u00eanticas, ideal para lojas de presentes tur\u00edsticos que procuram pe\u00e7as distintivas e relevantes. Como grossistas de produtos artesanais, garantimos a qualidade e a originalidade de cada artigo, convertendo esta ta\u00e7a de coco num presente memor\u00e1vel para quem procura levar consigo um peda\u00e7o da cultura marinha.<\/p>\n","protected":false},"excerpt":{"rendered":"<p>Ta\u00e7a de coco laranja decorada com um delicado cavalo-marinho, ideal para conferir um toque ex\u00f3tico a qualquer espa\u00e7o. Este objeto exclusivo, feito \u00e0 m\u00e3o, combina a textura natural do coco com um vibrante design em tons laranja e detalhes em branco, criando um efeito visual atraente. Perfeita para usar como elemento decorativo ou como recipiente para pequenos objetos, esta ta\u00e7a representa a riqueza do folclore marinho da regi\u00e3o.<\/p>\n","protected":false},"featured_media":10074,"template":"","meta":{"_acf_changed":false},"product_brand":[],"product_cat":[513],"product_tag":[516],"class_list":{"0":"post-30238","1":"product","2":"type-product","3":"status-publish","4":"has-post-thumbnail","6":"product_cat-bols","7":"product_tag-animais","8":"pa_motivo-cavalos-marinhos","10":"first","11":"instock","12":"shipping-taxable","13":"product-type-simple"},"acf":[],"_links":{"self":[{"href":"https:\/\/olemosaic.com\/pt-pt\/wp-json\/wp\/v2\/product\/30238","targetHints":{"allow":["GET"]}}],"collection":[{"href":"https:\/\/olemosaic.com\/pt-pt\/wp-json\/wp\/v2\/product"}],"about":[{"href":"https:\/\/olemosaic.com\/pt-pt\/wp-json\/wp\/v2\/types\/product"}],"wp:featuredmedia":[{"embeddable":true,"href":"https:\/\/olemosaic.com\/pt-pt\/wp-json\/wp\/v2\/media\/10074"}],"wp:attachment":[{"href":"https:\/\/olemosaic.com\/pt-pt\/wp-json\/wp\/v2\/media?parent=30238"}],"wp:term":[{"taxonomy":"product_brand","embeddable":true,"href":"https:\/\/olemosaic.com\/pt-pt\/wp-json\/wp\/v2\/product_brand?post=30238"},{"taxonomy":"product_cat","embeddable":true,"href":"https:\/\/olemosaic.com\/pt-pt\/wp-json\/wp\/v2\/product_cat?post=30238"},{"taxonomy":"product_tag","embeddable":true,"href":"https:\/\/olemosaic.com\/pt-pt\/wp-json\/wp\/v2\/product_tag?post=30238"}],"curies":[{"name":"wp","href":"https:\/\/api.w.org\/{rel}","templated":true}]}}