{"id":30237,"date":"2025-02-20T23:30:49","date_gmt":"2025-02-20T22:30:49","guid":{"rendered":"http:\/\/olemosaic.com\/producto\/bol-de-coco-naranja-caballito-de-mar-gran-canaria\/"},"modified":"2025-07-25T20:18:00","modified_gmt":"2025-07-25T18:18:00","slug":"taca-de-coco-laranja-cavalo-marinho-gran-canaria","status":"publish","type":"product","link":"https:\/\/olemosaic.com\/pt-pt\/produto\/taca-de-coco-laranja-cavalo-marinho-gran-canaria\/","title":{"rendered":"Ta\u00e7a de coco laranja. Cavalo-marinho. Gran Canaria."},"content":{"rendered":"<p>Esta ta\u00e7a de coco laranja \u00e9 uma recorda\u00e7\u00e3o encantadora de Gran Canaria, ideal para quem deseja levar consigo um peda\u00e7o da vibrante cultura mar\u00edtima desta preciosa ilha. Elaborada de forma artesanal, esta ta\u00e7a apresenta um design pintado \u00e0 m\u00e3o que captura a ess\u00eancia do oceano com uma colorida combina\u00e7\u00e3o de tons quentes e vibrantes. O atraente cavalo-marinho, meticulosamente ilustrado no interior da ta\u00e7a, simboliza a vida marinha que rodeia as costas can\u00e1rias, evocando mem\u00f3rias de dias soalheiros na praia.<\/p>\n<p>Na parte central, a inscri\u00e7\u00e3o &#8220;Gran Canaria&#8221; brilha com um acabamento elegante, proporcionando um toque distintivo a esta pe\u00e7a. A textura natural do coco, combinada com as cores vivas da pintura, cria um design \u00fanico que n\u00e3o s\u00f3 \u00e9 visualmente atraente, mas tamb\u00e9m um aut\u00eantico reflexo do artesanato local. Esta ta\u00e7a n\u00e3o s\u00f3 \u00e9 funcional, como tamb\u00e9m serve como um elemento decorativo que pode embelezar qualquer canto da casa, recordando os maravilhosos dias na ilha.<\/p>\n<p>Na Ol\u00e9 Mosaic, orgulhamo-nos de oferecer recorda\u00e7\u00f5es aut\u00eanticas que celebram a rica cultura espanhola. Esta ta\u00e7a de coco \u00e9 uma excelente op\u00e7\u00e3o para lojas de presentes tur\u00edsticos que procuram produtos \u00fanicos e representativos da regi\u00e3o. Com a nossa vasta gama de artigos, apoiamos os grossistas de recorda\u00e7\u00f5es na procura de elementos que contem uma hist\u00f3ria. Esta ta\u00e7a de coco \u00e9, sem d\u00favida, uma recorda\u00e7\u00e3o inesquec\u00edvel de Gran Canaria, perfeita para turistas que apreciam a autenticidade e a beleza da arte local.<\/p>\n","protected":false},"excerpt":{"rendered":"<p>Ta\u00e7a de coco alaranjada, decorada com um encantador cavalo-marinho que representa a cultura marinha de Gran Canaria. Este precioso artigo artesanal apresenta um design artesanal, pintado \u00e0 m\u00e3o, com detalhes em tons vibrantes que real\u00e7am a textura do coco. Na parte central destaca-se a inscri\u00e7\u00e3o &#8220;Gran Canaria&#8221; com um acabamento elegante. Uma recorda\u00e7\u00e3o ideal que encerra a ess\u00eancia do oceano e a vida local, perfeita para decorar qualquer canto da casa.<\/p>\n","protected":false},"featured_media":10137,"template":"","meta":{"_acf_changed":false},"product_brand":[],"product_cat":[513],"product_tag":[516],"class_list":{"0":"post-30237","1":"product","2":"type-product","3":"status-publish","4":"has-post-thumbnail","6":"product_cat-bols","7":"product_tag-animais","8":"pa_ciudad-gran-canaria","9":"pa_motivo-cavalos-marinhos","10":"pa_pais-espana","12":"first","13":"instock","14":"shipping-taxable","15":"product-type-simple"},"acf":[],"_links":{"self":[{"href":"https:\/\/olemosaic.com\/pt-pt\/wp-json\/wp\/v2\/product\/30237","targetHints":{"allow":["GET"]}}],"collection":[{"href":"https:\/\/olemosaic.com\/pt-pt\/wp-json\/wp\/v2\/product"}],"about":[{"href":"https:\/\/olemosaic.com\/pt-pt\/wp-json\/wp\/v2\/types\/product"}],"wp:featuredmedia":[{"embeddable":true,"href":"https:\/\/olemosaic.com\/pt-pt\/wp-json\/wp\/v2\/media\/10137"}],"wp:attachment":[{"href":"https:\/\/olemosaic.com\/pt-pt\/wp-json\/wp\/v2\/media?parent=30237"}],"wp:term":[{"taxonomy":"product_brand","embeddable":true,"href":"https:\/\/olemosaic.com\/pt-pt\/wp-json\/wp\/v2\/product_brand?post=30237"},{"taxonomy":"product_cat","embeddable":true,"href":"https:\/\/olemosaic.com\/pt-pt\/wp-json\/wp\/v2\/product_cat?post=30237"},{"taxonomy":"product_tag","embeddable":true,"href":"https:\/\/olemosaic.com\/pt-pt\/wp-json\/wp\/v2\/product_tag?post=30237"}],"curies":[{"name":"wp","href":"https:\/\/api.w.org\/{rel}","templated":true}]}}