{"id":30236,"date":"2025-02-20T23:30:48","date_gmt":"2025-02-20T22:30:48","guid":{"rendered":"http:\/\/olemosaic.com\/producto\/bol-de-coco-naranja-isla-tenerife\/"},"modified":"2025-07-25T18:50:50","modified_gmt":"2025-07-25T16:50:50","slug":"taca-de-coco-laranja-ilha-tenerife","status":"publish","type":"product","link":"https:\/\/olemosaic.com\/pt-pt\/produto\/taca-de-coco-laranja-ilha-tenerife\/","title":{"rendered":"Ta\u00e7a de coco laranja. Ilha. Tenerife."},"content":{"rendered":"<p>Esta ta\u00e7a de coco laranja \u00e9 uma recorda\u00e7\u00e3o emblem\u00e1tica da ilha de Tenerife, que captura a ess\u00eancia da vibrante paisagem can\u00e1ria. Elaborada com aut\u00eantica casca de coco, esta encantadora ta\u00e7a apresenta uma cor laranja radiante que evoca o calor do sol de Tenerife. No centro, destaca-se a elegante silhueta da ilha, marcada em branco puro, o que confere um toque moderno e divertido ao design. O rebordo da ta\u00e7a est\u00e1 delicadamente decorado com detalhes em tons castanhos, que acentuam a textura natural e \u00fanica do coco, fazendo de cada pe\u00e7a uma obra de arte artesanal.<\/p>\n<p>Ideal tanto para servir aperitivos como para ser utilizada como pe\u00e7a decorativa, esta ta\u00e7a n\u00e3o s\u00f3 \u00e9 funcional, como tamb\u00e9m atua como uma preciosa recorda\u00e7\u00e3o das maravilhas de Tenerife. Representa a rica cultura e o estilo de vida relaxado das Ilhas Can\u00e1rias, tornando-a um presente perfeito para turistas que procuram recorda\u00e7\u00f5es aut\u00eanticas que capturem a ess\u00eancia local. Na Ol\u00e9 Mosaic, como grossistas de recorda\u00e7\u00f5es, garantimos produtos de alta qualidade que refletem a autenticidade do seu lugar de origem. Esta ta\u00e7a de coco laranja \u00e9 uma excelente op\u00e7\u00e3o para lojas de presentes tur\u00edsticos que desejam oferecer aos seus clientes uma pe\u00e7a significativa e representativa de Tenerife.<\/p>\n","protected":false},"excerpt":{"rendered":"<p>Ta\u00e7a de coco laranja, elaborada com casca de coco e inspirada na ilha de Tenerife. Esta original ta\u00e7a apresenta uma cor laranja vibrante com um design muito especial que inclui a silhueta da ilha marcada a branco, conferindo um toque moderno e divertido. O seu rebordo est\u00e1 decorado com detalhes em tons castanhos que real\u00e7am a textura natural do coco. Perfeita para servir aperitivos ou como pe\u00e7a decorativa, evoca o calor e o encanto can\u00e1rio.<\/p>\n","protected":false},"featured_media":11789,"template":"","meta":{"_acf_changed":false},"product_brand":[],"product_cat":[513],"product_tag":[],"class_list":{"0":"post-30236","1":"product","2":"type-product","3":"status-publish","4":"has-post-thumbnail","6":"product_cat-bols","7":"pa_ciudad-tenerife","8":"pa_motivo-ilhas","9":"pa_pais-espana","11":"first","12":"instock","13":"shipping-taxable","14":"product-type-simple"},"acf":[],"_links":{"self":[{"href":"https:\/\/olemosaic.com\/pt-pt\/wp-json\/wp\/v2\/product\/30236","targetHints":{"allow":["GET"]}}],"collection":[{"href":"https:\/\/olemosaic.com\/pt-pt\/wp-json\/wp\/v2\/product"}],"about":[{"href":"https:\/\/olemosaic.com\/pt-pt\/wp-json\/wp\/v2\/types\/product"}],"wp:featuredmedia":[{"embeddable":true,"href":"https:\/\/olemosaic.com\/pt-pt\/wp-json\/wp\/v2\/media\/11789"}],"wp:attachment":[{"href":"https:\/\/olemosaic.com\/pt-pt\/wp-json\/wp\/v2\/media?parent=30236"}],"wp:term":[{"taxonomy":"product_brand","embeddable":true,"href":"https:\/\/olemosaic.com\/pt-pt\/wp-json\/wp\/v2\/product_brand?post=30236"},{"taxonomy":"product_cat","embeddable":true,"href":"https:\/\/olemosaic.com\/pt-pt\/wp-json\/wp\/v2\/product_cat?post=30236"},{"taxonomy":"product_tag","embeddable":true,"href":"https:\/\/olemosaic.com\/pt-pt\/wp-json\/wp\/v2\/product_tag?post=30236"}],"curies":[{"name":"wp","href":"https:\/\/api.w.org\/{rel}","templated":true}]}}