{"id":30196,"date":"2025-02-20T23:30:45","date_gmt":"2025-02-20T22:30:45","guid":{"rendered":"http:\/\/olemosaic.com\/producto\/bol-de-coco-marron-caballito-de-mar-gran-canaria-2\/"},"modified":"2025-07-25T18:43:29","modified_gmt":"2025-07-25T16:43:29","slug":"taca-de-coco-castanha-cavalo-marinho-gran-canaria-2","status":"publish","type":"product","link":"https:\/\/olemosaic.com\/pt-pt\/produto\/taca-de-coco-castanha-cavalo-marinho-gran-canaria-2\/","title":{"rendered":"Ta\u00e7a de coco castanha. Cavalo-marinho. Gran Canaria. Fundo marinho."},"content":{"rendered":"<p>Esta ta\u00e7a de coco castanha, feita \u00e0 m\u00e3o, \u00e9 uma pe\u00e7a requintada que captura a ess\u00eancia da rica fauna marinha de Gran Canaria. O seu design muito especial apresenta um elegante cavalo-marinho em tons dourados, al\u00e9m de um fundo adornado com padr\u00f5es \u00fanicos em cor castanha que evocam a beleza natural das Ilhas Can\u00e1rias. O texto &#8220;Gran Canaria&#8221; est\u00e1 subtilmente integrado, real\u00e7ando a sua origem em cada utiliza\u00e7\u00e3o.<\/p>\n<p>Cada ta\u00e7a \u00e9 uma amostra da arte local, feita com especial aten\u00e7\u00e3o aos detalhes, o que a torna tanto uma pe\u00e7a decorativa como um \u00fatil complemento para o uso di\u00e1rio. A sua forma org\u00e2nica e o brilho do dourado conferem um toque de sofistica\u00e7\u00e3o a qualquer ambiente, enquanto a sua liga\u00e7\u00e3o cultural com Gran Canaria a transforma numa recorda\u00e7\u00e3o inesquec\u00edvel.<\/p>\n<p>Esta ta\u00e7a n\u00e3o s\u00f3 representa a biodiversidade da regi\u00e3o, como tamb\u00e9m simboliza a habilidade dos artes\u00e3os can\u00e1rios, que aperfei\u00e7oaram esta arte ao longo de gera\u00e7\u00f5es. Na Ol\u00e9 Mosaic, como distribuidores de souvenirs aut\u00eanticos, oferecemos uma variedade de produtos que refletem a cultura espanhola e o encanto dos seus diferentes recantos. Esta ta\u00e7a de coco castanha \u00e9 a op\u00e7\u00e3o ideal para turistas que procuram recorda\u00e7\u00f5es representativas de Gran Canaria, prometendo levar um peda\u00e7o da sua beleza em cada lembran\u00e7a.<\/p>\n","protected":false},"excerpt":{"rendered":"<p>Ta\u00e7a de coco artesanal castanha, inspirada na rica fauna marinha de Gran Canaria. Esta elegante ta\u00e7a apresenta um design muito especial de um cavalo-marinho em tons dourados, combinado com um fundo de padr\u00f5es \u00fanicos em cor castanha. A decora\u00e7\u00e3o inclui o texto &#8220;Gran Canaria&#8221;, destacando a sua origem. Ideal como pe\u00e7a decorativa ou para uso di\u00e1rio, reflete a ess\u00eancia da arte local e a beleza natural das Ilhas Can\u00e1rias.<\/p>\n","protected":false},"featured_media":10138,"template":"","meta":{"_acf_changed":false},"product_brand":[],"product_cat":[513],"product_tag":[516],"class_list":{"0":"post-30196","1":"product","2":"type-product","3":"status-publish","4":"has-post-thumbnail","6":"product_cat-bols","7":"product_tag-animais","8":"pa_ciudad-gran-canaria","9":"pa_motivo-cavalos-marinhos","10":"pa_pais-espana","12":"first","13":"instock","14":"shipping-taxable","15":"product-type-simple"},"acf":[],"_links":{"self":[{"href":"https:\/\/olemosaic.com\/pt-pt\/wp-json\/wp\/v2\/product\/30196","targetHints":{"allow":["GET"]}}],"collection":[{"href":"https:\/\/olemosaic.com\/pt-pt\/wp-json\/wp\/v2\/product"}],"about":[{"href":"https:\/\/olemosaic.com\/pt-pt\/wp-json\/wp\/v2\/types\/product"}],"wp:featuredmedia":[{"embeddable":true,"href":"https:\/\/olemosaic.com\/pt-pt\/wp-json\/wp\/v2\/media\/10138"}],"wp:attachment":[{"href":"https:\/\/olemosaic.com\/pt-pt\/wp-json\/wp\/v2\/media?parent=30196"}],"wp:term":[{"taxonomy":"product_brand","embeddable":true,"href":"https:\/\/olemosaic.com\/pt-pt\/wp-json\/wp\/v2\/product_brand?post=30196"},{"taxonomy":"product_cat","embeddable":true,"href":"https:\/\/olemosaic.com\/pt-pt\/wp-json\/wp\/v2\/product_cat?post=30196"},{"taxonomy":"product_tag","embeddable":true,"href":"https:\/\/olemosaic.com\/pt-pt\/wp-json\/wp\/v2\/product_tag?post=30196"}],"curies":[{"name":"wp","href":"https:\/\/api.w.org\/{rel}","templated":true}]}}