{"id":30195,"date":"2025-02-20T23:30:45","date_gmt":"2025-02-20T22:30:45","guid":{"rendered":"http:\/\/olemosaic.com\/producto\/bol-de-coco-marron-salamandra-mallorca-2\/"},"modified":"2025-07-25T19:02:45","modified_gmt":"2025-07-25T17:02:45","slug":"taca-de-coco-castanha-salamandra-maiorca-2","status":"publish","type":"product","link":"https:\/\/olemosaic.com\/pt-pt\/produto\/taca-de-coco-castanha-salamandra-maiorca-2\/","title":{"rendered":"Ta\u00e7a de coco castanha. Salamandra. Estilo mediterr\u00e2nico. Maiorca."},"content":{"rendered":"<p>Esta ta\u00e7a de coco castanha, com um design aut\u00eantico, \u00e9 uma magn\u00edfica representa\u00e7\u00e3o do folclore maiorquino. A sua estrutura apresenta um padr\u00e3o perfurado que cria uma est\u00e9tica impactante, complementada por um acabamento dourado brilhante que captura a luz de forma espetacular. No centro da ta\u00e7a, uma elegante salamandra, s\u00edmbolo da rica fauna balear, destaca a liga\u00e7\u00e3o com a natureza da ilha, enquanto a inscri\u00e7\u00e3o &#8220;MALLORCA&#8221; adiciona um toque distintivo e aut\u00eantico.<\/p>\n<p>Esta ta\u00e7a n\u00e3o \u00e9 apenas um artigo decorativo, mas tamb\u00e9m \u00e9 perfeita para servir aperitivos, gra\u00e7as ao seu design funcional que combina beleza e utilidade. O contraste entre o castanho do coco e o dourado do acabamento proporciona uma textura visual intrigante, o que a torna um excelente elemento tanto para o lar como para eventos gastron\u00f3micos.<\/p>\n<p>A Ol\u00e9 Mosaic orgulha-se de oferecer este belo souvenir que celebra a cultura maiorquina, ideal para turistas que desejam levar consigo um peda\u00e7o da ess\u00eancia desta encantadora ilha. Esta ta\u00e7a de coco \u00e9 uma excelente op\u00e7\u00e3o para lojas de presentes tur\u00edsticos que procuram produtos aut\u00eanticos e culturais, posicionando-se como um artigo de destaque no seu cat\u00e1logo de souvenirs de Maiorca.<\/p>\n","protected":false},"excerpt":{"rendered":"<p>Ta\u00e7a de coco castanha feita \u00e0 m\u00e3o, inspirada na rica fauna maiorquina. Esta atraente ta\u00e7a apresenta um design perfurado que desenha um padr\u00e3o elegante e exibe um acabamento dourado brilhante. No centro, destaca-se uma salamandra, acompanhada pela inscri\u00e7\u00e3o &#8220;MALLORCA&#8221;. Ideal como elemento decorativo ou para servir aperitivos, esta ta\u00e7a combina funcionalidade com um toque distintivo do folclore balear.<\/p>\n","protected":false},"featured_media":10118,"template":"","meta":{"_acf_changed":false},"product_brand":[],"product_cat":[513],"product_tag":[516],"class_list":{"0":"post-30195","1":"product","2":"type-product","3":"status-publish","4":"has-post-thumbnail","6":"product_cat-bols","7":"product_tag-animais","8":"pa_ciudad-mallorca","9":"pa_motivo-salamandras","10":"pa_pais-espana","12":"first","13":"instock","14":"shipping-taxable","15":"product-type-simple"},"acf":[],"_links":{"self":[{"href":"https:\/\/olemosaic.com\/pt-pt\/wp-json\/wp\/v2\/product\/30195","targetHints":{"allow":["GET"]}}],"collection":[{"href":"https:\/\/olemosaic.com\/pt-pt\/wp-json\/wp\/v2\/product"}],"about":[{"href":"https:\/\/olemosaic.com\/pt-pt\/wp-json\/wp\/v2\/types\/product"}],"wp:featuredmedia":[{"embeddable":true,"href":"https:\/\/olemosaic.com\/pt-pt\/wp-json\/wp\/v2\/media\/10118"}],"wp:attachment":[{"href":"https:\/\/olemosaic.com\/pt-pt\/wp-json\/wp\/v2\/media?parent=30195"}],"wp:term":[{"taxonomy":"product_brand","embeddable":true,"href":"https:\/\/olemosaic.com\/pt-pt\/wp-json\/wp\/v2\/product_brand?post=30195"},{"taxonomy":"product_cat","embeddable":true,"href":"https:\/\/olemosaic.com\/pt-pt\/wp-json\/wp\/v2\/product_cat?post=30195"},{"taxonomy":"product_tag","embeddable":true,"href":"https:\/\/olemosaic.com\/pt-pt\/wp-json\/wp\/v2\/product_tag?post=30195"}],"curies":[{"name":"wp","href":"https:\/\/api.w.org\/{rel}","templated":true}]}}