{"id":30159,"date":"2025-02-20T23:30:45","date_gmt":"2025-02-20T22:30:45","guid":{"rendered":"http:\/\/olemosaic.com\/producto\/bol-de-coco-marron-tortuga-mallorca-2\/"},"modified":"2025-07-25T18:49:54","modified_gmt":"2025-07-25T16:49:54","slug":"taca-de-coco-castanha-tartaruga-maiorca-2","status":"publish","type":"product","link":"https:\/\/olemosaic.com\/pt-pt\/produto\/taca-de-coco-castanha-tartaruga-maiorca-2\/","title":{"rendered":"Ta\u00e7a de coco castanha. Tartaruga. Estilo mediterr\u00e2nico. Maiorca."},"content":{"rendered":"<p>Esta ta\u00e7a de coco castanha, decorada com uma simp\u00e1tica tartaruga, \u00e9 uma recorda\u00e7\u00e3o perfeita da beleza do oceano de Maiorca. Feito \u00e0 m\u00e3o, este acess\u00f3rio destaca-se pelo seu design art\u00edstico que capta a ess\u00eancia das vibrantes costas maiorquinas. A superf\u00edcie da ta\u00e7a apresenta um padr\u00e3o intrincado que evoca as texturas naturais da carapa\u00e7a da tartaruga, enquanto os chamativos pormenores dourados acrescentam um brilho espl\u00eandido que real\u00e7a o motivo marinho, tornando-a uma pe\u00e7a decorativa excecional.<\/p>\n<p>Esta ta\u00e7a n\u00e3o \u00e9 apenas uma obra de arte funcional, mas tamb\u00e9m representa a rica biodiversidade das \u00e1guas que rodeiam a ilha de Maiorca, um destino conhecido pelas suas praias id\u00edlicas e pela sua fauna marinha. Ao incorporar elementos da cultura local, esta recorda\u00e7\u00e3o torna-se uma op\u00e7\u00e3o ideal para turistas que desejam levar um peda\u00e7o de Maiorca para casa, ao mesmo tempo que contribuem para a preserva\u00e7\u00e3o de t\u00e9cnicas artesanais aut\u00eanticas.<\/p>\n<p>Na Ol\u00e9 Mosaic, a nossa especialidade \u00e9 a distribui\u00e7\u00e3o de recorda\u00e7\u00f5es por grosso, e esta ta\u00e7a de coco representa a autenticidade e o car\u00e1cter distintivo das recorda\u00e7\u00f5es obtidas da MAGIA de Maiorca. \u00c9 um presente perfeito para lojas de presentes tur\u00edsticos que procuram oferecer artigos \u00fanicos, cheios de significado e liga\u00e7\u00e3o cultural. Com a nossa gama de produtos artesanais, garantimos qualidade e originalidade em cada recorda\u00e7\u00e3o.<\/p>\n","protected":false},"excerpt":{"rendered":"<p>Ta\u00e7a de coco castanha decorada com uma encantadora tartaruga, que evoca a beleza do oceano de Maiorca. Este produto, elaborado \u00e0 m\u00e3o, destaca-se pelo seu design art\u00edstico e pelos chamativos pormenores dourados, que real\u00e7am o motivo marinho. A superf\u00edcie apresenta um padr\u00e3o intrincado que recorda as texturas naturais da carapa\u00e7a da tartaruga, tornando-a uma pe\u00e7a decorativa ideal e uma recorda\u00e7\u00e3o aut\u00eantica das vibrantes costas maiorquinas.<\/p>\n","protected":false},"featured_media":10158,"template":"","meta":{"_acf_changed":false},"product_brand":[],"product_cat":[513],"product_tag":[516],"class_list":{"0":"post-30159","1":"product","2":"type-product","3":"status-publish","4":"has-post-thumbnail","6":"product_cat-bols","7":"product_tag-animais","8":"pa_ciudad-mallorca","9":"pa_motivo-tartarugas","10":"pa_pais-espana","12":"first","13":"instock","14":"shipping-taxable","15":"product-type-simple"},"acf":[],"_links":{"self":[{"href":"https:\/\/olemosaic.com\/pt-pt\/wp-json\/wp\/v2\/product\/30159","targetHints":{"allow":["GET"]}}],"collection":[{"href":"https:\/\/olemosaic.com\/pt-pt\/wp-json\/wp\/v2\/product"}],"about":[{"href":"https:\/\/olemosaic.com\/pt-pt\/wp-json\/wp\/v2\/types\/product"}],"wp:featuredmedia":[{"embeddable":true,"href":"https:\/\/olemosaic.com\/pt-pt\/wp-json\/wp\/v2\/media\/10158"}],"wp:attachment":[{"href":"https:\/\/olemosaic.com\/pt-pt\/wp-json\/wp\/v2\/media?parent=30159"}],"wp:term":[{"taxonomy":"product_brand","embeddable":true,"href":"https:\/\/olemosaic.com\/pt-pt\/wp-json\/wp\/v2\/product_brand?post=30159"},{"taxonomy":"product_cat","embeddable":true,"href":"https:\/\/olemosaic.com\/pt-pt\/wp-json\/wp\/v2\/product_cat?post=30159"},{"taxonomy":"product_tag","embeddable":true,"href":"https:\/\/olemosaic.com\/pt-pt\/wp-json\/wp\/v2\/product_tag?post=30159"}],"curies":[{"name":"wp","href":"https:\/\/api.w.org\/{rel}","templated":true}]}}