{"id":30156,"date":"2025-02-20T23:30:44","date_gmt":"2025-02-20T22:30:44","guid":{"rendered":"http:\/\/olemosaic.com\/producto\/bol-de-coco-marron-caballito-de-mar-mallorca-2\/"},"modified":"2025-07-25T19:55:43","modified_gmt":"2025-07-25T17:55:43","slug":"taca-de-coco-castanha-cavalo-marinho-maiorca-2","status":"publish","type":"product","link":"https:\/\/olemosaic.com\/pt-pt\/produto\/taca-de-coco-castanha-cavalo-marinho-maiorca-2\/","title":{"rendered":"Ta\u00e7a de coco castanha. Cavalo-marinho. Estilo mediterr\u00e2nico. Maiorca."},"content":{"rendered":"<p>Esta ta\u00e7a de coco castanha, adornada com um elegante cavalo-marinho, \u00e9 uma aut\u00eantica joia artesanal que capta a ess\u00eancia de Maiorca. A pe\u00e7a, elaborada com um acabamento brilhante, destaca-se pelo seu design de mosaico em tons rosados e cremosos que evocam o espetacular p\u00f4r do sol da ilha. No centro, o cavalo-marinho, s\u00edmbolo do fundo marinho balear, apresenta-se com um acabamento detalhado que real\u00e7a a sua forma elegante, enquanto o nome &#8220;MALLORCA&#8221; est\u00e1 gravado num tom dourado, acrescentando um toque de sofistica\u00e7\u00e3o e autenticidade.<\/p>\n<p>Esta ta\u00e7a n\u00e3o \u00e9 apenas um elemento decorativo, mas tamb\u00e9m funciona como um recipiente pr\u00e1tico para pequenos objetos ou como um acess\u00f3rio para a casa que trar\u00e1 um ar mediterr\u00e2nico a qualquer espa\u00e7o. A liga\u00e7\u00e3o cultural desta recorda\u00e7\u00e3o com Maiorca \u00e9 ineg\u00e1vel, uma vez que o cavalo-marinho \u00e9 um \u00edcone marinho que reflete a vida e a biodiversidade das \u00e1guas que rodeiam a ilha.<\/p>\n<p>Ideal para turistas que procuram recorda\u00e7\u00f5es representativas e aut\u00eanticas da sua visita, esta ta\u00e7a de coco castanha torna-se um presente perfeito que encapsula a beleza e o esp\u00edrito de Maiorca. Na Ol\u00e9 Mosaic, somos distribuidores de recorda\u00e7\u00f5es por grosso, oferecendo artigos \u00fanicos que celebram a rica cultura espanhola. Esta ta\u00e7a \u00e9 ideal para lojas de presentes tur\u00edsticos que desejam oferecer produtos memor\u00e1veis e aut\u00eanticos da regi\u00e3o.<\/p>\n","protected":false},"excerpt":{"rendered":"<p>Ta\u00e7a de coco castanha decorada com um elegante cavalo-marinho, inspirado na beleza de Maiorca. Esta pe\u00e7a artesanal apresenta um design de mosaico com tons rosados e cremosos que evocam o entardecer da ilha. O cavalo-marinho, no centro, \u00e9 acompanhado pelo nome &#8220;MALLORCA&#8221; em dourado, real\u00e7ando a sua origem. Ideal para dar um toque distintivo e mediterr\u00e2nico ao seu lar.<\/p>\n","protected":false},"featured_media":10346,"template":"","meta":{"_acf_changed":false},"product_brand":[],"product_cat":[513],"product_tag":[516],"class_list":{"0":"post-30156","1":"product","2":"type-product","3":"status-publish","4":"has-post-thumbnail","6":"product_cat-bols","7":"product_tag-animais","8":"pa_ciudad-mallorca","9":"pa_motivo-cavalos-marinhos","10":"pa_pais-espana","12":"first","13":"instock","14":"shipping-taxable","15":"product-type-simple"},"acf":[],"_links":{"self":[{"href":"https:\/\/olemosaic.com\/pt-pt\/wp-json\/wp\/v2\/product\/30156","targetHints":{"allow":["GET"]}}],"collection":[{"href":"https:\/\/olemosaic.com\/pt-pt\/wp-json\/wp\/v2\/product"}],"about":[{"href":"https:\/\/olemosaic.com\/pt-pt\/wp-json\/wp\/v2\/types\/product"}],"wp:featuredmedia":[{"embeddable":true,"href":"https:\/\/olemosaic.com\/pt-pt\/wp-json\/wp\/v2\/media\/10346"}],"wp:attachment":[{"href":"https:\/\/olemosaic.com\/pt-pt\/wp-json\/wp\/v2\/media?parent=30156"}],"wp:term":[{"taxonomy":"product_brand","embeddable":true,"href":"https:\/\/olemosaic.com\/pt-pt\/wp-json\/wp\/v2\/product_brand?post=30156"},{"taxonomy":"product_cat","embeddable":true,"href":"https:\/\/olemosaic.com\/pt-pt\/wp-json\/wp\/v2\/product_cat?post=30156"},{"taxonomy":"product_tag","embeddable":true,"href":"https:\/\/olemosaic.com\/pt-pt\/wp-json\/wp\/v2\/product_tag?post=30156"}],"curies":[{"name":"wp","href":"https:\/\/api.w.org\/{rel}","templated":true}]}}