{"id":30155,"date":"2025-02-20T22:30:44","date_gmt":"2025-02-20T22:30:44","guid":{"rendered":"http:\/\/olemosaic.com\/producto\/bol-de-coco-marron-delfin-gran-canaria\/"},"modified":"2025-07-25T18:50:11","modified_gmt":"2025-07-25T16:50:11","slug":"taca-de-coco-castanha-golfinho-gran-canaria","status":"publish","type":"product","link":"https:\/\/olemosaic.com\/pt-pt\/produto\/taca-de-coco-castanha-golfinho-gran-canaria\/","title":{"rendered":"Ta\u00e7a de coco castanha. Golfinho. Gran Can\u00e1ria."},"content":{"rendered":"<p>Esta ta\u00e7a de coco castanha, adornada com um delicado design de dois golfinhos, capta a ess\u00eancia do belo oceano que rodeia a Gran Can\u00e1ria. Elaborado a partir de um coco aut\u00eantico, este artigo destaca-se pelo seu acabamento dourado, que real\u00e7a a requintada textura perfurada da sua superf\u00edcie e evoca as ondas e a vida marinha das ilhas. No centro, a inscri\u00e7\u00e3o &#8220;Gran Canaria&#8221; apresenta-se com um estilo elegante, acrescentando um toque distintivo e aut\u00eantico que real\u00e7a a sua beleza.<\/p>\n<p>O design com os golfinhos simboliza n\u00e3o s\u00f3 a riqueza natural da regi\u00e3o, mas tamb\u00e9m a sua liga\u00e7\u00e3o cultural com o mar, um elemento vital na hist\u00f3ria e na identidade da Gran Can\u00e1ria. Esta pe\u00e7a \u00e9 ideal tanto como decora\u00e7\u00e3o \u00fanica para qualquer espa\u00e7o como para ser um presente representativo das ilhas, permitindo que quem o receba leve consigo um peda\u00e7o do rico patrim\u00f3nio cultural can\u00e1rio.<\/p>\n<p>Na Ol\u00e9 Mosaic, especializamo-nos na distribui\u00e7\u00e3o de recorda\u00e7\u00f5es por grosso, oferecendo produtos aut\u00eanticos e de alta qualidade que refletem a cultura local. Esta ta\u00e7a de coco n\u00e3o s\u00f3 \u00e9 uma excelente recorda\u00e7\u00e3o para turistas, como tamb\u00e9m representa uma oportunidade perfeita para as lojas de presentes tur\u00edsticos que procuram incorporar artigos artesanais e culturais na sua oferta.<\/p>\n","protected":false},"excerpt":{"rendered":"<p>Ta\u00e7a de coco castanha com um delicado design de dois golfinhos, que evoca a beleza do oceano que rodeia a Gran Can\u00e1ria. Este artigo, elaborado a partir de um coco aut\u00eantico, apresenta um acabamento dourado que real\u00e7a a sua requintada textura perfurada. Destaca-se a inscri\u00e7\u00e3o \u201cGran Canaria\u201d num estilo elegante, o que o torna uma recorda\u00e7\u00e3o atraente que reflete a rica cultura marinha das ilhas. Perfeito para decorar ou como um presente representativo da regi\u00e3o.<\/p>\n","protected":false},"featured_media":10150,"template":"","meta":{"_acf_changed":false},"product_brand":[],"product_cat":[513],"product_tag":[516],"class_list":{"0":"post-30155","1":"product","2":"type-product","3":"status-publish","4":"has-post-thumbnail","6":"product_cat-bols","7":"product_tag-animais","8":"pa_ciudad-gran-canaria","9":"pa_motivo-golfinhos","10":"pa_pais-espana","12":"first","13":"instock","14":"shipping-taxable","15":"product-type-simple"},"acf":[],"_links":{"self":[{"href":"https:\/\/olemosaic.com\/pt-pt\/wp-json\/wp\/v2\/product\/30155","targetHints":{"allow":["GET"]}}],"collection":[{"href":"https:\/\/olemosaic.com\/pt-pt\/wp-json\/wp\/v2\/product"}],"about":[{"href":"https:\/\/olemosaic.com\/pt-pt\/wp-json\/wp\/v2\/types\/product"}],"wp:featuredmedia":[{"embeddable":true,"href":"https:\/\/olemosaic.com\/pt-pt\/wp-json\/wp\/v2\/media\/10150"}],"wp:attachment":[{"href":"https:\/\/olemosaic.com\/pt-pt\/wp-json\/wp\/v2\/media?parent=30155"}],"wp:term":[{"taxonomy":"product_brand","embeddable":true,"href":"https:\/\/olemosaic.com\/pt-pt\/wp-json\/wp\/v2\/product_brand?post=30155"},{"taxonomy":"product_cat","embeddable":true,"href":"https:\/\/olemosaic.com\/pt-pt\/wp-json\/wp\/v2\/product_cat?post=30155"},{"taxonomy":"product_tag","embeddable":true,"href":"https:\/\/olemosaic.com\/pt-pt\/wp-json\/wp\/v2\/product_tag?post=30155"}],"curies":[{"name":"wp","href":"https:\/\/api.w.org\/{rel}","templated":true}]}}