{"id":30152,"date":"2025-02-20T23:30:44","date_gmt":"2025-02-20T22:30:44","guid":{"rendered":"http:\/\/olemosaic.com\/producto\/bol-de-coco-marron-salamandra-tenerife-2\/"},"modified":"2025-07-25T20:35:34","modified_gmt":"2025-07-25T18:35:34","slug":"taca-de-coco-castanha-salamandra-tenerife-2","status":"publish","type":"product","link":"https:\/\/olemosaic.com\/pt-pt\/produto\/taca-de-coco-castanha-salamandra-tenerife-2\/","title":{"rendered":"Ta\u00e7a de coco castanha. Salamandra. Tenerife. Can\u00e1rias."},"content":{"rendered":"<p>Esta ta\u00e7a de coco castanha \u00e9 uma pe\u00e7a \u00fanica que captura a ess\u00eancia do artesanato can\u00e1rio, origin\u00e1ria de Tenerife. Com um design muito especial que apresenta uma salamandra, esta ta\u00e7a \u00e9 muito mais do que um simples recipiente; \u00e9 um aut\u00eantico s\u00edmbolo da tradi\u00e7\u00e3o cultural das Ilhas Can\u00e1rias. Elaborada meticulosamente com t\u00e9cnicas artesanais, a ta\u00e7a mostra uma bela combina\u00e7\u00e3o de tons de castanho e bege, com detalhes nacarados que conferem um brilho subtil \u00e0 sua superf\u00edcie.<\/p>\n<p>No centro da ta\u00e7a, a inscri\u00e7\u00e3o &#8220;Tenerife&#8221; destaca-se com eleg\u00e2ncia, sublinhando a sua proced\u00eancia e convertendo cada pe\u00e7a numa recorda\u00e7\u00e3o representativa da ilha. Os motivos de mosaico que adornam el interior acrescentam um toque art\u00edstico e contempor\u00e2neo, tornando-a ideal tanto como pe\u00e7a decorativa num lar como para guardar pequenos objetos.<\/p>\n<p>Esta ta\u00e7a de coco n\u00e3o s\u00f3 real\u00e7a a rica cultura de Tenerife, como tamb\u00e9m simboliza a liga\u00e7\u00e3o com a natureza, representada aqui pela salamandra, um animal aut\u00f3ctone que vive em harmonia com o seu ambiente. Na Ol\u00e9 Mosaic, oferecemos esta ta\u00e7a como parte da nossa sele\u00e7\u00e3o de souvenirs aut\u00eanticos de Tenerife, ideal para lojas de presentes tur\u00edsticos que procuram produtos que reflitam a beleza e a cultura can\u00e1rias. Uma excelente recorda\u00e7\u00e3o para os turistas que desejem levar um pedacinho da tradi\u00e7\u00e3o local.<\/p>\n","protected":false},"excerpt":{"rendered":"<p>Ta\u00e7a de coco castanha decorada com um design singular de salamandra, origin\u00e1rio de Tenerife. Esta atraente ta\u00e7a, elaborada artesanalmente com motivos de mosaico, apresenta uma combina\u00e7\u00e3o de tons de castanho, bege e detalhes nacarados. No centro, a inscri\u00e7\u00e3o &#8220;Tenerife&#8221; destaca a sua proced\u00eancia. Perfeita como pe\u00e7a decorativa ou para guardar objetos, esta ta\u00e7a acrescenta um toque can\u00e1rio a qualquer lar.<\/p>\n","protected":false},"featured_media":10338,"template":"","meta":{"_acf_changed":false},"product_brand":[],"product_cat":[513],"product_tag":[516],"class_list":{"0":"post-30152","1":"product","2":"type-product","3":"status-publish","4":"has-post-thumbnail","6":"product_cat-bols","7":"product_tag-animais","8":"pa_ciudad-tenerife","9":"pa_motivo-salamandras","10":"pa_pais-espana","12":"first","13":"instock","14":"shipping-taxable","15":"product-type-simple"},"acf":[],"_links":{"self":[{"href":"https:\/\/olemosaic.com\/pt-pt\/wp-json\/wp\/v2\/product\/30152","targetHints":{"allow":["GET"]}}],"collection":[{"href":"https:\/\/olemosaic.com\/pt-pt\/wp-json\/wp\/v2\/product"}],"about":[{"href":"https:\/\/olemosaic.com\/pt-pt\/wp-json\/wp\/v2\/types\/product"}],"wp:featuredmedia":[{"embeddable":true,"href":"https:\/\/olemosaic.com\/pt-pt\/wp-json\/wp\/v2\/media\/10338"}],"wp:attachment":[{"href":"https:\/\/olemosaic.com\/pt-pt\/wp-json\/wp\/v2\/media?parent=30152"}],"wp:term":[{"taxonomy":"product_brand","embeddable":true,"href":"https:\/\/olemosaic.com\/pt-pt\/wp-json\/wp\/v2\/product_brand?post=30152"},{"taxonomy":"product_cat","embeddable":true,"href":"https:\/\/olemosaic.com\/pt-pt\/wp-json\/wp\/v2\/product_cat?post=30152"},{"taxonomy":"product_tag","embeddable":true,"href":"https:\/\/olemosaic.com\/pt-pt\/wp-json\/wp\/v2\/product_tag?post=30152"}],"curies":[{"name":"wp","href":"https:\/\/api.w.org\/{rel}","templated":true}]}}