{"id":30150,"date":"2025-02-20T23:30:44","date_gmt":"2025-02-20T22:30:44","guid":{"rendered":"http:\/\/olemosaic.com\/producto\/bol-de-coco-marron-delfin-mallorca-2\/"},"modified":"2025-07-25T19:59:20","modified_gmt":"2025-07-25T17:59:20","slug":"taca-de-coco-castanha-golfinho-maiorca-2","status":"publish","type":"product","link":"https:\/\/olemosaic.com\/pt-pt\/produto\/taca-de-coco-castanha-golfinho-maiorca-2\/","title":{"rendered":"Ta\u00e7a de coco castanha. Golfinho. Maiorca. Estilo r\u00fastico."},"content":{"rendered":"<p>Esta ta\u00e7a de coco castanha \u00e9 uma pe\u00e7a artesanal \u00fanica que captura a ess\u00eancia do Mediterr\u00e2neo e a beleza de Maiorca. Decorada com um intrincado mosaico que representa um golfinho, s\u00edmbolo ic\u00f3nico da cultura e da fauna marinha da ilha, este artigo destaca-se pelo seu apelo visual. A superf\u00edcie da ta\u00e7a combina tons de castanho e bege, criando um efeito harmonioso que real\u00e7a a naturalidade do material, enquanto a palavra &#8220;MAIORCA&#8221;, gravada com precis\u00e3o no centro, refor\u00e7a o seu valor como recorda\u00e7\u00e3o aut\u00eantica e significativa.<\/p>\n<p>A aten\u00e7\u00e3o ao detalhe no mosaico confere um ar de sofistica\u00e7\u00e3o e arte popular que se entrela\u00e7a com a tradi\u00e7\u00e3o maiorquina. Esta ta\u00e7a n\u00e3o serve apenas como elemento decorativo, mas tamb\u00e9m \u00e9 perfeita para um uso funcional, podendo ser utilizada para servir aperitivos ou como um chamativo centro de mesa. O seu design encapsula a cultura mediterr\u00e2nica, tornando-a um souvenir ideal para turistas que procuram uma pe\u00e7a representativa da ilha.<\/p>\n<p>Na Ol\u00e9 Mosaic, somos distribuidores grossistas de souvenirs aut\u00eanticos e esta ta\u00e7a de coco \u00e9 uma excelente op\u00e7\u00e3o para lojas de presentes tur\u00edsticos que desejem oferecer produtos com valor cultural e art\u00edstico. Sem d\u00favida, um artigo que atrair\u00e1 aqueles que desejem levar um pedacinho de Maiorca para casa.<\/p>\n","protected":false},"excerpt":{"rendered":"<p>Ta\u00e7a de coco castanha decorada com um intrincado mosaico que representa um golfinho, s\u00edmbolo de Maiorca. A sua superf\u00edcie combina tons de castanho e bege, criando um efeito visual atraente que destaca a sua origem. No centro, a palavra &#8220;MAIORCA&#8221; est\u00e1 gravada, real\u00e7ando o seu significado como recorda\u00e7\u00e3o. Este artigo artesanal \u00e9 perfeito como elemento decorativo ou para uso funcional, conferindo um toque mediterr\u00e2nico a qualquer espa\u00e7o.<\/p>\n","protected":false},"featured_media":10358,"template":"","meta":{"_acf_changed":false},"product_brand":[],"product_cat":[513],"product_tag":[516],"class_list":{"0":"post-30150","1":"product","2":"type-product","3":"status-publish","4":"has-post-thumbnail","6":"product_cat-bols","7":"product_tag-animais","8":"pa_ciudad-mallorca","9":"pa_motivo-golfinhos","10":"pa_pais-espana","12":"first","13":"instock","14":"shipping-taxable","15":"product-type-simple"},"acf":[],"_links":{"self":[{"href":"https:\/\/olemosaic.com\/pt-pt\/wp-json\/wp\/v2\/product\/30150","targetHints":{"allow":["GET"]}}],"collection":[{"href":"https:\/\/olemosaic.com\/pt-pt\/wp-json\/wp\/v2\/product"}],"about":[{"href":"https:\/\/olemosaic.com\/pt-pt\/wp-json\/wp\/v2\/types\/product"}],"wp:featuredmedia":[{"embeddable":true,"href":"https:\/\/olemosaic.com\/pt-pt\/wp-json\/wp\/v2\/media\/10358"}],"wp:attachment":[{"href":"https:\/\/olemosaic.com\/pt-pt\/wp-json\/wp\/v2\/media?parent=30150"}],"wp:term":[{"taxonomy":"product_brand","embeddable":true,"href":"https:\/\/olemosaic.com\/pt-pt\/wp-json\/wp\/v2\/product_brand?post=30150"},{"taxonomy":"product_cat","embeddable":true,"href":"https:\/\/olemosaic.com\/pt-pt\/wp-json\/wp\/v2\/product_cat?post=30150"},{"taxonomy":"product_tag","embeddable":true,"href":"https:\/\/olemosaic.com\/pt-pt\/wp-json\/wp\/v2\/product_tag?post=30150"}],"curies":[{"name":"wp","href":"https:\/\/api.w.org\/{rel}","templated":true}]}}