{"id":30149,"date":"2025-02-20T22:30:43","date_gmt":"2025-02-20T22:30:43","guid":{"rendered":"http:\/\/olemosaic.com\/producto\/bol-de-coco-marron-isla-tenerife\/"},"modified":"2025-07-25T18:39:21","modified_gmt":"2025-07-25T16:39:21","slug":"taca-de-coco-castanha-ilha-tenerife","status":"publish","type":"product","link":"https:\/\/olemosaic.com\/pt-pt\/produto\/taca-de-coco-castanha-ilha-tenerife\/","title":{"rendered":"Ta\u00e7a de coco castanha. Ilha. Tenerife."},"content":{"rendered":"<p>Esta ta\u00e7a de coco castanha \u00e9 uma pe\u00e7a artesanal que capta a ess\u00eancia da bela ilha de Tenerife. Concebida com um mosaico de pe\u00e7as em tons castanhos e cremes, esta impressionante ta\u00e7a apresenta no seu interior um delicado contorno da ilha, real\u00e7ado com a palavra &#8220;TENERIFE&#8221;, que evoca recorda\u00e7\u00f5es das paisagens vulc\u00e2nicas e das praias deste para\u00edso. Fabricada com material natural, a ta\u00e7a combina a est\u00e9tica r\u00fastica com a funcionalidade, o que a torna um artigo vers\u00e1til, ideal tanto para decora\u00e7\u00e3o como para uso quotidiano na mesa. A sua superf\u00edcie polida reflete a luz de forma subtil, acrescentando um toque quente a qualquer ambiente. Esta recorda\u00e7\u00e3o n\u00e3o s\u00f3 celebra a heran\u00e7a cultural das Ilhas Can\u00e1rias, como tamb\u00e9m se destaca pela sua autenticidade e artesanato. Um presente perfeito para turistas que desejem levar consigo um peda\u00e7o da cultura can\u00e1ria, esta ta\u00e7a de coco castanha \u00e9 uma excelente op\u00e7\u00e3o para lojas de presentes tur\u00edsticos que procurem recorda\u00e7\u00f5es de qualidade. Na Ol\u00e9 Mosaic, especializamo-nos na distribui\u00e7\u00e3o de recorda\u00e7\u00f5es representativas como esta ta\u00e7a, garantindo que cada pe\u00e7a seja um testemunho da riqueza cultural do seu lugar de origem.<\/p>\n","protected":false},"excerpt":{"rendered":"<p>Ta\u00e7a de coco castanha com design artesanal, inspirado na beleza da ilha de Tenerife. Esta atraente ta\u00e7a apresenta um mosaico de pe\u00e7as em tons castanhos e cremes, com o contorno da ilha no centro, real\u00e7ado junto ao texto &#8220;TENERIFE&#8221;. Feita de material natural, \u00e9 perfeita tanto como objeto decorativo como para uso di\u00e1rio. Ideal para adicionar um toque can\u00e1rio \u00e0 sua mesa ou espa\u00e7o.<\/p>\n","protected":false},"featured_media":10318,"template":"","meta":{"_acf_changed":false},"product_brand":[],"product_cat":[513],"product_tag":[],"class_list":{"0":"post-30149","1":"product","2":"type-product","3":"status-publish","4":"has-post-thumbnail","6":"product_cat-bols","7":"pa_ciudad-tenerife","8":"pa_motivo-ilhas","9":"pa_pais-espana","11":"first","12":"instock","13":"shipping-taxable","14":"product-type-simple"},"acf":[],"_links":{"self":[{"href":"https:\/\/olemosaic.com\/pt-pt\/wp-json\/wp\/v2\/product\/30149","targetHints":{"allow":["GET"]}}],"collection":[{"href":"https:\/\/olemosaic.com\/pt-pt\/wp-json\/wp\/v2\/product"}],"about":[{"href":"https:\/\/olemosaic.com\/pt-pt\/wp-json\/wp\/v2\/types\/product"}],"wp:featuredmedia":[{"embeddable":true,"href":"https:\/\/olemosaic.com\/pt-pt\/wp-json\/wp\/v2\/media\/10318"}],"wp:attachment":[{"href":"https:\/\/olemosaic.com\/pt-pt\/wp-json\/wp\/v2\/media?parent=30149"}],"wp:term":[{"taxonomy":"product_brand","embeddable":true,"href":"https:\/\/olemosaic.com\/pt-pt\/wp-json\/wp\/v2\/product_brand?post=30149"},{"taxonomy":"product_cat","embeddable":true,"href":"https:\/\/olemosaic.com\/pt-pt\/wp-json\/wp\/v2\/product_cat?post=30149"},{"taxonomy":"product_tag","embeddable":true,"href":"https:\/\/olemosaic.com\/pt-pt\/wp-json\/wp\/v2\/product_tag?post=30149"}],"curies":[{"name":"wp","href":"https:\/\/api.w.org\/{rel}","templated":true}]}}