{"id":30146,"date":"2025-02-20T22:30:43","date_gmt":"2025-02-20T22:30:43","guid":{"rendered":"http:\/\/olemosaic.com\/producto\/bol-de-coco-marron-tortuga-mallorca\/"},"modified":"2025-07-25T20:30:42","modified_gmt":"2025-07-25T18:30:42","slug":"taca-de-coco-castanha-tartaruga-maiorca","status":"publish","type":"product","link":"https:\/\/olemosaic.com\/pt-pt\/produto\/taca-de-coco-castanha-tartaruga-maiorca\/","title":{"rendered":"Ta\u00e7a de coco castanha. Tartaruga. Maiorca."},"content":{"rendered":"<p>Esta ta\u00e7a de coco castanha \u00e9 uma recorda\u00e7\u00e3o requintada e artesanal que capta a ess\u00eancia da beleza de Maiorca. Com um design delicado, apresenta um mosaico de pequenos peda\u00e7os de concha em tons suaves que brilham subtilmente, transformando cada reflexo da luz num espet\u00e1culo de cor. No centro, resplandece a figura de uma tartaruga, s\u00edmbolo da vida marinha e da natureza mediterr\u00e2nea, acompanhada pelo texto &#8220;MALLORCA&#8221;, que se destaca e presta homenagem \u00e0 rica cultura local. Esta ta\u00e7a n\u00e3o \u00e9 apenas uma pe\u00e7a decorativa de grande apelo visual, mas tamb\u00e9m pode ser utilizada de forma pr\u00e1tica, mostrando a sua versatilidade. O seu acabamento natural real\u00e7a a autenticidade do produto, tornando-o uma excelente recorda\u00e7\u00e3o para aqueles que desejam levar um peda\u00e7o da ilha.<\/p>\n<p>Esta ta\u00e7a de coco \u00e9 uma representa\u00e7\u00e3o perfeita do artesanato maiorquino, o que a torna uma recorda\u00e7\u00e3o cultural que enriquece qualquer lar com a sua singularidade. Na Ol\u00e9 Mosaic, somos distribuidores de recorda\u00e7\u00f5es aut\u00eanticas e representativas, e esta ta\u00e7a \u00e9 ideal para lojas de presentes tur\u00edsticos que procuram oferecer produtos de qualidade e um toque da tradi\u00e7\u00e3o da ilha nas suas prateleiras. Sem d\u00favida, uma recorda\u00e7\u00e3o que cativar\u00e1 turistas e visitantes que procurem uma lembran\u00e7a especial da sua passagem por Maiorca.<\/p>\n","protected":false},"excerpt":{"rendered":"<p>Ta\u00e7a de coco castanha decorada com um design de tartaruga, inspirado na beleza de Maiorca. Esta pe\u00e7a \u00fanica, elaborada artesanalmente, apresenta um mosaico de pequenos peda\u00e7os de concha em tons suaves que brilham delicadamente. No centro, destaca-se a figura de uma tartaruga junto ao texto &#8220;MALLORCA&#8221;, real\u00e7ando a cultura local. Com o seu acabamento natural, \u00e9 ideal tanto como elemento decorativo como para uso pr\u00e1tico.<\/p>\n","protected":false},"featured_media":10370,"template":"","meta":{"_acf_changed":false},"product_brand":[],"product_cat":[513],"product_tag":[516],"class_list":{"0":"post-30146","1":"product","2":"type-product","3":"status-publish","4":"has-post-thumbnail","6":"product_cat-bols","7":"product_tag-animais","8":"pa_ciudad-mallorca","9":"pa_motivo-tartarugas","10":"pa_pais-espana","12":"first","13":"instock","14":"shipping-taxable","15":"product-type-simple"},"acf":[],"_links":{"self":[{"href":"https:\/\/olemosaic.com\/pt-pt\/wp-json\/wp\/v2\/product\/30146","targetHints":{"allow":["GET"]}}],"collection":[{"href":"https:\/\/olemosaic.com\/pt-pt\/wp-json\/wp\/v2\/product"}],"about":[{"href":"https:\/\/olemosaic.com\/pt-pt\/wp-json\/wp\/v2\/types\/product"}],"wp:featuredmedia":[{"embeddable":true,"href":"https:\/\/olemosaic.com\/pt-pt\/wp-json\/wp\/v2\/media\/10370"}],"wp:attachment":[{"href":"https:\/\/olemosaic.com\/pt-pt\/wp-json\/wp\/v2\/media?parent=30146"}],"wp:term":[{"taxonomy":"product_brand","embeddable":true,"href":"https:\/\/olemosaic.com\/pt-pt\/wp-json\/wp\/v2\/product_brand?post=30146"},{"taxonomy":"product_cat","embeddable":true,"href":"https:\/\/olemosaic.com\/pt-pt\/wp-json\/wp\/v2\/product_cat?post=30146"},{"taxonomy":"product_tag","embeddable":true,"href":"https:\/\/olemosaic.com\/pt-pt\/wp-json\/wp\/v2\/product_tag?post=30146"}],"curies":[{"name":"wp","href":"https:\/\/api.w.org\/{rel}","templated":true}]}}