{"id":30139,"date":"2025-02-20T23:30:43","date_gmt":"2025-02-20T22:30:43","guid":{"rendered":"http:\/\/olemosaic.com\/producto\/bol-de-coco-marron-delfin-barcelona-2\/"},"modified":"2025-07-25T19:56:37","modified_gmt":"2025-07-25T17:56:37","slug":"taca-de-coco-castanha-golfinho-barcelona-2","status":"publish","type":"product","link":"https:\/\/olemosaic.com\/pt-pt\/produto\/taca-de-coco-castanha-golfinho-barcelona-2\/","title":{"rendered":"Ta\u00e7a de coco castanha. Golfinho. Barcelona."},"content":{"rendered":"<p>Esta ta\u00e7a de coco castanha \u00e9 uma encantadora recorda\u00e7\u00e3o de Barcelona que funde funcionalidade e eleg\u00e2ncia num s\u00f3 objeto. Elaborada com um delicado mosaico decorativo, a ta\u00e7a apresenta dois golfinhos numa dan\u00e7a serena, simbolizando a liga\u00e7\u00e3o com as \u00e1guas do Mediterr\u00e2neo. A pe\u00e7a destaca-se pelo seu design pintado \u00e0 m\u00e3o, com tons castanhos e beges que evocam o calor da costa catal\u00e3.<\/p>\n<p>No centro da ta\u00e7a, a palavra &#8220;Barcelona&#8221; integra-se harmoniosamente, oferecendo um toque de identidade local que a torna uma recorda\u00e7\u00e3o representativa da vibrante cultura da cidade. A t\u00e9cnica de mosaico empregue no seu design n\u00e3o s\u00f3 real\u00e7a o seu apelo visual, como tamb\u00e9m reflete o rico patrim\u00f3nio artesanal da regi\u00e3o.<\/p>\n<p>Esta ta\u00e7a n\u00e3o \u00e9 apenas um objeto decorativo, mas tamb\u00e9m uma excelente op\u00e7\u00e3o funcional para apresentar aperitivos ou como centro de mesa. Como distribuidores de souvenirs por grosso na Ol\u00e9 Mosaic, oferecemos esta ta\u00e7a aut\u00eantica e tradicional, ideal para lojas de presentes tur\u00edsticos que procuram produtos com um forte v\u00ednculo cultural. Esta ta\u00e7a de coco com golfinhos \u00e9, sem d\u00favida, uma excelente recorda\u00e7\u00e3o para aqueles que desejam levar um peda\u00e7o de Barcelona para casa.<\/p>\n","protected":false},"excerpt":{"rendered":"<p>Ta\u00e7a de coco castanha elaborada com um delicado mosaico decorativo que mostra dois golfinhos numa dan\u00e7a serena. Esta atraente recorda\u00e7\u00e3o de Barcelona destaca-se pelo seu design artesanal, pintado \u00e0 m\u00e3o, que combina tons castanhos e beges evocadores das \u00e1guas mediterr\u00e2neas. No centro, a palavra &#8220;Barcelona&#8221; integra-se harmoniosamente, tornando esta ta\u00e7a um objeto funcional e decorativo, perfeito para recordar momentos especiais da cidade.<\/p>\n","protected":false},"featured_media":10366,"template":"","meta":{"_acf_changed":false},"product_brand":[],"product_cat":[513],"product_tag":[516],"class_list":{"0":"post-30139","1":"product","2":"type-product","3":"status-publish","4":"has-post-thumbnail","6":"product_cat-bols","7":"product_tag-animais","8":"pa_ciudad-barcelona","9":"pa_motivo-golfinhos","10":"pa_pais-espana","12":"first","13":"instock","14":"shipping-taxable","15":"product-type-simple"},"acf":[],"_links":{"self":[{"href":"https:\/\/olemosaic.com\/pt-pt\/wp-json\/wp\/v2\/product\/30139","targetHints":{"allow":["GET"]}}],"collection":[{"href":"https:\/\/olemosaic.com\/pt-pt\/wp-json\/wp\/v2\/product"}],"about":[{"href":"https:\/\/olemosaic.com\/pt-pt\/wp-json\/wp\/v2\/types\/product"}],"wp:featuredmedia":[{"embeddable":true,"href":"https:\/\/olemosaic.com\/pt-pt\/wp-json\/wp\/v2\/media\/10366"}],"wp:attachment":[{"href":"https:\/\/olemosaic.com\/pt-pt\/wp-json\/wp\/v2\/media?parent=30139"}],"wp:term":[{"taxonomy":"product_brand","embeddable":true,"href":"https:\/\/olemosaic.com\/pt-pt\/wp-json\/wp\/v2\/product_brand?post=30139"},{"taxonomy":"product_cat","embeddable":true,"href":"https:\/\/olemosaic.com\/pt-pt\/wp-json\/wp\/v2\/product_cat?post=30139"},{"taxonomy":"product_tag","embeddable":true,"href":"https:\/\/olemosaic.com\/pt-pt\/wp-json\/wp\/v2\/product_tag?post=30139"}],"curies":[{"name":"wp","href":"https:\/\/api.w.org\/{rel}","templated":true}]}}