{"id":30138,"date":"2025-02-20T22:30:43","date_gmt":"2025-02-20T22:30:43","guid":{"rendered":"http:\/\/olemosaic.com\/producto\/bol-de-coco-marron-caballito-de-mar-mallorca\/"},"modified":"2025-07-25T18:57:49","modified_gmt":"2025-07-25T16:57:49","slug":"taca-de-coco-castanha-cavalo-marinho-maiorca","status":"publish","type":"product","link":"https:\/\/olemosaic.com\/pt-pt\/produto\/taca-de-coco-castanha-cavalo-marinho-maiorca\/","title":{"rendered":"Ta\u00e7a de coco castanha. Cavalo-marinho. Maiorca."},"content":{"rendered":"<p>Esta ta\u00e7a de coco castanha \u00e9 um artigo encantador que captura a ess\u00eancia das \u00e1guas de Maiorca. Com um design exclusivo, esta recorda\u00e7\u00e3o apresenta um elegante cavalo-marinho, s\u00edmbolo da beleza marinha que rodeia a ilha. A superf\u00edcie da ta\u00e7a, decorada com tra\u00e7os dourados entrela\u00e7ados, cria uma textura \u00fanica que reflete a luz de forma cativante, oferecendo um aspeto artesanal e refinado. No interior, sobressai a inscri\u00e7\u00e3o \u201cMALLORCA\u201d, evocando as vibrantes paisagens costeiras e a rica cultura mediterr\u00e2nea.<\/p>\n<p>A combina\u00e7\u00e3o de cores terra e os brilhantes detalhes dourados tornam esta ta\u00e7a de coco um objeto tanto funcional como decorativo. \u00c9 perfeita para exibir no lar, acrescentando um toque de estilo insular a qualquer espa\u00e7o. Al\u00e9m disso, o seu design simboliza a liga\u00e7\u00e3o com a natureza, fazendo desta ta\u00e7a uma excelente recorda\u00e7\u00e3o para aqueles que desejam levar um peda\u00e7o da magia de Maiorca.<\/p>\n<p>Na Ol\u00e9 Mosaic, especializamo-nos na distribui\u00e7\u00e3o de recorda\u00e7\u00f5es por grosso, e esta pe\u00e7a \u00e9 uma op\u00e7\u00e3o ideal para lojas de presentes tur\u00edsticos que procuram oferecer aos seus clientes um produto aut\u00eantico e representativo das maravilhas da ilha. Esta ta\u00e7a de coco \u00e9 um aut\u00eantico tesouro que real\u00e7a a ess\u00eancia do encanto mediterr\u00e2nico e a criatividade artes\u00e3.<\/p>\n","protected":false},"excerpt":{"rendered":"<p>Ta\u00e7a de coco castanha com um design exclusivo que representa um cavalo-marinho, s\u00edmbolo das \u00e1guas maiorquinas. Este encantador artigo \u00e9 decorado com tra\u00e7os dourados sobre um fundo castanho claro, criando uma textura \u00fanica. No interior, destaca-se a inscri\u00e7\u00e3o &#8220;MALLORCA&#8221;, evocando o ambiente marinho da ilha. O seu acabamento art\u00edstico torna-a um souvenir ideal que captura a ess\u00eancia da cultura mediterr\u00e2nea.<\/p>\n","protected":false},"featured_media":10134,"template":"","meta":{"_acf_changed":false},"product_brand":[],"product_cat":[513],"product_tag":[516],"class_list":{"0":"post-30138","1":"product","2":"type-product","3":"status-publish","4":"has-post-thumbnail","6":"product_cat-bols","7":"product_tag-animais","8":"pa_ciudad-mallorca","9":"pa_motivo-cavalos-marinhos","10":"pa_pais-espana","12":"first","13":"instock","14":"shipping-taxable","15":"product-type-simple"},"acf":[],"_links":{"self":[{"href":"https:\/\/olemosaic.com\/pt-pt\/wp-json\/wp\/v2\/product\/30138","targetHints":{"allow":["GET"]}}],"collection":[{"href":"https:\/\/olemosaic.com\/pt-pt\/wp-json\/wp\/v2\/product"}],"about":[{"href":"https:\/\/olemosaic.com\/pt-pt\/wp-json\/wp\/v2\/types\/product"}],"wp:featuredmedia":[{"embeddable":true,"href":"https:\/\/olemosaic.com\/pt-pt\/wp-json\/wp\/v2\/media\/10134"}],"wp:attachment":[{"href":"https:\/\/olemosaic.com\/pt-pt\/wp-json\/wp\/v2\/media?parent=30138"}],"wp:term":[{"taxonomy":"product_brand","embeddable":true,"href":"https:\/\/olemosaic.com\/pt-pt\/wp-json\/wp\/v2\/product_brand?post=30138"},{"taxonomy":"product_cat","embeddable":true,"href":"https:\/\/olemosaic.com\/pt-pt\/wp-json\/wp\/v2\/product_cat?post=30138"},{"taxonomy":"product_tag","embeddable":true,"href":"https:\/\/olemosaic.com\/pt-pt\/wp-json\/wp\/v2\/product_tag?post=30138"}],"curies":[{"name":"wp","href":"https:\/\/api.w.org\/{rel}","templated":true}]}}